{"id":109,"date":"2019-08-23T13:41:47","date_gmt":"2019-08-23T11:41:47","guid":{"rendered":"http:\/\/tamaskan-vom-winterstein.de\/?page_id=109"},"modified":"2026-01-29T14:38:35","modified_gmt":"2026-01-29T13:38:35","slug":"uber-uns","status":"publish","type":"page","link":"http:\/\/tamaskan-vom-winterstein.de\/index.php\/uber-uns\/","title":{"rendered":"\u00dcber Uns"},"content":{"rendered":"\n<h2 class=\"wp-block-heading has-text-align-center\"><mark style=\"background-color:rgba(0, 0, 0, 0);color:#cf2e2e\" class=\"has-inline-color has-vivid-red-color\">HINWEIS:<\/mark><\/h2>\n\n\n\n<h2 class=\"wp-block-heading has-text-align-center\"><mark style=\"background-color:rgba(0, 0, 0, 0);color:#cf2e2e\" class=\"has-inline-color has-vivid-red-color\">Wir<\/mark> <mark style=\"background-color:rgba(0, 0, 0, 0); color:#CF2E2E;\" class=\"has-inline-color\">machen Zuchtpause. <\/mark><\/h2>\n\n\n\n<h2 class=\"wp-block-heading has-text-align-center\"><mark style=\"background-color:rgba(0, 0, 0, 0); color:#CF2E2E;\" class=\"has-inline-color\">Es ist<\/mark>&nbsp; <mark style=\"background-color:rgba(0, 0, 0, 0); color:#CF2E2E;\" class=\"has-inline-color\">aktuell kein Wurf geplant und wir nehmen zurzeit auch keine Welpenbewerbungen an.<\/mark><\/h2>\n\n\n\n<p class=\"has-text-align-center has-very-light-gray-color has-text-color has-background\" style=\"background-color:#5f9ea0\"><strong>Herzlich willkommen. Wir laden Sie ein, auf unseren Seiten zu st\u00f6bern und sich \u00fcber die Zucht der noch seltenen Hunderasse Tamaskan zu informieren<\/strong>. <\/p>\n\n\n<div class=\"wp-block-image is-style-default\">\n<figure class=\"aligncenter size-large\"><img loading=\"lazy\" decoding=\"async\" width=\"1024\" height=\"659\" src=\"http:\/\/tamaskan-vom-winterstein.de\/wp-content\/uploads\/2023\/11\/IMG_8803-1024x659.jpg\" alt=\"\" class=\"wp-image-1076\" srcset=\"http:\/\/tamaskan-vom-winterstein.de\/wp-content\/uploads\/2023\/11\/IMG_8803-1024x659.jpg 1024w, http:\/\/tamaskan-vom-winterstein.de\/wp-content\/uploads\/2023\/11\/IMG_8803-300x193.jpg 300w, http:\/\/tamaskan-vom-winterstein.de\/wp-content\/uploads\/2023\/11\/IMG_8803-768x495.jpg 768w, http:\/\/tamaskan-vom-winterstein.de\/wp-content\/uploads\/2023\/11\/IMG_8803-1536x989.jpg 1536w, http:\/\/tamaskan-vom-winterstein.de\/wp-content\/uploads\/2023\/11\/IMG_8803-2048x1319.jpg 2048w, http:\/\/tamaskan-vom-winterstein.de\/wp-content\/uploads\/2023\/11\/IMG_8803-93x60.jpg 93w\" sizes=\"(max-width: 1024px) 100vw, 1024px\" \/><\/figure><\/div>\n\n\n<p>Wir, Jaqueline und Rainer Kaletha, leben mit unseren Tieren in l\u00e4ndlicher Umgebung im Vordertaunus in unserem gem\u00fctlichen Schwedenhaus. Unser Hausberg ist der Winterstein, der unserem Kennel den Namen verliehen hat. <\/p>\n\n\n\n<p>Wir betreiben eine kleine, feine Hobbyzucht und sind nicht auf Masse mit vielen W\u00fcrfen ausgerichtet. Daher betr\u00e4gt die Wartezeit auf einen Welpen von uns etwa 2 Jahre. Die Gesundheit und Charaktereigenschaften beider Elterntiere stehen bei der Verpaarung f\u00fcr uns an erster Stelle. Aspekte der Epigenetik und Zuchtethik sind uns wichtiger, als Wettbewerbe und Showbesuche.<\/p>\n\n\n\n<hr class=\"wp-block-separator has-css-opacity\"\/>\n\n\n\n<div class=\"wp-block-columns is-layout-flex wp-container-core-columns-layout-1 wp-block-columns-is-layout-flex\">\n<div class=\"wp-block-column is-vertically-aligned-center is-layout-flow wp-block-column-is-layout-flow\"><div class=\"wp-block-image is-style-default\">\n<figure class=\"aligncenter size-large\"><img loading=\"lazy\" decoding=\"async\" width=\"768\" height=\"1024\" src=\"http:\/\/tamaskan-vom-winterstein.de\/wp-content\/uploads\/2023\/11\/image_editor_output_image-1354411823-1699991891430-768x1024.jpg\" alt=\"\" class=\"wp-image-1064\" srcset=\"http:\/\/tamaskan-vom-winterstein.de\/wp-content\/uploads\/2023\/11\/image_editor_output_image-1354411823-1699991891430-768x1024.jpg 768w, http:\/\/tamaskan-vom-winterstein.de\/wp-content\/uploads\/2023\/11\/image_editor_output_image-1354411823-1699991891430-225x300.jpg 225w, http:\/\/tamaskan-vom-winterstein.de\/wp-content\/uploads\/2023\/11\/image_editor_output_image-1354411823-1699991891430-45x60.jpg 45w, http:\/\/tamaskan-vom-winterstein.de\/wp-content\/uploads\/2023\/11\/image_editor_output_image-1354411823-1699991891430.jpg 1153w\" sizes=\"(max-width: 768px) 100vw, 768px\" \/><\/figure><\/div><\/div>\n\n\n\n<div class=\"wp-block-column is-vertically-aligned-center is-layout-flow wp-block-column-is-layout-flow\">\n<h2 class=\"wp-block-heading\">Jaqueline<\/h2>\n\n\n\n<p>&#8220;Mein Leben war immer begleitet von Tieren, haupts\u00e4chlich von Hunden und Katzen. Als Mutter von drei S\u00f6hnen und Gro\u00dfmutter von drei Enkelkindern wei\u00df ich, wie sch\u00f6n es ist, wenn Kinder mit Tieren aufwachsen. Durch die Trainerin meiner Berner Sennh\u00fcndin Xelia lernte ich zum ersten Mal Wolfhunde kennen und seither lie\u00df &nbsp;mich das Thema nicht mehr los. Es dauerte allerdings noch viele Jahre, bis ich es ernsthaft f\u00fcr mich realisieren konnte. Bei unserer Suche nach einem Wolfhund stie\u00dfen wir auf den Tamaskan. Ein Familienhund mit w\u00f6lfischem Aussehen, da wusste ich:&#8221;Das ist es.&#8221;<\/p>\n\n\n\n<p>Das Leben mit unseren Hunden macht mir soviel Freude, dass ich meine Erfahrungen als Z\u00fcchterin mit der fr\u00fchzeitigen Welpensozialisierung und den sp\u00e4teren Herausforderungen im Alltagsleben mit Hunden gerne an andere Hundehalter weitergeben m\u00f6chte. Daher habe ich nach vielen Seminaren als Hundehalterin selbst die Ausbildung zur zertifizierten Hundetrainerin und Hundeverhaltensberaterin absolviert. Die Pr\u00fcfung mit Zulassung als zertifizierte Hundetrainerin habe ich 2023 am Veterin\u00e4ramt Wetteraukreis abgelegt.<\/p>\n\n\n\n<p>Meine beruflichen Erfahrungen in der Arbeit mit Menschen in den&nbsp;Bereichen Pers\u00f6nlichkeitsentwicklung, Kommunikation Stressbew\u00e4ltigung, K\u00f6rperwahrnehmung und Entspannungstechniken flie\u00dfen in die Begleitung von Mensch-Hund-Teams ein und gew\u00e4hrleisten ein individuelles Coaching.<\/p>\n\n\n\n<p>Meine Kenntnisse durch Aus- und Weiterbildungen in den Bereichen Genetik, Zucht und Hundegesundheit habe ich mehrere Jahre im Committee of Breeders vom Tamaskan Dog Register eingebracht.<\/p>\n\n\n\n<p><\/p>\n<\/div>\n<\/div>\n\n\n\n<hr class=\"wp-block-separator has-css-opacity\"\/>\n\n\n\n<div class=\"wp-block-columns is-layout-flex wp-container-core-columns-layout-2 wp-block-columns-is-layout-flex\">\n<div class=\"wp-block-column is-vertically-aligned-center is-layout-flow wp-block-column-is-layout-flow\"><div class=\"wp-block-image is-style-default\">\n<figure class=\"aligncenter size-large\"><img loading=\"lazy\" decoding=\"async\" width=\"768\" height=\"1024\" src=\"http:\/\/tamaskan-vom-winterstein.de\/wp-content\/uploads\/2019\/08\/20180113_151357-e1567282490254-768x1024.jpg\" alt=\"\" class=\"wp-image-211\" srcset=\"http:\/\/tamaskan-vom-winterstein.de\/wp-content\/uploads\/2019\/08\/20180113_151357-e1567282490254-768x1024.jpg 768w, http:\/\/tamaskan-vom-winterstein.de\/wp-content\/uploads\/2019\/08\/20180113_151357-e1567282490254-225x300.jpg 225w\" sizes=\"(max-width: 768px) 100vw, 768px\" \/><\/figure><\/div><\/div>\n\n\n\n<div class=\"wp-block-column is-vertically-aligned-center is-layout-flow wp-block-column-is-layout-flow\">\n<h2 class=\"wp-block-heading\">Rainer<\/h2>\n\n\n\n<p>&#8220;Fast alles, was vier Beine hat, konnte bisher mein Herz erobern. Besonders hatten es mir Katzen angetan, die bereits seit meiner Kindheit im Elternhaus immer Teil unserer Familie waren. Durch Jaqueline habe ich sp\u00e4ter erfahren d\u00fcrfen, wie bereichernd das Leben auch mit Hunden sein kann. Ihre Erfahrungen im Umgang und in der Erziehung von Hunden haben mir unsere gemeinsame Entscheidung f\u00fcr einen Tamaskan sehr leicht gemacht. Diese Rasse ist einfach besonders und ich lerne jeden Tag mehr, ihre Art der Kommunikation zu verstehen. Inzwischen bereichern drei Tamaskane unser Leben, zwei davon aus unserer eigenen Zucht. Die Zeit der Tr\u00e4chtigkeit, die Geburt der Welpen begleiten zu d\u00fcrfen und ihre Entwicklung mitzuerleben sind ein gro\u00dfes Geschenk f\u00fcr mich.<\/p>\n\n\n\n<p>Ich freue mich mit befreundeten Tamaskanhaltern in unserem rustikalen eingez\u00e4unten Freizeitgrundst\u00fcck am Grillfeuer zu sitzen oder gemeinsam Hundewanderungen zu machen. Es ist so erf\u00fcllend f\u00fcr mich zu erleben, wie unsere erwachsenen Hunde und unsere Welpen sich entwickeln, und dass unsere M\u00fche ihrer sorgsamen und liebevollen Aufzucht tausendfach belohnt wird. Mit Jaqueline gemeinsam als Tamaskanz\u00fcchter genie\u00dfe ich diese sch\u00f6ne und spannende Zeit. &#8220;<\/p>\n<\/div>\n<\/div>\n","protected":false},"excerpt":{"rendered":"<p>HINWEIS: Wir machen Zuchtpause. Es ist&nbsp; aktuell kein Wurf geplant und wir nehmen zurzeit auch keine Welpenbewerbungen an. Herzlich willkommen. Wir laden Sie ein, auf &hellip; <\/p>\n","protected":false},"author":2,"featured_media":0,"parent":0,"menu_order":0,"comment_status":"closed","ping_status":"closed","template":"","meta":{"footnotes":""},"_links":{"self":[{"href":"http:\/\/tamaskan-vom-winterstein.de\/index.php\/wp-json\/wp\/v2\/pages\/109"}],"collection":[{"href":"http:\/\/tamaskan-vom-winterstein.de\/index.php\/wp-json\/wp\/v2\/pages"}],"about":[{"href":"http:\/\/tamaskan-vom-winterstein.de\/index.php\/wp-json\/wp\/v2\/types\/page"}],"author":[{"embeddable":true,"href":"http:\/\/tamaskan-vom-winterstein.de\/index.php\/wp-json\/wp\/v2\/users\/2"}],"replies":[{"embeddable":true,"href":"http:\/\/tamaskan-vom-winterstein.de\/index.php\/wp-json\/wp\/v2\/comments?post=109"}],"version-history":[{"count":32,"href":"http:\/\/tamaskan-vom-winterstein.de\/index.php\/wp-json\/wp\/v2\/pages\/109\/revisions"}],"predecessor-version":[{"id":1357,"href":"http:\/\/tamaskan-vom-winterstein.de\/index.php\/wp-json\/wp\/v2\/pages\/109\/revisions\/1357"}],"wp:attachment":[{"href":"http:\/\/tamaskan-vom-winterstein.de\/index.php\/wp-json\/wp\/v2\/media?parent=109"}],"curies":[{"name":"wp","href":"https:\/\/api.w.org\/{rel}","templated":true}]}}