{"id":111,"date":"2019-08-23T13:42:22","date_gmt":"2019-08-23T11:42:22","guid":{"rendered":"http:\/\/tamaskan-vom-winterstein.de\/?page_id=111"},"modified":"2022-03-14T14:22:40","modified_gmt":"2022-03-14T13:22:40","slug":"datenschutz","status":"publish","type":"page","link":"http:\/\/tamaskan-vom-winterstein.de\/index.php\/datenschutz\/","title":{"rendered":"Datenschutz"},"content":{"rendered":"\n<p><strong>Datenschutzerkl\u00e4rung<\/strong><\/p>\n\n\n\n<h2 class=\"wp-block-heading\"><strong>1. Name und Kontaktdaten des Verantwortlichen<\/strong><\/h2>\n\n\n\n<p>Diese Datenschutzerkl\u00e4rung informiert \u00fcber die Verarbeitung personenbezogener Daten auf der Webseite von Tamaskan vom Winterstein<br>Verantwortlich: <br>Jaqueline Kaletha, Habichtsweg 2, 61239 Ober-M\u00f6rlen<br>Telefon: +49 (0) 176-24 55 11 07<br>E-Mail-Adresse: <a href=\"mailto:info@tamaskan-vom-winterstein.de\">info@tamaskan-vom-winterstein.de<\/a><\/p>\n\n\n\n<h2 class=\"wp-block-heading\"><strong>2. Umfang und Zweck der Verarbeitung personenbezogener Daten<\/strong><\/h2>\n\n\n\n<h3 class=\"wp-block-heading\"><strong>2.1 Aufruf der Webseite <\/strong><\/h3>\n\n\n\n<p>Beim Aufruf der Webseite <br><a href=\"http:\/\/www.tamaskan-vom-winterstein.de\">www.tamaskan-vom-winterstein.de<\/a> werden durch den Internet-Browser, den der Besucher verwendet, automatisch Daten an den Server dieser Webseite gesendet und zeitlich begrenzt in einer Protokolldatei (Logfile) gespeichert. Bis zur automatischen L\u00f6schung werden nachstehende Daten ohne weitere Eingabe des Besuchers gespeichert:<\/p>\n\n\n\n<ul><li>IP-Adresse des Endger\u00e4ts des Besuchers,<\/li><li>Datum und Uhrzeit des Zugriffs durch den Besucher,<\/li><li>Name und URL der vom Besucher aufgerufenen Seite,<\/li><li>Webseite, von der aus der Besucher auf die kanzleiwebseite gelangt (sog. Referrer-URL),<\/li><li>Browser und Betriebssystem des Endger\u00e4ts des besuchers sowie der Name des vom Besucher <\/li><li>verwendeten Access-Providers.<\/li><\/ul>\n\n\n\n<p>Die Verarbeitung dieser personenbezogenen Daten ist gem. Art. 6 Abs. 1 Satz\n1 Buchst. f) DSGVO gerechtfertigt. Die Kanzlei hat ein berechtigtes Interesse\nan der Datenverarbeitung zu dem Zweck,<\/p>\n\n\n\n<ul><li>die Verbindung zur Webseite der Kanzlei z\u00fcgig aufzubauen,<\/li><li>eine nutzerfreundliche Anwendung der Webseite zu erm\u00f6glichen,<\/li><li>die Sicherheit und Stabilit\u00e4t der Systeme zu erkennen <\/li><li>und zu gew\u00e4hrleisten und die Administration der Webseite zu erleichtern und zu <\/li><li>verbessern.<\/li><\/ul>\n\n\n\n<p>Die Verarbeitung erfolgt ausdr\u00fccklich nicht zu dem\nZweck, Erkenntnisse \u00fcber die Person des Besuchers der Webseite zu gewinnen.<\/p>\n\n\n\n<p>Dies gilt ebenso f\u00fcr folgende Webseiten, welche bei Aufruf automatisch zur o.g. Website <br><a href=\"http:\/\/www.tamaskan-vom-winterstein.de\">www.tamaskan-vom-winterstein.de<\/a> f\u00fchren:<br><a href=\"http:\/\/www.tamaskan-vom-winterstein.com\">www.tamaskan-vom-winterstein.com<\/a><br><a href=\"http:\/\/www.tamaskan-vom-winterstein.net\">www.tamaskan-vom-winterstein.net<\/a><br><a href=\"http:\/\/www.woelfe-vom-winterstein.de\">www.woelfe-vom-winterstein.de<\/a><\/p>\n\n\n\n<h3 class=\"wp-block-heading\"><strong>2.2 Kontaktformular<\/strong><\/h3>\n\n\n\n<p>Besucher k\u00f6nnen \u00fcber ein Online-Kontaktformular auf der Webseite Nachrichten an uns \u00fcbermitteln. Um eine Antwort empfangen zu k\u00f6nnen, ist zumindest die Angabe einer g\u00fcltigen E-Mail-Adresse erforderlich. Alle weiteren Angaben kann die anfragende Person freiwillig geben. Mit Absenden der Nachricht \u00fcber das Kontaktformular willigt der Besucher in die Verarbeitung der \u00fcbermittelten personenbezogenen Daten ein. Die Datenverarbeitung erfolgt ausschlie\u00dflich zu dem Zweck der Abwicklung und Beantwor-tung von Anfragen \u00fcber das Kontaktformular. Dies geschieht auf Basis der freiwillig erteilten Einwilligung gem. Art. 6 Abs. 1 Satz 1 Buchst. a) DSGVO. Die f\u00fcr die Benutzung des Kontaktformulars erhobenen personenbezogenen Daten werden automatisch gel\u00f6scht, sobald die Anfrage erledigt ist und keine Gr\u00fcnde f\u00fcr eine weitere Aufbewahrung gegeben sind (z. B. anschlie\u00dfende Beauftragung unserer Kanzlei).<\/p>\n\n\n\n<h2 class=\"wp-block-heading\"><strong>3. Weitergabe von Daten<\/strong><\/h2>\n\n\n\n<p>Personenbezogene Daten werden an Dritte \u00fcbermittelt, <br> wenn<\/p>\n\n\n\n<ul><li>nach Art. 6 Abs. 1 Satz 1 Buchst. a) DSGVO durch die betroffene Person ausdr\u00fccklich dazu eingewilligt wurde,<\/li><li>f\u00fcr die Daten\u00fcbermittlung nach Art. 6 Abs. 1 Satz 1 Buchst. c) DSGVO eine gesetzliche Verpflichtung besteht, und\/oder<\/li><li>die Weitergabe nach Art. 6 Abs. 1 Buchst. f) DSGVO zur Geltendmachung, Aus\u00fcbung oder Verteidigung von Rechtsanspr\u00fcchen erforderlich ist und kein Grund zur Annahme besteht, dass die betroffene Person ein \u00fcberwiegendes schutzw\u00fcrdiges Interesse an der Nichtweitergabe ihrer Daten hat,<\/li><li>dies nach Art. 6 Abs. 1 Satz 1 Buchst. b) DSGVO f\u00fcr die Erf\u00fcllung eines Vertragsverh\u00e4ltnisses mit der betroffenen Person erforderlich ist.<\/li><\/ul>\n\n\n\n<p>In anderen F\u00e4llen werden personenbezogene Daten nicht an Dritte weitergegeben.<\/p>\n\n\n\n<h2 class=\"wp-block-heading\"><strong>4. Log-Files<\/strong><\/h2>\n\n\n\n<p>Unser Webserver erhebt und speichert Informationen, die Ihr Browser automatisch an uns \u00fcbermittelt, in sogenannten Log-Files. Dies sind: Browsertyp und-version, das verwendete Betriebssystem, die verweisende (Referrer) URL, IP-Adresse des zugreifenden Rechners und die Uhrzeit der Anfrage an den Server. Diese Daten sind keiner bestimmten Person zuzuordnen. Ein Abgleich oder eine Zusammenf\u00fchrung mit anderen Datenquellen erfolgt nicht. <br>Allerdings sind wir verpflichtet, bestimmten Beh\u00f6rden oder Organisationen auf deren Verlangen hin Ausk\u00fcnfte zu erteilen. Neben den Finanz- und Strafverfolgungsbeh\u00f6rden genie\u00dfen auch Verbraucher- und Wettbewerbsschutzverb\u00e4nde einen gesetzlichen Anspruch auf Datenherausgabe.<\/p>\n\n\n\n<h2 class=\"wp-block-heading\"><strong>5. Google Maps<\/strong><\/h2>\n\n\n\n<p>Unsere Website verwendet Landkarten des Dienstes \u201eGoogle Maps\u201c. Der Anbieter Google erhebt Daten \u00fcber die Besucher bei deren Nutzung dieser Landkarten. Dazu geh\u00f6ren IP-Adressen und gegebenenfalls Standortdaten, sofern hierzu die jeweilige Einwilligung des Nutzers vorliegt. N\u00e4here Informationen zur Datenverarbeitung sind in den Datenschutzhinweisen von Google hinterlegt. Hier befindet sich eine Opt-Out-Funktion: https:\/\/adsettings.google.com\/authenticated. <\/p>\n\n\n\n<h2 class=\"wp-block-heading\"><strong>6. Ihre Rechte als betroffene Person<\/strong><\/h2>\n\n\n\n<p>Soweit Ihre personenbezogenen Daten anl\u00e4sslich des Besuchs unserer Webseite verarbeitet werden, stehen Ihnen als \u201ebetroffene Person\u201c im Sinne der DSGVO folgende Rechte zu:<\/p>\n\n\n\n<h3 class=\"wp-block-heading\"><strong>6.1 Auskunft<\/strong><\/h3>\n\n\n\n<p>Sie k\u00f6nnen von uns Auskunft dar\u00fcber verlangen, ob personenbezogene Daten von Ihnen bei uns verarbeitet werden. Kein Auskunftsrecht besteht, wenn die Erteilung der begehrten Informationen gegen die Verschwiegenheitspflicht gem. \u00a7 83 StBerG versto\u00dfen w\u00fcrde oder die Informationen aus sonstigen Gr\u00fcnden, insbesondere wegen eines \u00fcberwiegenden berechtigten Interesses eines Dritten, geheim gehalten werden m\u00fcssen. Hiervon abweichend kann eine Pflicht zur Erteilung der Auskunft bestehen, wenn insbesondere unter Ber\u00fccksichtigung drohender Sch\u00e4den Ihre Interessen gegen-\u00fcber dem Geheimhaltungsinteresse \u00fcberwiegen. Das Auskunftsrecht ist ferner ausgeschlossen, wenn die Daten nur deshalb gespeichert sind, weil sie aufgrund gesetzlicher oder satzungsm\u00e4\u00dfiger Aufbewahrungsfristen nicht gel\u00f6scht werden d\u00fcrfen oder aus-schlie\u00dflich Zwecken der Datensicherung oder der Datenschutzkontrolle dienen, sofern die Auskunftserteilung einen unverh\u00e4ltnism\u00e4\u00dfig hohen Aufwand erfordern w\u00fcrde und die Verarbeitung zu anderen Zwecken durch geeignete technische und organisatorische Ma\u00dfnahmen ausgeschlossen ist. Sofern in Ihrem Fall das Auskunftsrecht nicht ausge-schlossen ist und Ihre personenbezogenen Daten von uns verarbeitet werden, k\u00f6nnen Sie von uns Auskunft \u00fcber folgende Informationen verlangen:<br><\/p>\n\n\n\n<ul><li>Zweck der Verarbeitung,<\/li><li>Kategorien der von Ihnen verarbeiteten personenbezogenen Daten,<\/li><li>Empf\u00e4nger oder Kategorien von Empf\u00e4ngern, gegen\u00fcber denen Ihre personenbezogenen Daten offen gelegt werden, insbesondere bei empf\u00e4ngern in Drittl\u00e4ndern,<\/li><li>falls m\u00f6glich die geplante Dauer, f\u00fcr die Ihre personenbezogenen Daten gespeichert werden oder, falls dies nicht m\u00f6glich ist, die Kriterien f\u00fcr die Festlegung der Speicher-dauer,<\/li><li>das Bestehen eines Rechts auf Berichtigung oder L\u00f6schung oder Einschr\u00e4nkung der Verarbeitung der Sie betreffenden personenbezogenen <\/li><\/ul>\n\n\n\n<p>&nbsp;\nDaten oder eines Wider-spruchsrechts gegen diese Verarbeitung,<\/p>\n\n\n\n<ul><li>das Bestehen eines Beschwerderechts bei einer Aufsichtsbeh\u00f6rde f\u00fcr den Daten-schutz,<\/li><li>sofern die personenbezogenen Daten nicht bei Ihnen als betroffene Person erhoben worden sind, die verf\u00fcgbaren Informationen \u00fcber die Datenherkunft,<\/li><li>ggf. das Bestehen einer automatisierten Entscheidungsfindung einschlie\u00dflich Profiling und aussagekr\u00e4ftige Informationen \u00fcber die involvierte logik sowie die Tragweite und angestrebten Auswirkungen automatisierter Entscheidungsfindungen,<\/li><li>ggf. im Fall der \u00dcbermittlung an Empf\u00e4nger in Drittl\u00e4nder, sofern kein Beschluss der EU-Kommission \u00fcber die Angemessenheit des schutzniveaus nach Art. 45 Abs. 3 DSGVO vorliegt, Informationen dar\u00fcber, welche geeigneten Garantien gem. Art. 46 Abs. 2 DSGVO zum schutze der personenbezogenen Daten vorgesehen sind.<\/li><\/ul>\n\n\n\n<h3 class=\"wp-block-heading\"><strong>6.2 Berichtigung und Vervollst\u00e4ndigung<\/strong><\/h3>\n\n\n\n<p>Sofern Sie feststellen, dass uns unrichtige personenbezogene Daten von Ihnen vorliegen, k\u00f6nnen Sie von uns die unverz\u00fcgliche Berichtigung dieser unrichtigen Daten verlangen. Bei unvollst\u00e4ndigen Sie betreffenden personenbezogenen Daten k\u00f6nnen Sie die Vervollst\u00e4ndigung verlangen.<br><\/p>\n\n\n\n<h3 class=\"wp-block-heading\"><strong>6.3 L\u00f6schung<\/strong><\/h3>\n\n\n\n<p>Sie haben ein Recht auf L\u00f6schung (\u201eRecht auf Vergessenwerden\u201c), sofern die Verarbeitung nicht zur Aus\u00fcbung des Rechts auf freie Meinungs\u00e4u\u00dferung, das Rechts auf Information oder zur Erf\u00fcllung einer rechtlichen Verpflichtung oder zur Wahrnehmung einer Aufgabe, die im \u00f6ffentlichen Interesse liegt, erforderlich ist und einer der nachstehenden Gr\u00fcnde zutrifft:<\/p>\n\n\n\n<ul><li>Die personenbezogenen Daten sind f\u00fcr die Zwecke, f\u00fcr die sie verarbeitet wurden, nicht mehr notwendig.<\/li><li>Die Rechtfertigungsgrundlage f\u00fcr die Verarbeitung war ausschlie\u00dflich Ihre Einwilli-gung, welche Sie widerrufen haben.<\/li><li>Sie haben Widerspruch gegen die Verarbeitung Ihrer personenbezogenen Daten eingelegt, die wir \u00f6ffentlich gemacht haben.<\/li><li>Sie haben Widerspruch gegen die Verarbeitung von uns nicht \u00f6ffentlich gemachter personenbezogener Daten eingelegt und es liegen keine <\/li><li>vorrangigen berechtigten Gr\u00fcnde f\u00fcr die Verarbeitung vor Ihre personenbezogenen Daten wurden unrechtm\u00e4\u00dfig verarbeitet.<\/li><li>Die L\u00f6schung der personenbezogenen Daten ist zur Erf\u00fcllung einer gesetzlichen Verpflichtung, der wir unterliegen, erforderlich. <\/li><\/ul>\n\n\n\n<p>Kein Anspruch auf L\u00f6schung besteht, wen die L\u00f6schung im Fall rechtm\u00e4\u00dfiger nicht automatisierter Datenverarbeitung wegen der besonderen Art der Speicherung nicht oder nur mit unverh\u00e4ltnism\u00e4\u00dfig hohem Aufwand m\u00f6glich und Ihr Interesse an der L\u00f6schung gering ist. In diesem Fall tritt an die Stelle der L\u00f6schung die Einschr\u00e4nkung der Verarbeitung.<br><\/p>\n\n\n\n<h3 class=\"wp-block-heading\"><strong>6.4 Einschr\u00e4nkung der Verarbeitung<\/strong><\/h3>\n\n\n\n<p>Sie k\u00f6nnen von uns die Einschr\u00e4nkung der Verarbeitung verlangen, wenn einer der nachstehenden Gr\u00fcnde zutrifft:<br><\/p>\n\n\n\n<ul><li>Sie bestreiten die Richtigkeit der personenbezogenen Daten. Die Einschr\u00e4nkung kann in diesem Fall f\u00fcr die Dauer verlangt werden, die es uns erm\u00f6glicht, die Richtigkeit der Daten zu \u00fcberpr\u00fcfen.<\/li><li>Die Verarbeitung ist unrechtm\u00e4\u00dfig und Sie verlangen statt L\u00f6schung die Einschr\u00e4n-kung der Nutzung Ihrer personenbezogenen Daten.<\/li><li>Ihre personenbezogenen Daten werden von uns nicht l\u00e4nger f\u00fcr die Zwecke der Verarbeitung ben\u00f6tigt, die Sie jedoch zur Geltendmachung, Aus\u00fcbung oder Verteidi-gung von Rechtsanspr\u00fcchen ben\u00f6tigen.<\/li><li>Sie haben Widerspruch gem. Art 21 Abs. 1 DSGVO eingelegt. Die Einschr\u00e4nkung der Verarbeitung kann solange verlangt werden, wie noch nicht feststeht, ob unsere berechtigten Gr\u00fcnde gegen\u00fcber Ihren Gr\u00fcnden \u00fcberwiegen.<\/li><\/ul>\n\n\n\n<p>Einschr\u00e4nkung der Verarbeitung bedeutet, dass die personenbezogenen Daten nur mit Ihrer Einwilligung oder zur Geltendmachung, Aus\u00fcbung oder Verteidigung von Rechtsan-spr\u00fcchen oder zum Schutz der Rechte einer anderen nat\u00fcrlichen oder juristischen Person oder aus Gr\u00fcnden eines wichtigen \u00f6ffentlichen Interesses verarbeitet werden. Bevor wir die Einschr\u00e4nkung aufheben, haben wir die Pflicht, Sie dar\u00fcber zu unterrichten.<\/p>\n\n\n\n<h3 class=\"wp-block-heading\"><strong>6.5 Daten\u00fcbertragbarkeit<\/strong><\/h3>\n\n\n\n<p>Sie haben ein Recht auf Daten\u00fcbertragbarkeit, sofern die Verarbeitung auf Ihrer Einwilli-gung (Art. 6 Abs. 1 Satz 1 Buchst. a) oder Art. 9 Abs. 2 Buchst. a) DSGVO) oder auf einem Vertrag beruht, dessen Vertragspartei Sie sind und die Verarbeitung mithilfe automati-sierter Verfahren erfolgt. Das Recht auf Daten\u00fcbertagbarkeit beinhaltet in diesem Fall folgende Rechte, sofern hierdurch nicht die Rechte und Freiheiten anderer Personen beeintr\u00e4chtigt werden: Sie k\u00f6nnen von uns verlangen, die personenbezogenen Daten, die Sie uns bereit gestellt haben, in einem strukturierten, g\u00e4ngigen und maschinenlesbaren Format zu erhalten. Sie haben das Recht, diese Daten einem anderen Verantwortlichen ohne Behinderung unserseits zu \u00fcbermitteln. Soweit technisch machbar, k\u00f6nnen Sie von uns verlangen, dass wir Ihre personenbezogenen Daten direkt an einen anderen Verantwortlichen \u00fcbermitteln.<br><\/p>\n\n\n\n<h3 class=\"wp-block-heading\"><strong>6.6 Widerspruch<\/strong><\/h3>\n\n\n\n<p>Sofern die Verarbeitung auf Art. 6 Abs. 1 Satz 1 Buchst e) DSGVO (Wahrnehmung einer Aufgabe im \u00f6ffentlichen Interesse oder in Aus\u00fcbung \u00f6ffentliche Gewalt) oder auf Art. 6 Abs. 1 Satz 1 Buchst. f) DSGVO (berechtigtes Interesse des Verantwortlichen oder eines Dritten) beruht, haben Sie das Recht, aus Gr\u00fcnden, die sich aus Ihrer besonderen Situation ergeben, jederzeit gegen die Verarbeitung der Sie betreffenden personenbezogenen Daten Widerspruch einzulegen. Das gilt auch f\u00fcr ein auf Art. 6 Abs. 1 Satz 1 Buchst. e) oder Buchst. f) DSGVO gest\u00fctztes Profiling. Nach Aus\u00fcbung des Widerspruchsrechts verarbeiten wir Ihre personenbezogenen Daten nicht mehr, es sei denn, wir k\u00f6nnen zwingende schutzw\u00fcrdige Gr\u00fcnde f\u00fcr die Verarbeitung nachweisen, die Ihre Interessen, Rechte und Freiheiten \u00fcberwiegen, oder die Verarbeitung dient der Geltendmachung, Aus\u00fcbung oder Verteidigung von Rechtsanspr\u00fcchen.<br> Sie k\u00f6nnen jederzeit Widerspruch gegen die Verarbeitung der Sie betreffenden perso-nenbezogenen Daten zu Zwecken der Direktwerbung einlegen. Das gilt auch f\u00fcr ein Pro-filing, das mit einer solchen Direktwerbung in Verbindung steht. Nach Aus\u00fcbung dieses Widerspruchsrechts werden wir die betreffenden personenbezogenen Daten nicht mehr f\u00fcr Zwecke der Direktwerbung verwenden.<br> Sie haben die M\u00f6glichkeit, den Widerspruch telefonisch, per E-Mail oder an unsere zu Beginn dieser Datenschutzerkl\u00e4rung aufgef\u00fchrte Postadresse unserer Kanzlei formlos mitzuteilen.<br><\/p>\n\n\n\n<h3 class=\"wp-block-heading\"><strong>6.7 Widerruf einer Einwilligung<\/strong><\/h3>\n\n\n\n<p>Sie haben das Recht, eine erteilte Einwilligung jederzeit mit Wirkung f\u00fcr die Zukunft zu widerrufen. Der Widerruf der Einwilligung kann telefonisch, per E-Mail oder an unsere Postadresse formlos mitgeteilt werden. Durch den Widerruf wird die Recht-m\u00e4\u00dfigkeit der Datenverarbeitung, die aufgrund der Einwilligung bis zum Eingang des Widerrufs erfolgt ist, nicht ber\u00fchrt. Nach Eingang des Widerrufs wird die Datenverarbeitung, die ausschlie\u00dflich auf Ihrer Einwilligung beruhte, eingestellt.<br><\/p>\n\n\n\n<h3 class=\"wp-block-heading\"><strong>6.8 Beschwerde<\/strong><\/h3>\n\n\n\n<p>Wenn Sie der Ansicht sind, dass die Verarbeitung der Sie betreffenden personenbezoge-nen Daten rechtswidrig ist, k\u00f6nnen Sie Beschwerde bei einer Aufsichtsbeh\u00f6rde f\u00fcr den Datenschutz einlegen, die f\u00fcr den Ort Ihres Aufenthalts oder Arbeitsplatzes oder f\u00fcr den Ort des mutma\u00dflichen Versto\u00dfes zust\u00e4ndig ist.<br><\/p>\n\n\n\n<h2 class=\"wp-block-heading\"><strong>7. Stand und Aktualisierung dieser Datenschutzerkl\u00e4rung<\/strong><\/h2>\n\n\n\n<p>Diese Datenschutzerkl\u00e4rung hat den Stand vom 25. Mai 2018. Wir behalten uns vor, die Datenschutzerkl\u00e4rung zu gegebener Zeit zu aktualisieren, um den Datenschutz zu verbessern und\/oder an ge\u00e4nderte Beh\u00f6rdenpraxis oder Rechtsprechung anzupassen.<br><\/p>\n\n\n\n<p><strong>Dieser Datenschutzerkl\u00e4rung <\/strong><br>Diese Datenschutzerkl\u00e4rung hat den Stand vom 25. Mai 2018. Wir behalten uns vor, die Datenschutzerkl\u00e4rung zu gegebener Zeit zu aktualisieren, um den Datenschutz zu verbessern und\/oder an ge\u00e4nderte Beh\u00f6rdenpraxis oder Rechtsprechung anzupassen.<br><\/p>\n","protected":false},"excerpt":{"rendered":"<p>Datenschutzerkl\u00e4rung 1. Name und Kontaktdaten des Verantwortlichen Diese Datenschutzerkl\u00e4rung informiert \u00fcber die Verarbeitung personenbezogener Daten auf der Webseite von Tamaskan vom WintersteinVerantwortlich: Jaqueline Kaletha, Habichtsweg &hellip; <\/p>\n","protected":false},"author":2,"featured_media":0,"parent":0,"menu_order":0,"comment_status":"closed","ping_status":"closed","template":"","meta":{"footnotes":""},"_links":{"self":[{"href":"http:\/\/tamaskan-vom-winterstein.de\/index.php\/wp-json\/wp\/v2\/pages\/111"}],"collection":[{"href":"http:\/\/tamaskan-vom-winterstein.de\/index.php\/wp-json\/wp\/v2\/pages"}],"about":[{"href":"http:\/\/tamaskan-vom-winterstein.de\/index.php\/wp-json\/wp\/v2\/types\/page"}],"author":[{"embeddable":true,"href":"http:\/\/tamaskan-vom-winterstein.de\/index.php\/wp-json\/wp\/v2\/users\/2"}],"replies":[{"embeddable":true,"href":"http:\/\/tamaskan-vom-winterstein.de\/index.php\/wp-json\/wp\/v2\/comments?post=111"}],"version-history":[{"count":0,"href":"http:\/\/tamaskan-vom-winterstein.de\/index.php\/wp-json\/wp\/v2\/pages\/111\/revisions"}],"wp:attachment":[{"href":"http:\/\/tamaskan-vom-winterstein.de\/index.php\/wp-json\/wp\/v2\/media?parent=111"}],"curies":[{"name":"wp","href":"https:\/\/api.w.org\/{rel}","templated":true}]}}