{"id":115,"date":"2019-08-23T13:47:09","date_gmt":"2019-08-23T11:47:09","guid":{"rendered":"http:\/\/tamaskan-vom-winterstein.de\/?page_id=115"},"modified":"2023-11-14T20:25:59","modified_gmt":"2023-11-14T19:25:59","slug":"rassebeschreibung-und-geschichte","status":"publish","type":"page","link":"http:\/\/tamaskan-vom-winterstein.de\/index.php\/rassebeschreibung-und-geschichte\/","title":{"rendered":"Rassebeschreibung und Geschichte"},"content":{"rendered":"\n<p>Der Name Tamaskan ist indianisch und bedeutet m\u00e4chtiger oder starker Wolf.<\/p>\n\n\n<div class=\"wp-block-image\">\n<figure class=\"aligncenter size-large\"><img loading=\"lazy\" decoding=\"async\" width=\"1024\" height=\"576\" src=\"http:\/\/tamaskan-vom-winterstein.de\/wp-content\/uploads\/2022\/03\/wp-1647034172042-1024x576.jpg\" alt=\"\" class=\"wp-image-680\" srcset=\"http:\/\/tamaskan-vom-winterstein.de\/wp-content\/uploads\/2022\/03\/wp-1647034172042-1024x576.jpg 1024w, http:\/\/tamaskan-vom-winterstein.de\/wp-content\/uploads\/2022\/03\/wp-1647034172042-300x169.jpg 300w, http:\/\/tamaskan-vom-winterstein.de\/wp-content\/uploads\/2022\/03\/wp-1647034172042-768x432.jpg 768w, http:\/\/tamaskan-vom-winterstein.de\/wp-content\/uploads\/2022\/03\/wp-1647034172042-1536x864.jpg 1536w, http:\/\/tamaskan-vom-winterstein.de\/wp-content\/uploads\/2022\/03\/wp-1647034172042.jpg 1920w\" sizes=\"(max-width: 1024px) 100vw, 1024px\" \/><\/figure><\/div>\n\n\n<h2 class=\"wp-block-heading\"><strong>Aussehen<\/strong><\/h2>\n\n\n\n<p>Der Tamaskan ist ein gro\u00dfer Hund mit wachem Blick und intelligentem Geist. <\/p>\n\n\n<div class=\"wp-block-image\">\n<figure class=\"aligncenter size-large\"><img loading=\"lazy\" decoding=\"async\" width=\"819\" height=\"1024\" src=\"http:\/\/tamaskan-vom-winterstein.de\/wp-content\/uploads\/2022\/03\/wp-1647034172070-819x1024.jpg\" alt=\"\" class=\"wp-image-676\" srcset=\"http:\/\/tamaskan-vom-winterstein.de\/wp-content\/uploads\/2022\/03\/wp-1647034172070-819x1024.jpg 819w, http:\/\/tamaskan-vom-winterstein.de\/wp-content\/uploads\/2022\/03\/wp-1647034172070-240x300.jpg 240w, http:\/\/tamaskan-vom-winterstein.de\/wp-content\/uploads\/2022\/03\/wp-1647034172070-768x960.jpg 768w, http:\/\/tamaskan-vom-winterstein.de\/wp-content\/uploads\/2022\/03\/wp-1647034172070.jpg 1080w\" sizes=\"(max-width: 819px) 100vw, 819px\" \/><\/figure><\/div>\n\n\n<p>Seine K\u00f6rperproportionen, Form und Bewegung \u00e4hneln denen eines Wolfes in Balance, Beweglichkeit und Ausdauer. <br \/>Frei, anmutig, leichtf\u00fc\u00dfig und sehr schnell bewegt der Tamaskan seinen gut gewachsenen K\u00f6rper mit aufgerichteten Ohren und langer buschiger Rute. <br \/>Mit seiner Haltung vermittelt er W\u00fcrde und Stolz. <\/p>\n\n\n<div class=\"wp-block-image\">\n<figure class=\"aligncenter\"><img loading=\"lazy\" decoding=\"async\" width=\"1600\" height=\"1066\" src=\"https:\/\/tamaskan-vom-winterstein.de\/wp-content\/uploads\/2019\/02\/8E7A9993-2_preview.jpeg.jpg\" alt=\"\" class=\"wp-image-86\" srcset=\"http:\/\/tamaskan-vom-winterstein.de\/wp-content\/uploads\/2019\/02\/8E7A9993-2_preview.jpeg.jpg 1600w, http:\/\/tamaskan-vom-winterstein.de\/wp-content\/uploads\/2019\/02\/8E7A9993-2_preview.jpeg-300x200.jpg 300w, http:\/\/tamaskan-vom-winterstein.de\/wp-content\/uploads\/2019\/02\/8E7A9993-2_preview.jpeg-768x512.jpg 768w, http:\/\/tamaskan-vom-winterstein.de\/wp-content\/uploads\/2019\/02\/8E7A9993-2_preview.jpeg-1024x682.jpg 1024w\" sizes=\"(max-width: 1600px) 100vw, 1600px\" \/><\/figure><\/div>\n\n<div class=\"wp-block-image\">\n<figure class=\"aligncenter size-large\"><img loading=\"lazy\" decoding=\"async\" width=\"1024\" height=\"682\" src=\"http:\/\/tamaskan-vom-winterstein.de\/wp-content\/uploads\/2019\/02\/8E7A9843-2_preview.jpeg-1024x682.jpg\" alt=\"\" class=\"wp-image-81\" srcset=\"http:\/\/tamaskan-vom-winterstein.de\/wp-content\/uploads\/2019\/02\/8E7A9843-2_preview.jpeg-1024x682.jpg 1024w, http:\/\/tamaskan-vom-winterstein.de\/wp-content\/uploads\/2019\/02\/8E7A9843-2_preview.jpeg-300x200.jpg 300w, http:\/\/tamaskan-vom-winterstein.de\/wp-content\/uploads\/2019\/02\/8E7A9843-2_preview.jpeg-768x512.jpg 768w, http:\/\/tamaskan-vom-winterstein.de\/wp-content\/uploads\/2019\/02\/8E7A9843-2_preview.jpeg.jpg 1600w\" sizes=\"(max-width: 1024px) 100vw, 1024px\" \/><\/figure><\/div>\n\n\n<p><br \/>Seine Augen zeugen von Neugier und geistiger Aufmerksamkeit, sein K\u00f6rper zeigt die Bereitschaft f\u00fcr k\u00f6rperliche Aktivit\u00e4t.<br \/>Ideale Widerristh\u00f6he: R\u00fcde: 63,5\u2013ca.74 cm \/ H\u00fcndin: 61\u201371 cm<br \/>Idealgewicht: R\u00fcde:&nbsp;32\u201350 kg \/ H\u00fcndin: 25\u201341 kg<\/p>\n\n\n\n<p>Das wetterbest\u00e4ndige Fell des Tamaskan ist gerade und mittellang. Das Deckfell ist von etwas gr\u00f6berer Struktur als die weiche Unterwolle. Je nach Schwankung des Klimas variiert die Menge der flauschigen Unterwolle.<\/p>\n\n\n<div class=\"wp-block-image\">\n<figure class=\"aligncenter size-large\"><img loading=\"lazy\" decoding=\"async\" width=\"1024\" height=\"683\" src=\"http:\/\/tamaskan-vom-winterstein.de\/wp-content\/uploads\/2018\/05\/8E7A9719-2_preview.jpeg-1024x683.jpg\" alt=\"\" class=\"wp-image-56\" srcset=\"http:\/\/tamaskan-vom-winterstein.de\/wp-content\/uploads\/2018\/05\/8E7A9719-2_preview.jpeg-1024x683.jpg 1024w, http:\/\/tamaskan-vom-winterstein.de\/wp-content\/uploads\/2018\/05\/8E7A9719-2_preview.jpeg-300x200.jpg 300w, http:\/\/tamaskan-vom-winterstein.de\/wp-content\/uploads\/2018\/05\/8E7A9719-2_preview.jpeg-768x512.jpg 768w, http:\/\/tamaskan-vom-winterstein.de\/wp-content\/uploads\/2018\/05\/8E7A9719-2_preview.jpeg.jpg 1600w\" sizes=\"(max-width: 1024px) 100vw, 1024px\" \/><\/figure><\/div>\n\n\n<p><br \/>Die Halskrause ist bei R\u00fcden meist ausgepr\u00e4gter als bei H\u00fcndinnen. <br \/>Die gew\u00fcnschten Fellfarben beim Tamaskan sind wolfsgrau, rot-grau und schwarz-grau. <br \/>Charakteristisch ist die Gesichtsmaske, welche unterschiedlich stark ausgepr\u00e4gt sein kann.<\/p>\n\n\n<div class=\"wp-block-image\">\n<figure class=\"aligncenter size-large\"><img loading=\"lazy\" decoding=\"async\" width=\"819\" height=\"1024\" src=\"http:\/\/tamaskan-vom-winterstein.de\/wp-content\/uploads\/2022\/03\/wp-1647034172104-819x1024.jpg\" alt=\"\" class=\"wp-image-678\" srcset=\"http:\/\/tamaskan-vom-winterstein.de\/wp-content\/uploads\/2022\/03\/wp-1647034172104-819x1024.jpg 819w, http:\/\/tamaskan-vom-winterstein.de\/wp-content\/uploads\/2022\/03\/wp-1647034172104-240x300.jpg 240w, http:\/\/tamaskan-vom-winterstein.de\/wp-content\/uploads\/2022\/03\/wp-1647034172104-768x960.jpg 768w, http:\/\/tamaskan-vom-winterstein.de\/wp-content\/uploads\/2022\/03\/wp-1647034172104.jpg 1080w\" sizes=\"(max-width: 819px) 100vw, 819px\" \/><\/figure><\/div>\n\n\n<p>Die mandelf\u00f6rmigen Augen sind mittelgro\u00df und weisen eine schwarze Pigmentierung an den Augenr\u00e4ndern auf. Die Augenfarbe reicht von goldgelb \u00fcber bernsteinfarben bis hin zu braun.<\/p>\n\n\n<div class=\"wp-block-image\">\n<figure class=\"aligncenter size-large\"><img loading=\"lazy\" decoding=\"async\" width=\"572\" height=\"182\" src=\"http:\/\/tamaskan-vom-winterstein.de\/wp-content\/uploads\/2022\/03\/wp-1647126703021.jpg\" alt=\"\" class=\"wp-image-759\" srcset=\"http:\/\/tamaskan-vom-winterstein.de\/wp-content\/uploads\/2022\/03\/wp-1647126703021.jpg 572w, http:\/\/tamaskan-vom-winterstein.de\/wp-content\/uploads\/2022\/03\/wp-1647126703021-300x95.jpg 300w\" sizes=\"(max-width: 572px) 100vw, 572px\" \/><\/figure><\/div>\n\n\n<p>Die Nase sollte schwarz und gr\u00f6\u00dfer als die Augen sein. Bei manchen Tamaskanen weist die Nase im Winter hellere Streifen auf, die sogenannte Schneenase. <\/p>\n\n\n\n<p>Die Lippen sind schwarz und enganliegend. Der Tamaskan sollte also keine h\u00e4ngenden Lefzen aufweisen.<br \/>Das vollst\u00e4ndige Scherengebiss weist 42 starke wei\u00dfe Z\u00e4hne auf. <\/p>\n\n\n<div class=\"wp-block-image\">\n<figure class=\"aligncenter size-large\"><img loading=\"lazy\" decoding=\"async\" width=\"1024\" height=\"727\" src=\"http:\/\/tamaskan-vom-winterstein.de\/wp-content\/uploads\/2019\/09\/IMG_8701_bearbeitet-1024x727.jpg\" alt=\"\" class=\"wp-image-281\" srcset=\"http:\/\/tamaskan-vom-winterstein.de\/wp-content\/uploads\/2019\/09\/IMG_8701_bearbeitet-1024x727.jpg 1024w, http:\/\/tamaskan-vom-winterstein.de\/wp-content\/uploads\/2019\/09\/IMG_8701_bearbeitet-300x213.jpg 300w, http:\/\/tamaskan-vom-winterstein.de\/wp-content\/uploads\/2019\/09\/IMG_8701_bearbeitet-768x545.jpg 768w, http:\/\/tamaskan-vom-winterstein.de\/wp-content\/uploads\/2019\/09\/IMG_8701_bearbeitet.jpg 1082w\" sizes=\"(max-width: 1024px) 100vw, 1024px\" \/><figcaption class=\"wp-element-caption\">Ein gesundes Scherengebiss ist Pflicht<\/figcaption><\/figure><\/div>\n\n\n<p>Die Rute ist tief angesetzt, gerade und voll. Sie hat die Form \u00e4hnlich einer Flaschenb\u00fcrste und reicht idealerweise bis zum Sprunggelenk, jedoch nicht dar\u00fcber hinaus. Die Schwanzspitze ist idealerweise komplett schwarz.<br \/>In der Ruhe sollte die Rute nach unten gehalten werden und gerade sein.  In der Bewegung oder bei Aufregung  kann sie aufrecht getragen werden.<\/p>\n\n\n<div class=\"wp-block-image\">\n<figure class=\"aligncenter size-large\"><img loading=\"lazy\" decoding=\"async\" width=\"1024\" height=\"973\" src=\"http:\/\/tamaskan-vom-winterstein.de\/wp-content\/uploads\/2019\/10\/20190110_174807-1024x973.jpg\" alt=\"\" class=\"wp-image-475\" srcset=\"http:\/\/tamaskan-vom-winterstein.de\/wp-content\/uploads\/2019\/10\/20190110_174807-1024x973.jpg 1024w, http:\/\/tamaskan-vom-winterstein.de\/wp-content\/uploads\/2019\/10\/20190110_174807-300x285.jpg 300w, http:\/\/tamaskan-vom-winterstein.de\/wp-content\/uploads\/2019\/10\/20190110_174807-768x730.jpg 768w, http:\/\/tamaskan-vom-winterstein.de\/wp-content\/uploads\/2019\/10\/20190110_174807.jpg 1751w\" sizes=\"(max-width: 1024px) 100vw, 1024px\" \/><figcaption class=\"wp-element-caption\">Die Rutenspitze soll schwarz sein.<\/figcaption><\/figure><\/div>\n\n\n<h2 class=\"wp-block-heading\"><strong>Temperament<\/strong><\/h2>\n\n\n\n<p>Der Tamaskan ist ein intelligenter, aufmerksamer und aktiver Familienhund mit einem freundlichen und aufgeschlossenen Wesen.<br \/>Seine anf\u00e4ngliche Skepsis in neuen Situationen und Begegnungen legt er meist schnell ab.  <br \/>Gerne zeigt der Tamaskan eine gewisse Eigenst\u00e4ndigkeit in seinem Denken und Handeln, er eignet sich jedoch nicht als Wachhund. <br \/>Seine Intelligenz, Lenkbarkeit und Eifer zu Lernen machen ihn zu einem angenehmen Begleiter.<\/p>\n\n\n<div class=\"wp-block-image\">\n<figure class=\"aligncenter size-large\"><img loading=\"lazy\" decoding=\"async\" width=\"900\" height=\"600\" src=\"http:\/\/tamaskan-vom-winterstein.de\/wp-content\/uploads\/2019\/02\/IMG_7929.jpg\" alt=\"\" class=\"wp-image-98\" srcset=\"http:\/\/tamaskan-vom-winterstein.de\/wp-content\/uploads\/2019\/02\/IMG_7929.jpg 900w, http:\/\/tamaskan-vom-winterstein.de\/wp-content\/uploads\/2019\/02\/IMG_7929-300x200.jpg 300w, http:\/\/tamaskan-vom-winterstein.de\/wp-content\/uploads\/2019\/02\/IMG_7929-768x512.jpg 768w\" sizes=\"(max-width: 900px) 100vw, 900px\" \/><figcaption class=\"wp-element-caption\">Erstes Treibball-Training<\/figcaption><\/figure><\/div>\n\n\n<p><br \/>Nach dem Fressen oder nach ausgiebigem Spaziergang und anderen Aktivit\u00e4ten nimmt sich der Tamaskan, \u00e4hnlich wie der Wolf, eine ausgedehnte Ruhepause.<\/p>\n\n\n<div class=\"wp-block-image\">\n<figure class=\"aligncenter size-large\"><img loading=\"lazy\" decoding=\"async\" width=\"1024\" height=\"768\" src=\"http:\/\/tamaskan-vom-winterstein.de\/wp-content\/uploads\/2022\/03\/wp-1647126412635-1024x768.jpg\" alt=\"\" class=\"wp-image-755\" srcset=\"http:\/\/tamaskan-vom-winterstein.de\/wp-content\/uploads\/2022\/03\/wp-1647126412635-1024x768.jpg 1024w, http:\/\/tamaskan-vom-winterstein.de\/wp-content\/uploads\/2022\/03\/wp-1647126412635-300x225.jpg 300w, http:\/\/tamaskan-vom-winterstein.de\/wp-content\/uploads\/2022\/03\/wp-1647126412635-768x576.jpg 768w, http:\/\/tamaskan-vom-winterstein.de\/wp-content\/uploads\/2022\/03\/wp-1647126412635-1536x1152.jpg 1536w, http:\/\/tamaskan-vom-winterstein.de\/wp-content\/uploads\/2022\/03\/wp-1647126412635.jpg 2000w\" sizes=\"(max-width: 1024px) 100vw, 1024px\" \/><figcaption class=\"wp-element-caption\">Einschlafposition wie der Urvater Wolf<\/figcaption><\/figure><\/div>\n\n\n<p>Abh\u00e4ngig vom Charakter des Hundes und den Ambitionen seiner Halter ist Hundesport mit einem Tamaskan ebenso m\u00f6glich wie Reitbegleitung oder die Ausbildung zum Therapie-oder Assistenzhund. Hierf\u00fcr ist es f\u00fcr uns als Z\u00fcchter unabdingbar die Charaktere der Welpen fr\u00fchzeitig professionell einsch\u00e4tzen zu lassen und sie den Familien entsprechend zuzuordnen. <\/p>\n\n\n\n<p><strong>Wichtiger Hinweis:<\/strong> Ob ein Tamaskan sich sp\u00e4ter wirklich zum Therapie-oder Assistenzhund eignet, k\u00f6nnen wir als Z\u00fcchter nicht zusagen. Sollte dieses Ziel ein Auswahlkriterium darstellen, so raten wir eher zu einer anderen Hunderasse, welche seit Generationen als f\u00fcr diese Aufgaben geeignet gilt und sich einen solchen Welpen von Z\u00fcchtern zu holen, welche auf diese Eignung hinarbeiten. <\/p>\n\n\n\n<p>Wie jeder Welpe oder Junghund braucht auch ein Tamaskan eine liebevolle Erziehung mit klaren Regeln in (s)einer Sprache, die er versteht. Konsequenz im positiven Sinne, Einf\u00fchlungsverm\u00f6gen und Geduld, jedoch niemals Unterdr\u00fcckung oder Gewalt. <\/p>\n\n\n<div class=\"wp-block-image\">\n<figure class=\"aligncenter size-large\"><img loading=\"lazy\" decoding=\"async\" width=\"768\" height=\"1024\" src=\"http:\/\/tamaskan-vom-winterstein.de\/wp-content\/uploads\/2022\/01\/wp-1642764587960-768x1024.jpg\" alt=\"\" class=\"wp-image-531\" srcset=\"http:\/\/tamaskan-vom-winterstein.de\/wp-content\/uploads\/2022\/01\/wp-1642764587960-768x1024.jpg 768w, http:\/\/tamaskan-vom-winterstein.de\/wp-content\/uploads\/2022\/01\/wp-1642764587960-225x300.jpg 225w, http:\/\/tamaskan-vom-winterstein.de\/wp-content\/uploads\/2022\/01\/wp-1642764587960-1152x1536.jpg 1152w, http:\/\/tamaskan-vom-winterstein.de\/wp-content\/uploads\/2022\/01\/wp-1642764587960.jpg 1200w\" sizes=\"(max-width: 768px) 100vw, 768px\" \/><figcaption class=\"wp-element-caption\">Lavena im Alter von 9 Wochen<\/figcaption><\/figure><\/div>\n\n\n<p>Als reifer Hund erweist sich ein gut erzogener Tamaskan durch W\u00fcrde und sanfte Zur\u00fcckhaltung als wundervoller Begleiter und kann fast \u00fcberall hin mitgenommen werden.<\/p>\n\n\n<div class=\"wp-block-image\">\n<figure class=\"aligncenter size-large\"><img loading=\"lazy\" decoding=\"async\" width=\"768\" height=\"1024\" src=\"http:\/\/tamaskan-vom-winterstein.de\/wp-content\/uploads\/2019\/10\/2019_09_15-J-und-N-Eschbacher-Klippen-768x1024.jpg\" alt=\"\" class=\"wp-image-465\" srcset=\"http:\/\/tamaskan-vom-winterstein.de\/wp-content\/uploads\/2019\/10\/2019_09_15-J-und-N-Eschbacher-Klippen-768x1024.jpg 768w, http:\/\/tamaskan-vom-winterstein.de\/wp-content\/uploads\/2019\/10\/2019_09_15-J-und-N-Eschbacher-Klippen-225x300.jpg 225w, http:\/\/tamaskan-vom-winterstein.de\/wp-content\/uploads\/2019\/10\/2019_09_15-J-und-N-Eschbacher-Klippen.jpg 1200w\" sizes=\"(max-width: 768px) 100vw, 768px\" \/><figcaption class=\"wp-element-caption\">Klettern in den Eschbacher Klippen und Wandern im Freilauf ohne Leine<\/figcaption><\/figure><\/div>\n\n\n<p><\/p>\n\n\n\n<h2 class=\"wp-block-heading\"><strong>Haltung<\/strong><\/h2>\n\n\n\n<p>Ein Tamaskan braucht die N\u00e4he und Zugeh\u00f6rigkeit zu seinem (Menschen-) Rudel und das m\u00f6glichst immer. <\/p>\n\n\n<div class=\"wp-block-image\">\n<figure class=\"aligncenter size-large\"><img loading=\"lazy\" decoding=\"async\" width=\"768\" height=\"1024\" src=\"http:\/\/tamaskan-vom-winterstein.de\/wp-content\/uploads\/2019\/08\/2018_08_24-WA0023_-Abendsonne-768x1024.jpg\" alt=\"\" class=\"wp-image-221\" srcset=\"http:\/\/tamaskan-vom-winterstein.de\/wp-content\/uploads\/2019\/08\/2018_08_24-WA0023_-Abendsonne-768x1024.jpg 768w, http:\/\/tamaskan-vom-winterstein.de\/wp-content\/uploads\/2019\/08\/2018_08_24-WA0023_-Abendsonne-225x300.jpg 225w, http:\/\/tamaskan-vom-winterstein.de\/wp-content\/uploads\/2019\/08\/2018_08_24-WA0023_-Abendsonne.jpg 1200w\" sizes=\"(max-width: 768px) 100vw, 768px\" \/><figcaption class=\"wp-element-caption\">Unzertrennlich<\/figcaption><\/figure><\/div>\n\n\n<p><br \/>Der Tamaskan ist ein intelligenter Hund, der schnell lernt durch Beobachten.<br \/>Seine Neugier und mitunter Eigensinn sind typisch. <br \/>Im Zusammenleben mit seinen Menschen braucht der Tamaskan Stabilit\u00e4t, Geduld und Ausdauer in der Vermittlung von Grenzen. <br \/>Er ist in der Lage kleinste Stimmungsschwankungen wahrzunehmen und kann ein Vielfaches mehr an Ver\u00e4nderung in der Gesichtsmimik seiner Halter erkennen als die meisten anderen Hunderassen. Daher ist es wichtig als Halter seine Klarheit, innere Ruhe und Souver\u00e4nit\u00e4t  zu bewahren. So kann der Tamaskan sich auf seinen Menschen verlassen und geht bereitwillig eine tiefe und vertrauensvolle Bindung zum ihm ein. <\/p>\n\n\n<div class=\"wp-block-image\">\n<figure class=\"aligncenter size-large\"><img loading=\"lazy\" decoding=\"async\" width=\"1024\" height=\"576\" src=\"http:\/\/tamaskan-vom-winterstein.de\/wp-content\/uploads\/2022\/03\/wp-1647034171916-1024x576.jpg\" alt=\"\" class=\"wp-image-675\" srcset=\"http:\/\/tamaskan-vom-winterstein.de\/wp-content\/uploads\/2022\/03\/wp-1647034171916-1024x576.jpg 1024w, http:\/\/tamaskan-vom-winterstein.de\/wp-content\/uploads\/2022\/03\/wp-1647034171916-300x169.jpg 300w, http:\/\/tamaskan-vom-winterstein.de\/wp-content\/uploads\/2022\/03\/wp-1647034171916-768x432.jpg 768w, http:\/\/tamaskan-vom-winterstein.de\/wp-content\/uploads\/2022\/03\/wp-1647034171916-1536x864.jpg 1536w, http:\/\/tamaskan-vom-winterstein.de\/wp-content\/uploads\/2022\/03\/wp-1647034171916.jpg 1920w\" sizes=\"(max-width: 1024px) 100vw, 1024px\" \/><\/figure><\/div>\n\n\n<p>Das alleine Bleiben zu Hause kann antrainiert werden. Es kann aber auch sein, dass dies trotz langem und ausdauerndem \u00dcben nicht gelingt. Auch mit einem Ersthund zusammen,  der das allein Bleiben im Haus beherrscht gibt es keine Garantie, dass der Tamaskan sich automatisch daran gew\u00f6hnt.  Idealerweise werden Tamaskane daher nur dann als Einzelhund gehalten, wenn 24\/7 eine Bezugsperson anwesend ist.<\/p>\n\n\n\n<p>Extreme k\u00f6rperliche Auslastung bis an die Grenzen ist nicht zwingend n\u00f6tig, jedoch sollten l\u00e4ngere Spazierg\u00e4nge und Wanderungen dem Forscher- und Bewegungsdrang eines Tamaskans gerecht werden. Hundesportarten wie Dogscooting, Mantrailing, Rally Obedience, aber auch Tricktraining usw. k\u00f6nnen gemeinsam mit einem Tamaskan viel Spa\u00df machen.<\/p>\n\n\n<div class=\"wp-block-image\">\n<figure class=\"aligncenter size-large\"><img loading=\"lazy\" decoding=\"async\" width=\"681\" height=\"1024\" src=\"http:\/\/tamaskan-vom-winterstein.de\/wp-content\/uploads\/2022\/03\/wp-1647133409579-1-681x1024.jpg\" alt=\"\" class=\"wp-image-790\" srcset=\"http:\/\/tamaskan-vom-winterstein.de\/wp-content\/uploads\/2022\/03\/wp-1647133409579-1-681x1024.jpg 681w, http:\/\/tamaskan-vom-winterstein.de\/wp-content\/uploads\/2022\/03\/wp-1647133409579-1-200x300.jpg 200w, http:\/\/tamaskan-vom-winterstein.de\/wp-content\/uploads\/2022\/03\/wp-1647133409579-1-768x1154.jpg 768w, http:\/\/tamaskan-vom-winterstein.de\/wp-content\/uploads\/2022\/03\/wp-1647133409579-1-1022x1536.jpg 1022w, http:\/\/tamaskan-vom-winterstein.de\/wp-content\/uploads\/2022\/03\/wp-1647133409579-1-scaled.jpg 1703w\" sizes=\"(max-width: 681px) 100vw, 681px\" \/><\/figure><\/div>\n\n\n<p>Viel wichtiger als seinen Tamaskan  k\u00f6rperlich &#8221; richtig auszulasten&#8221;, ist die geistige Auslastung durch Kopfarbeit \u00fcber Suchspiele, Konzentrationstraining, Ruhe\u00fcbungen, und h\u00fcndische Kommunikation im Alltag. <\/p>\n\n\n<div class=\"wp-block-image\">\n<figure class=\"aligncenter size-large\"><img loading=\"lazy\" decoding=\"async\" width=\"1024\" height=\"682\" src=\"http:\/\/tamaskan-vom-winterstein.de\/wp-content\/uploads\/2019\/02\/8E7A9326-2_preview.jpeg-1024x682.jpg\" alt=\"\" class=\"wp-image-87\" srcset=\"http:\/\/tamaskan-vom-winterstein.de\/wp-content\/uploads\/2019\/02\/8E7A9326-2_preview.jpeg-1024x682.jpg 1024w, http:\/\/tamaskan-vom-winterstein.de\/wp-content\/uploads\/2019\/02\/8E7A9326-2_preview.jpeg-300x200.jpg 300w, http:\/\/tamaskan-vom-winterstein.de\/wp-content\/uploads\/2019\/02\/8E7A9326-2_preview.jpeg-768x512.jpg 768w, http:\/\/tamaskan-vom-winterstein.de\/wp-content\/uploads\/2019\/02\/8E7A9326-2_preview.jpeg.jpg 1600w\" sizes=\"(max-width: 1024px) 100vw, 1024px\" \/><\/figure><\/div>\n\n\n<p><\/p>\n\n\n\n<p>Jagdtrieb ist bei fast allen Tamaskanen vorhanden. Dieser l\u00e4sst sich jedoch Mithilfe von gezieltem Training kontrollieren, so dass auch der Freilauf ohne Leine mit m\u00f6glich ist. Dies erfordert allerdings viel Zeit und konsequentes \u00dcben. <\/p>\n\n\n\n<p>Tamaskane heulen bereits als Welpe, wie andere nordische Rassen auch. Bellen ist weniger vorhanden und abh\u00e4ngig von der Erziehung und den Sozialkontakten mit anderen Hunden. Mit anderen Worten, der Tamaskan schaut auch hier von anderen Hunden ab und lernt. <\/p>\n\n\n\n<p><\/p>\n\n\n\n<p>Von Natur aus ist der Tamaskan kein Wachhund. Lebt er allerdings mit anderen wachsamen Hunden zusammen, kann er deren Verhaltensmerkmale \u00fcbernehmen.<\/p>\n\n\n\n<p>Wird der Tamaskan nicht seinen Bed\u00fcrfnissen entsprechend gehalten, wird ihm schnell langweilig und er macht Unsinn. Das kann bedeuten, dass er die Wohnung eigenst\u00e4ndig erforscht und umdekoriert. <br \/>Daher sind f\u00fcr m\u00f6gliche Zeiten der Abwesenheit immer ein Plan B und C n\u00f6tig.<br \/><\/p>\n\n\n\n<h2 class=\"wp-block-heading\"><strong>Die Geschichte des Tamaskan<\/strong><font _mstmutation=\"1\" _msthash=\"2\"><\/font><\/h2>\n\n\n\n<p>Der heutige Tamaskan hat f\u00fcr so eine junge Rasse eine lange und verworrene Geschichte. Die ausf\u00fchrliche Historie dazu ist <em>hier<\/em> nachzulesen.<\/p>\n\n\n\n<p>Wir beschreiben auf dieser Seite nur die Kurzfassung.<\/p>\n\n\n\n<p>Diese Geschichte begann In den fr\u00fchen 1980er Jahren, wo nordische Hunderassen unbekannter Herkunft aus Nordamerika (USA und Kanada) nach England importiert und dort weiter gez\u00fcchtet wurden. Ziel war es einen Familienhund mit w\u00f6lfischem Aussehen zu erhalten. Viele Versuche und Ideen wurden umgesetzt und wieder verworfen, leider mit zum Teil ungenauen Aufzeichnungen.<\/p>\n\n\n\n<p>Z\u00fcchtergruppen bildeten und trennten sich, verfolgten unterschiedliche Ziele und benannten ihre Hunde auch jeweils anders. So entstanden Zuchtlinien mit Namen wie unter Anderem Northern Inuit und Utonagan, welche es auch heute noch gibt.<\/p>\n\n\n\n<p><font _mstmutation=\"1\" _msthash=\"51433772\" _msttexthash=\"51433772\">Mit Nachkommen von Northern Inuits und Utonagans, sowie Nachkommen von Alaskan-Huskies aus Finnland gr\u00fcndete man 2012 eine eigene Rasse und benannte sie Tamaskan. Da hier die eigentliche Geschichte des heutigen Tamaskan beginnt, wird er auch oft als Rasse mit finnischem Ursprung bezeichnet, was nur zum Teil stimmt<\/font><\/p>\n\n\n\n<p><font _mstmutation=\"1\" _msthash=\"3\"><font _mstmutation=\"1\" _msthash=\"21265754\" _msttexthash=\"20546058\">Aufgrund der begrenzten Blutlinien wurden weiterhin Rassen wie Amerikanischer Wolfhund,  Tschechoslowakischer Wolfhund, Saarloos Wolfhund sowie Wei\u00dfe Schweizer Sch\u00e4ferhunde eingekreuzt.<\/font><font _mstmutation=\"1\" _msthash=\"4\"><\/font><\/font><\/p>\n\n\n\n<p>Im Sommer 2006 kam der erste Tamaskan, ein R\u00fcde nach Deutschland. Er verschwand aber bald darauf wieder ins Ausland und seine Spur verlor sich. In 2008 kam dann der erste im Land verbleibende R\u00fcde Sampo (Alba Rhudar, geboren 28.03.2008, verstorben 23.04.2021) nach Deutschland. <br \/>Im darauf folgenden Sommer 2009 folgte die erste Tamaskanh\u00fcndin, genannt Summer (Blustag Little Sunshine, geb. 04.Mai 2007, verstorben 04.08.2019)<br \/><font _mstmutation=\"1\" _msthash=\"1\"><font _mstmutation=\"1\" _msthash=\"0\"><\/font><\/font><\/p>\n\n\n\n<p>Aktuell gibt es laut Datenbank (Stand: Juli 2022) weltweit etwa 3.010 Tamaskane, davon knapp 300 Tiere in Deutschland. Weltweit sind knapp 30 R\u00fcden und rund 50 H\u00fcndinnen aktiv in der Zucht eingesetzt, davon etwa 15 aktiven Zuchth\u00fcndinnen in Deutschland.<font _mstmutation=\"1\" _msthash=\"5\"><\/font><\/p>\n\n\n\n<p>Um gesunde Hunde zu z\u00fcchten braucht es frisches Blut in den Linien. Der Genpool ist nach wie vor klein. Viele Tiere sind zu eng miteinander verwandt, was unter anderem \u00fcber sogenannte Outcross-Verpaarungen ausgeglichen wird.  <br \/>Dies ist ein wichtiger Beitrag zur Erhaltung und Entwicklung der Rasse Tamaskan.<br \/><\/p>\n\n\n<div class=\"wp-block-image\">\n<figure class=\"aligncenter size-large\"><img loading=\"lazy\" decoding=\"async\" width=\"1024\" height=\"682\" src=\"http:\/\/tamaskan-vom-winterstein.de\/wp-content\/uploads\/2019\/02\/8E7A9933-2_preview.jpeg-1024x682.jpg\" alt=\"\" class=\"wp-image-84\" srcset=\"http:\/\/tamaskan-vom-winterstein.de\/wp-content\/uploads\/2019\/02\/8E7A9933-2_preview.jpeg-1024x682.jpg 1024w, http:\/\/tamaskan-vom-winterstein.de\/wp-content\/uploads\/2019\/02\/8E7A9933-2_preview.jpeg-300x200.jpg 300w, http:\/\/tamaskan-vom-winterstein.de\/wp-content\/uploads\/2019\/02\/8E7A9933-2_preview.jpeg-768x512.jpg 768w, http:\/\/tamaskan-vom-winterstein.de\/wp-content\/uploads\/2019\/02\/8E7A9933-2_preview.jpeg.jpg 1600w\" sizes=\"(max-width: 1024px) 100vw, 1024px\" \/><\/figure><\/div>\n\n\n<p>Zuchtziel ist es, den Tamaskan als Familien- und Begleithund zu z\u00fcchten. Er sollte ein w\u00f6lfisches Aussehen haben, jedoch mit m\u00f6glichst wenig (unter 10%) oder keinem Wolfanteil.<br \/><\/p>\n","protected":false},"excerpt":{"rendered":"<p>Der Name Tamaskan ist indianisch und bedeutet m\u00e4chtiger oder starker Wolf. Aussehen Der Tamaskan ist ein gro\u00dfer Hund mit wachem Blick und intelligentem Geist. Seine &hellip; <\/p>\n","protected":false},"author":2,"featured_media":0,"parent":0,"menu_order":0,"comment_status":"closed","ping_status":"closed","template":"","meta":{"footnotes":""},"_links":{"self":[{"href":"http:\/\/tamaskan-vom-winterstein.de\/index.php\/wp-json\/wp\/v2\/pages\/115"}],"collection":[{"href":"http:\/\/tamaskan-vom-winterstein.de\/index.php\/wp-json\/wp\/v2\/pages"}],"about":[{"href":"http:\/\/tamaskan-vom-winterstein.de\/index.php\/wp-json\/wp\/v2\/types\/page"}],"author":[{"embeddable":true,"href":"http:\/\/tamaskan-vom-winterstein.de\/index.php\/wp-json\/wp\/v2\/users\/2"}],"replies":[{"embeddable":true,"href":"http:\/\/tamaskan-vom-winterstein.de\/index.php\/wp-json\/wp\/v2\/comments?post=115"}],"version-history":[{"count":5,"href":"http:\/\/tamaskan-vom-winterstein.de\/index.php\/wp-json\/wp\/v2\/pages\/115\/revisions"}],"predecessor-version":[{"id":1052,"href":"http:\/\/tamaskan-vom-winterstein.de\/index.php\/wp-json\/wp\/v2\/pages\/115\/revisions\/1052"}],"wp:attachment":[{"href":"http:\/\/tamaskan-vom-winterstein.de\/index.php\/wp-json\/wp\/v2\/media?parent=115"}],"curies":[{"name":"wp","href":"https:\/\/api.w.org\/{rel}","templated":true}]}}