{"id":156,"date":"2019-08-23T16:00:47","date_gmt":"2019-08-23T14:00:47","guid":{"rendered":"http:\/\/tamaskan-vom-winterstein.de\/?page_id=156"},"modified":"2025-05-12T20:29:15","modified_gmt":"2025-05-12T18:29:15","slug":"namida-nashoba-van-wolfvoorde-zuchthundin-im-ruhestand","status":"publish","type":"page","link":"http:\/\/tamaskan-vom-winterstein.de\/index.php\/namida-nashoba-van-wolfvoorde-zuchthundin-im-ruhestand\/","title":{"rendered":"Namida ( Nashoba van Wolfvoorde) &#8211; Zuchth\u00fcndin im Ruhestand"},"content":{"rendered":"<div class=\"wp-block-image\">\n<figure class=\"aligncenter size-full\"><img loading=\"lazy\" decoding=\"async\" width=\"4254\" height=\"2393\" src=\"http:\/\/tamaskan-vom-winterstein.de\/wp-content\/uploads\/2019\/08\/19-08-22_14-38-31_web.jpg\" alt=\"Namida geni\u00dft ihre Pausen im Gras\" class=\"wp-image-155\" srcset=\"http:\/\/tamaskan-vom-winterstein.de\/wp-content\/uploads\/2019\/08\/19-08-22_14-38-31_web.jpg 4254w, http:\/\/tamaskan-vom-winterstein.de\/wp-content\/uploads\/2019\/08\/19-08-22_14-38-31_web-300x169.jpg 300w, http:\/\/tamaskan-vom-winterstein.de\/wp-content\/uploads\/2019\/08\/19-08-22_14-38-31_web-768x432.jpg 768w, http:\/\/tamaskan-vom-winterstein.de\/wp-content\/uploads\/2019\/08\/19-08-22_14-38-31_web-1024x576.jpg 1024w\" sizes=\"(max-width: 4254px) 100vw, 4254px\" \/><figcaption class=\"wp-element-caption\">Namida genie\u00dft es im Gras zu liegen.<\/figcaption><\/figure><\/div>\n\n\n<h2 class=\"wp-block-heading\">Ihr Leben<\/h2>\n\n\n\n<div class=\"wp-block-columns is-layout-flex wp-container-core-columns-layout-1 wp-block-columns-is-layout-flex\">\n<div class=\"wp-block-column is-vertically-aligned-top is-layout-flow wp-block-column-is-layout-flow\">\n<p><strong>Namida<\/strong>, geb. 17.12.2017 kam als Welpe aus den Niederlanden von einem sehr guten Z\u00fcchter zu uns und wurde dort bereits bestens sozialisiert. Sie hat als Welpe Meerschweinchen, Ziegen, Katzen und Kinder kennen gelernt und lebt, seit sie bei uns ist, mit unserem alten Kater King im Haus.<\/p>\n\n\n\n<p>Wie haben ihr sehr fr\u00fch Gelegenheit gegeben unsere Welt und unseren Alltag mitzuerleben. Daher kennt sie Restaurantbesuche, Hotel- und Wohnmobilurlaub, Wochenmarkt, Fu\u00dfg\u00e4ngerzone und Stadtpark mit Enten, G\u00e4nsen usw.<\/p>\n\n\n\n<p><font _mstmutation=\"1\" _msthash=\"0\"><\/font><\/p>\n\n\n\n<p><\/p>\n<\/div>\n\n\n\n<div class=\"wp-block-column is-vertically-aligned-center is-layout-flow wp-block-column-is-layout-flow\"><div class=\"wp-block-image is-style-default\">\n<figure class=\"aligncenter size-large\"><img loading=\"lazy\" decoding=\"async\" width=\"1024\" height=\"577\" src=\"http:\/\/tamaskan-vom-winterstein.de\/wp-content\/uploads\/2019\/08\/2018_01_Namida-Ohren-stehen-5-Wochen-altFB_IMG_1516429847138-1024x577.jpg\" alt=\"\" class=\"wp-image-216\" srcset=\"http:\/\/tamaskan-vom-winterstein.de\/wp-content\/uploads\/2019\/08\/2018_01_Namida-Ohren-stehen-5-Wochen-altFB_IMG_1516429847138-1024x577.jpg 1024w, http:\/\/tamaskan-vom-winterstein.de\/wp-content\/uploads\/2019\/08\/2018_01_Namida-Ohren-stehen-5-Wochen-altFB_IMG_1516429847138-300x169.jpg 300w, http:\/\/tamaskan-vom-winterstein.de\/wp-content\/uploads\/2019\/08\/2018_01_Namida-Ohren-stehen-5-Wochen-altFB_IMG_1516429847138-768x433.jpg 768w, http:\/\/tamaskan-vom-winterstein.de\/wp-content\/uploads\/2019\/08\/2018_01_Namida-Ohren-stehen-5-Wochen-altFB_IMG_1516429847138.jpg 1135w\" sizes=\"(max-width: 1024px) 100vw, 1024px\" \/><figcaption class=\"wp-element-caption\">Namida, mit 5 Wochen stehen ihre \u00d6hrchen.  Nun schaut sie aus wie ein kleines W\u00f6lfchen.<\/figcaption><\/figure><\/div><\/div>\n<\/div>\n\n\n\n<div class=\"wp-block-columns is-layout-flex wp-container-core-columns-layout-2 wp-block-columns-is-layout-flex\">\n<div class=\"wp-block-column is-vertically-aligned-top is-layout-flow wp-block-column-is-layout-flow\">\n<p>Von Anfang an haben wir mit ihr Einzeltrainings gebucht und Hundeseminare besucht um Leinenf\u00fchrigkeit, Impulskontrolle, Freilauf und R\u00fcckruf, auch unter Ablenkung zu \u00fcben. Diese M\u00fche hat sich tausendfach gelohnt. Namida ist eine sehr eigenst\u00e4ndig denkende und gleichzeitig verspielte H\u00fcndin, die offen und freundlich auf jeden Menschen zugeht. Auch bei uns ist sie an Kinder und Katzen gew\u00f6hnt. Inzwischen lebt sie zusammen mit ihrer Tochter Lavena und mit unserem alten Kater King. Die vielen Gartenv\u00f6gel drau\u00dfen und Fische in unserem Teich sieht sie als Familienmitglieder an und hegt keine Jagdambitionen.<font _mstmutation=\"1\" _msthash=\"1\"><\/font><\/p>\n<\/div>\n\n\n\n<div class=\"wp-block-column is-vertically-aligned-center is-layout-flow wp-block-column-is-layout-flow\"><div class=\"wp-block-image is-style-default\">\n<figure class=\"aligncenter size-large\"><img loading=\"lazy\" decoding=\"async\" width=\"1024\" height=\"768\" src=\"http:\/\/tamaskan-vom-winterstein.de\/wp-content\/uploads\/2022\/03\/wp-1647126276778-1024x768.jpg\" alt=\"\" class=\"wp-image-752\" srcset=\"http:\/\/tamaskan-vom-winterstein.de\/wp-content\/uploads\/2022\/03\/wp-1647126276778-1024x768.jpg 1024w, http:\/\/tamaskan-vom-winterstein.de\/wp-content\/uploads\/2022\/03\/wp-1647126276778-300x225.jpg 300w, http:\/\/tamaskan-vom-winterstein.de\/wp-content\/uploads\/2022\/03\/wp-1647126276778-768x576.jpg 768w, http:\/\/tamaskan-vom-winterstein.de\/wp-content\/uploads\/2022\/03\/wp-1647126276778-1536x1152.jpg 1536w, http:\/\/tamaskan-vom-winterstein.de\/wp-content\/uploads\/2022\/03\/wp-1647126276778.jpg 2000w\" sizes=\"(max-width: 1024px) 100vw, 1024px\" \/><figcaption class=\"wp-element-caption\">Zu dritt das Sofa belagern und d\u00f6sen.<\/figcaption><\/figure><\/div><\/div>\n<\/div>\n\n\n\n<div class=\"wp-block-columns are-vertically-aligned-top is-layout-flex wp-container-core-columns-layout-3 wp-block-columns-is-layout-flex\">\n<div class=\"wp-block-column is-vertically-aligned-top is-layout-flow wp-block-column-is-layout-flow\"><div class=\"wp-block-image is-style-default\">\n<figure class=\"aligncenter size-large\"><img loading=\"lazy\" decoding=\"async\" width=\"1024\" height=\"768\" src=\"http:\/\/tamaskan-vom-winterstein.de\/wp-content\/uploads\/2019\/10\/IMG-20190824-WA0005-1024x768.jpg\" alt=\"\" class=\"wp-image-472\" srcset=\"http:\/\/tamaskan-vom-winterstein.de\/wp-content\/uploads\/2019\/10\/IMG-20190824-WA0005-1024x768.jpg 1024w, http:\/\/tamaskan-vom-winterstein.de\/wp-content\/uploads\/2019\/10\/IMG-20190824-WA0005-300x225.jpg 300w, http:\/\/tamaskan-vom-winterstein.de\/wp-content\/uploads\/2019\/10\/IMG-20190824-WA0005-768x576.jpg 768w, http:\/\/tamaskan-vom-winterstein.de\/wp-content\/uploads\/2019\/10\/IMG-20190824-WA0005.jpg 1600w\" sizes=\"(max-width: 1024px) 100vw, 1024px\" \/><figcaption class=\"wp-element-caption\">Entspannen mit dem besten Freund Loar.<\/figcaption><\/figure><\/div><\/div>\n\n\n\n<div class=\"wp-block-column is-vertically-aligned-top is-layout-flow wp-block-column-is-layout-flow\">\n<p>Im Haus ist Namida eher ruhig und genie\u00dft ausgiebiges Kuscheln. Sie ist gerne bereit f\u00fcr Kopfarbeit, Intelligenzspiele usw. Ihr Jagdinteresse ist gut zu handhaben. <\/p>\n<\/div>\n<\/div>\n\n\n\n<p>Namida ist ein indianischer Name und bedeutet \u201eDie mit den Sternen tanzt\u201c. Diesen Namen bekam sie von uns, weil sie als letzte von insgesamt 8 Welpen mit einiger Verz\u00f6gerung und zur \u00dcberraschung aller weit nach Mitternacht zur Welt kam.<\/p>\n\n\n\n<div class=\"wp-block-columns is-layout-flex wp-container-core-columns-layout-4 wp-block-columns-is-layout-flex\">\n<div class=\"wp-block-column is-layout-flow wp-block-column-is-layout-flow\">\n<figure class=\"wp-block-image size-large is-style-default\"><img loading=\"lazy\" decoding=\"async\" width=\"819\" height=\"1024\" src=\"http:\/\/tamaskan-vom-winterstein.de\/wp-content\/uploads\/2022\/03\/wp-1647034172128-819x1024.jpg\" alt=\"\" class=\"wp-image-684\" srcset=\"http:\/\/tamaskan-vom-winterstein.de\/wp-content\/uploads\/2022\/03\/wp-1647034172128-819x1024.jpg 819w, http:\/\/tamaskan-vom-winterstein.de\/wp-content\/uploads\/2022\/03\/wp-1647034172128-240x300.jpg 240w, http:\/\/tamaskan-vom-winterstein.de\/wp-content\/uploads\/2022\/03\/wp-1647034172128-768x960.jpg 768w, http:\/\/tamaskan-vom-winterstein.de\/wp-content\/uploads\/2022\/03\/wp-1647034172128.jpg 1080w\" sizes=\"(max-width: 819px) 100vw, 819px\" \/><\/figure>\n<\/div>\n\n\n\n<div class=\"wp-block-column is-layout-flow wp-block-column-is-layout-flow\">\n<figure class=\"wp-block-image size-large is-style-default\"><img loading=\"lazy\" decoding=\"async\" width=\"819\" height=\"1024\" src=\"http:\/\/tamaskan-vom-winterstein.de\/wp-content\/uploads\/2022\/03\/wp-1647034172058-819x1024.jpg\" alt=\"\" class=\"wp-image-677\" srcset=\"http:\/\/tamaskan-vom-winterstein.de\/wp-content\/uploads\/2022\/03\/wp-1647034172058-819x1024.jpg 819w, http:\/\/tamaskan-vom-winterstein.de\/wp-content\/uploads\/2022\/03\/wp-1647034172058-240x300.jpg 240w, http:\/\/tamaskan-vom-winterstein.de\/wp-content\/uploads\/2022\/03\/wp-1647034172058-768x960.jpg 768w, http:\/\/tamaskan-vom-winterstein.de\/wp-content\/uploads\/2022\/03\/wp-1647034172058.jpg 1080w\" sizes=\"(max-width: 819px) 100vw, 819px\" \/><figcaption class=\"wp-element-caption\">Am liebsten stromert sie mit uns durch die nahe gelegenen Felder und Wiesen, was auch ohne Leine m\u00f6glich ist.<\/figcaption><\/figure>\n<\/div>\n<\/div>\n\n\n\n<h2 class=\"wp-block-heading\">Ihre Abenteuer<\/h2>\n\n\n\n<p>Im Alter von 4 Monaten erhielt Namida das Angebot \u00fcber ein Fotoshooting f\u00fcr das Monatsblatt im Jahreskalender &#8220;Fellfarben&#8221;.<\/p>\n\n\n<div class=\"wp-block-image\">\n<figure class=\"aligncenter size-large\"><img loading=\"lazy\" decoding=\"async\" width=\"1024\" height=\"683\" src=\"http:\/\/tamaskan-vom-winterstein.de\/wp-content\/uploads\/2019\/10\/8E7A9872_preview.jpeg-1024x683.jpg\" alt=\"\" class=\"wp-image-478\" srcset=\"http:\/\/tamaskan-vom-winterstein.de\/wp-content\/uploads\/2019\/10\/8E7A9872_preview.jpeg-1024x683.jpg 1024w, http:\/\/tamaskan-vom-winterstein.de\/wp-content\/uploads\/2019\/10\/8E7A9872_preview.jpeg-300x200.jpg 300w, http:\/\/tamaskan-vom-winterstein.de\/wp-content\/uploads\/2019\/10\/8E7A9872_preview.jpeg-768x512.jpg 768w, http:\/\/tamaskan-vom-winterstein.de\/wp-content\/uploads\/2019\/10\/8E7A9872_preview.jpeg.jpg 1600w\" sizes=\"(max-width: 1024px) 100vw, 1024px\" \/><figcaption class=\"wp-element-caption\">Fotoshooting am Rheinufer <\/figcaption><\/figure><\/div>\n\n\n<p>Im <a data-type=\"URL\" data-id=\"https:\/\/www.facebook.com\/permalink.php?story_fbid=938101713418273&amp;id=237105746851210\" href=\"https:\/\/www.facebook.com\/permalink.php?story_fbid=938101713418273&amp;id=237105746851210\" target=\"_blank\" rel=\"noreferrer noopener\">August 2021<\/a><font _mstmutation=\"1\" _msthash=\"21991567\" _msttexthash=\"19617026\"> erreichte uns die Anfrage nach einer Rolle f\u00fcr Namida als Filmwolf f\u00fcr den TV Sender ARTE. Die Ausstrahlung der Dokureihe \u00fcber die Domestizierung  unterschiedlicher Tierarten ist bei ARTE f\u00fcr <\/font><font _mstmutation=\"1\" _msthash=\"186407\" _msttexthash=\"158392\">2022 geplant<\/font><font _mstmutation=\"1\" _msthash=\"4190\" _msttexthash=\"4186\">.<\/font><\/p>\n\n\n\n<p><a href=\"https:\/\/westendtv.com\/project\/die-geschichte-von-mensch-und-tier\/\">https:\/\/westendtv.com\/project\/die-geschichte-von-mensch-und-tier\/<\/a><\/p>\n\n\n\n<p><a href=\"https:\/\/www.fnp.de\/lokales\/wetteraukreis\/ober-moerlen\/ober-moerlen-huendin-namida-tritt-als-wolf-im-fernsehen-auf-91823639.html\">https:\/\/www.fnp.de\/lokales\/wetteraukreis\/ober-moerlen\/ober-moerlen-huendin-namida-tritt-als-wolf-im-fernsehen-auf-91823639.html<\/a><\/p>\n\n\n\n<p><a href=\"https:\/\/m.facebook.com\/WetterauerZeitung\/posts\/5910076042337252\/?force_faceweb=true&amp;wtsid=rdr_05aahAmZfA6ojCQi2#\">https:\/\/m.facebook.com\/WetterauerZeitung\/posts\/5910076042337252\/?force_faceweb=true&amp;wtsid=rdr_05aahAmZfA6ojCQi2#<\/a><\/p>\n\n\n\n<p><\/p>\n\n\n\n<div class=\"wp-block-columns is-layout-flex wp-container-core-columns-layout-5 wp-block-columns-is-layout-flex\">\n<div class=\"wp-block-column is-vertically-aligned-center is-layout-flow wp-block-column-is-layout-flow\"><div class=\"wp-block-image is-style-default\">\n<figure class=\"aligncenter size-large\"><img loading=\"lazy\" decoding=\"async\" width=\"1024\" height=\"683\" src=\"http:\/\/tamaskan-vom-winterstein.de\/wp-content\/uploads\/2022\/03\/wp-1647122078354-1024x683.jpg\" alt=\"\" class=\"wp-image-726\" srcset=\"http:\/\/tamaskan-vom-winterstein.de\/wp-content\/uploads\/2022\/03\/wp-1647122078354-1024x683.jpg 1024w, http:\/\/tamaskan-vom-winterstein.de\/wp-content\/uploads\/2022\/03\/wp-1647122078354-300x200.jpg 300w, http:\/\/tamaskan-vom-winterstein.de\/wp-content\/uploads\/2022\/03\/wp-1647122078354-768x512.jpg 768w, http:\/\/tamaskan-vom-winterstein.de\/wp-content\/uploads\/2022\/03\/wp-1647122078354-1536x1025.jpg 1536w, http:\/\/tamaskan-vom-winterstein.de\/wp-content\/uploads\/2022\/03\/wp-1647122078354-2048x1366.jpg 2048w\" sizes=\"(max-width: 1024px) 100vw, 1024px\" \/><figcaption class=\"wp-element-caption\"> Filmszene mit Namida als Filmwolf in der Steinzeit. <\/figcaption><\/figure><\/div><\/div>\n\n\n\n<div class=\"wp-block-column is-layout-flow wp-block-column-is-layout-flow\"><div class=\"wp-block-image is-style-default\">\n<figure class=\"aligncenter size-large\"><img loading=\"lazy\" decoding=\"async\" width=\"1024\" height=\"683\" src=\"http:\/\/tamaskan-vom-winterstein.de\/wp-content\/uploads\/2022\/03\/wp-1647122078544-1024x683.jpg\" alt=\"\" class=\"wp-image-740\" srcset=\"http:\/\/tamaskan-vom-winterstein.de\/wp-content\/uploads\/2022\/03\/wp-1647122078544-1024x683.jpg 1024w, http:\/\/tamaskan-vom-winterstein.de\/wp-content\/uploads\/2022\/03\/wp-1647122078544-300x200.jpg 300w, http:\/\/tamaskan-vom-winterstein.de\/wp-content\/uploads\/2022\/03\/wp-1647122078544-768x512.jpg 768w, http:\/\/tamaskan-vom-winterstein.de\/wp-content\/uploads\/2022\/03\/wp-1647122078544-1536x1025.jpg 1536w, http:\/\/tamaskan-vom-winterstein.de\/wp-content\/uploads\/2022\/03\/wp-1647122078544-2048x1366.jpg 2048w\" sizes=\"(max-width: 1024px) 100vw, 1024px\" \/><figcaption class=\"wp-element-caption\"> Vor der Kamera<\/figcaption><\/figure><\/div><\/div>\n<\/div>\n\n\n\n<p>Ihre Anerkennung als Tamaskan und als Zuchth\u00fcndin <\/p>\n\n\n\n<p>Namida ist als Tamaskan registriert im<\/p>\n\n\n\n<ul class=\"wp-block-list\">\n<li>ITR Internationalen Tamaskan Register<\/li>\n\n\n\n<li>NTC Niederl\u00e4ndischen Tamaskan Club<\/li>\n\n\n\n<li>Tamaskan Germany e.V.<\/li>\n\n\n\n<li><a rel=\"noreferrer noopener\" data-type=\"URL\" data-id=\"https:\/\/www.tamaskandogregister.com\/female\/nashoba-van-wolfvoorde\/\" href=\"https:\/\/www.tamaskandogregister.com\/female\/nashoba-van-wolfvoorde\/\" target=\"_blank\">TDR Tamaskan Dog Register<\/a><\/li>\n\n\n\n<li><a data-type=\"URL\" data-id=\"http:\/\/wolflookalike.com\/dogs\/99139998321745253\" rel=\"noreferrer noopener\" href=\"http:\/\/wolflookalike.com\/dogs\/99139998321745253\" target=\"_blank\">Tamaskan Database<\/a><\/li>\n<\/ul>\n\n\n\n<div class=\"wp-block-columns are-vertically-aligned-center is-layout-flex wp-container-core-columns-layout-6 wp-block-columns-is-layout-flex\">\n<div class=\"wp-block-column is-vertically-aligned-center is-layout-flow wp-block-column-is-layout-flow\"><div class=\"wp-block-image\">\n<figure class=\"aligncenter size-large\"><img loading=\"lazy\" decoding=\"async\" width=\"773\" height=\"1024\" src=\"http:\/\/tamaskan-vom-winterstein.de\/wp-content\/uploads\/2019\/10\/2019_10_21_Zertifikat-Registrierung-Namida-ITR-773x1024.jpg\" alt=\"\" class=\"wp-image-463\" srcset=\"http:\/\/tamaskan-vom-winterstein.de\/wp-content\/uploads\/2019\/10\/2019_10_21_Zertifikat-Registrierung-Namida-ITR-773x1024.jpg 773w, http:\/\/tamaskan-vom-winterstein.de\/wp-content\/uploads\/2019\/10\/2019_10_21_Zertifikat-Registrierung-Namida-ITR-226x300.jpg 226w, http:\/\/tamaskan-vom-winterstein.de\/wp-content\/uploads\/2019\/10\/2019_10_21_Zertifikat-Registrierung-Namida-ITR-768x1017.jpg 768w\" sizes=\"(max-width: 773px) 100vw, 773px\" \/><figcaption class=\"wp-element-caption\">ITR Registrierung<\/figcaption><\/figure><\/div><\/div>\n\n\n\n<div class=\"wp-block-column is-vertically-aligned-center is-layout-flow wp-block-column-is-layout-flow\"><div class=\"wp-block-image\">\n<figure class=\"aligncenter size-large\"><img loading=\"lazy\" decoding=\"async\" width=\"724\" height=\"1024\" src=\"http:\/\/tamaskan-vom-winterstein.de\/wp-content\/uploads\/2019\/10\/2019_10_21_TDR-Registrierung-Namida-724x1024.jpg\" alt=\"\" class=\"wp-image-462\" srcset=\"http:\/\/tamaskan-vom-winterstein.de\/wp-content\/uploads\/2019\/10\/2019_10_21_TDR-Registrierung-Namida-724x1024.jpg 724w, http:\/\/tamaskan-vom-winterstein.de\/wp-content\/uploads\/2019\/10\/2019_10_21_TDR-Registrierung-Namida-212x300.jpg 212w, http:\/\/tamaskan-vom-winterstein.de\/wp-content\/uploads\/2019\/10\/2019_10_21_TDR-Registrierung-Namida-768x1086.jpg 768w\" sizes=\"(max-width: 724px) 100vw, 724px\" \/><figcaption class=\"wp-element-caption\">TDR Registrierung<\/figcaption><\/figure><\/div><\/div>\n\n\n\n<div class=\"wp-block-column is-vertically-aligned-center is-layout-flow wp-block-column-is-layout-flow\"><div class=\"wp-block-image\">\n<figure class=\"aligncenter size-large\"><img loading=\"lazy\" decoding=\"async\" width=\"729\" height=\"1024\" src=\"http:\/\/tamaskan-vom-winterstein.de\/wp-content\/uploads\/2019\/10\/2019_10_21_Zertifikat-Namida-NTC-729x1024.jpg\" alt=\"\" class=\"wp-image-461\" srcset=\"http:\/\/tamaskan-vom-winterstein.de\/wp-content\/uploads\/2019\/10\/2019_10_21_Zertifikat-Namida-NTC-729x1024.jpg 729w, http:\/\/tamaskan-vom-winterstein.de\/wp-content\/uploads\/2019\/10\/2019_10_21_Zertifikat-Namida-NTC-213x300.jpg 213w, http:\/\/tamaskan-vom-winterstein.de\/wp-content\/uploads\/2019\/10\/2019_10_21_Zertifikat-Namida-NTC-768x1079.jpg 768w\" sizes=\"(max-width: 729px) 100vw, 729px\" \/><figcaption class=\"wp-element-caption\">NTC Registrierung<\/figcaption><\/figure><\/div><\/div>\n<\/div>\n\n\n\n<h2 class=\"wp-block-heading\">Gesundheit<\/h2>\n\n\n\n<ul class=\"wp-block-list\">\n<li>HD: B1<\/li>\n\n\n\n<li>ED: 0<\/li>\n\n\n\n<li>DM: frei<\/li>\n\n\n\n<li>Augenuntersuchung nach EVCO und Gonioskopie: frei ( aktualisert in 2023)<\/li>\n\n\n\n<li>Zwergenwuchs: frei<\/li>\n\n\n\n<li>MDR1: frei<\/li>\n\n\n\n<li>Fellfarbe\/ Piebalt: kein Piebalt<\/li>\n\n\n\n<li><a data-type=\"URL\" data-id=\"https:\/\/my.embarkvet.com\/dog\/namida\" href=\"https:\/\/my.embarkvet.com\/dog\/namida\" target=\"_blank\" rel=\"noreferrer noopener\">Embark Link<\/a><\/li>\n<\/ul>\n\n\n\n<p><\/p>\n\n\n\n<p>Im September 2023 ging Namida in den Ruhestand als Zuchth\u00fcndin. Eine Geb\u00e4rmuttervereiterung durchkreuzte unsere Pl\u00e4ne einen zweiten Wurf mit ihr zu haben. Sie ist und bleibt der Grundstein der Tamaskane vom Winterstein. Nun umsorgt sie als liebevolle Oma ihren kleinen Enkel Makaio. Ihre ruhige und souver\u00e4ne Art ist eine gro\u00dfe Bereicherung f\u00fcr unser Rudel. <\/p>\n\n\n\n<figure class=\"wp-block-image size-large\"><img loading=\"lazy\" decoding=\"async\" width=\"768\" height=\"1024\" src=\"http:\/\/tamaskan-vom-winterstein.de\/wp-content\/uploads\/2024\/04\/img-20240407-wa00114594911654754904670-768x1024.jpg\" alt=\"\" class=\"wp-image-1252\" srcset=\"http:\/\/tamaskan-vom-winterstein.de\/wp-content\/uploads\/2024\/04\/img-20240407-wa00114594911654754904670-768x1024.jpg 768w, http:\/\/tamaskan-vom-winterstein.de\/wp-content\/uploads\/2024\/04\/img-20240407-wa00114594911654754904670-225x300.jpg 225w, http:\/\/tamaskan-vom-winterstein.de\/wp-content\/uploads\/2024\/04\/img-20240407-wa00114594911654754904670-1152x1536.jpg 1152w, http:\/\/tamaskan-vom-winterstein.de\/wp-content\/uploads\/2024\/04\/img-20240407-wa00114594911654754904670-45x60.jpg 45w, http:\/\/tamaskan-vom-winterstein.de\/wp-content\/uploads\/2024\/04\/img-20240407-wa00114594911654754904670.jpg 1500w\" sizes=\"(max-width: 768px) 100vw, 768px\" \/><\/figure>\n\n\n\n<figure class=\"wp-block-image\"><img loading=\"lazy\" decoding=\"async\" width=\"768\" height=\"1024\" src=\"https:\/\/tamaskan-vom-winterstein.de\/wp-content\/uploads\/2024\/04\/img-20240404-wa00128070125004234168422-768x1024.jpg\" alt=\"\" class=\"wp-image-1253\" srcset=\"http:\/\/tamaskan-vom-winterstein.de\/wp-content\/uploads\/2024\/04\/img-20240404-wa00128070125004234168422-768x1024.jpg 768w, http:\/\/tamaskan-vom-winterstein.de\/wp-content\/uploads\/2024\/04\/img-20240404-wa00128070125004234168422-225x300.jpg 225w, http:\/\/tamaskan-vom-winterstein.de\/wp-content\/uploads\/2024\/04\/img-20240404-wa00128070125004234168422-1152x1536.jpg 1152w, http:\/\/tamaskan-vom-winterstein.de\/wp-content\/uploads\/2024\/04\/img-20240404-wa00128070125004234168422-45x60.jpg 45w, http:\/\/tamaskan-vom-winterstein.de\/wp-content\/uploads\/2024\/04\/img-20240404-wa00128070125004234168422.jpg 1500w\" sizes=\"(max-width: 768px) 100vw, 768px\" \/><\/figure>\n","protected":false},"excerpt":{"rendered":"<p>Ihr Leben Namida, geb. 17.12.2017 kam als Welpe aus den Niederlanden von einem sehr guten Z\u00fcchter zu uns und wurde dort bereits bestens sozialisiert. Sie &hellip; <\/p>\n","protected":false},"author":2,"featured_media":0,"parent":0,"menu_order":0,"comment_status":"closed","ping_status":"closed","template":"","meta":{"footnotes":""},"_links":{"self":[{"href":"http:\/\/tamaskan-vom-winterstein.de\/index.php\/wp-json\/wp\/v2\/pages\/156"}],"collection":[{"href":"http:\/\/tamaskan-vom-winterstein.de\/index.php\/wp-json\/wp\/v2\/pages"}],"about":[{"href":"http:\/\/tamaskan-vom-winterstein.de\/index.php\/wp-json\/wp\/v2\/types\/page"}],"author":[{"embeddable":true,"href":"http:\/\/tamaskan-vom-winterstein.de\/index.php\/wp-json\/wp\/v2\/users\/2"}],"replies":[{"embeddable":true,"href":"http:\/\/tamaskan-vom-winterstein.de\/index.php\/wp-json\/wp\/v2\/comments?post=156"}],"version-history":[{"count":19,"href":"http:\/\/tamaskan-vom-winterstein.de\/index.php\/wp-json\/wp\/v2\/pages\/156\/revisions"}],"predecessor-version":[{"id":1334,"href":"http:\/\/tamaskan-vom-winterstein.de\/index.php\/wp-json\/wp\/v2\/pages\/156\/revisions\/1334"}],"wp:attachment":[{"href":"http:\/\/tamaskan-vom-winterstein.de\/index.php\/wp-json\/wp\/v2\/media?parent=156"}],"curies":[{"name":"wp","href":"https:\/\/api.w.org\/{rel}","templated":true}]}}