{"id":293,"date":"2019-09-21T21:40:13","date_gmt":"2019-09-21T19:40:13","guid":{"rendered":"http:\/\/tamaskan-vom-winterstein.de\/?page_id=293"},"modified":"2026-01-29T14:30:47","modified_gmt":"2026-01-29T13:30:47","slug":"gesundheit-und-zucht","status":"publish","type":"page","link":"http:\/\/tamaskan-vom-winterstein.de\/index.php\/gesundheit-und-zucht\/","title":{"rendered":"Gesundheit und Zucht"},"content":{"rendered":"<div class=\"wp-block-image\">\n<figure class=\"aligncenter size-large\"><img loading=\"lazy\" decoding=\"async\" width=\"1024\" height=\"737\" src=\"http:\/\/tamaskan-vom-winterstein.de\/wp-content\/uploads\/2022\/03\/wp-1646578135793-1024x737.jpg\" alt=\"\" class=\"wp-image-661\" srcset=\"http:\/\/tamaskan-vom-winterstein.de\/wp-content\/uploads\/2022\/03\/wp-1646578135793-1024x737.jpg 1024w, http:\/\/tamaskan-vom-winterstein.de\/wp-content\/uploads\/2022\/03\/wp-1646578135793-300x216.jpg 300w, http:\/\/tamaskan-vom-winterstein.de\/wp-content\/uploads\/2022\/03\/wp-1646578135793-768x552.jpg 768w, http:\/\/tamaskan-vom-winterstein.de\/wp-content\/uploads\/2022\/03\/wp-1646578135793-1536x1105.jpg 1536w, http:\/\/tamaskan-vom-winterstein.de\/wp-content\/uploads\/2022\/03\/wp-1646578135793.jpg 1600w\" sizes=\"(max-width: 1024px) 100vw, 1024px\" \/><figcaption class=\"wp-element-caption\">Namida mit ihren 10 Welpen<\/figcaption><\/figure><\/div>\n\n\n<p>Wir z\u00fcchten unsere Tamaskane aus Freude und zur Erhaltung und Verbesserung der Rasse. <br \/>Die Elterntiere sind in erster Linie Familienmitglieder, unsere Welpen wachsen in der Familie zusammen mit anderen Tieren im Haus und Garten auf und haben Kontakt mit Kindern. <\/p>\n\n\n<div class=\"wp-block-image\">\n<figure class=\"aligncenter size-large\"><img loading=\"lazy\" decoding=\"async\" width=\"1024\" height=\"917\" src=\"http:\/\/tamaskan-vom-winterstein.de\/wp-content\/uploads\/2022\/03\/wp-1647039092284-1024x917.jpg\" alt=\"\" class=\"wp-image-707\" srcset=\"http:\/\/tamaskan-vom-winterstein.de\/wp-content\/uploads\/2022\/03\/wp-1647039092284-1024x917.jpg 1024w, http:\/\/tamaskan-vom-winterstein.de\/wp-content\/uploads\/2022\/03\/wp-1647039092284-300x269.jpg 300w, http:\/\/tamaskan-vom-winterstein.de\/wp-content\/uploads\/2022\/03\/wp-1647039092284-768x687.jpg 768w, http:\/\/tamaskan-vom-winterstein.de\/wp-content\/uploads\/2022\/03\/wp-1647039092284-1536x1375.jpg 1536w, http:\/\/tamaskan-vom-winterstein.de\/wp-content\/uploads\/2022\/03\/wp-1647039092284-2048x1833.jpg 2048w\" sizes=\"(max-width: 1024px) 100vw, 1024px\" \/><figcaption class=\"wp-element-caption\">Der Garten wird erkundet<\/figcaption><\/figure><\/div>\n\n\n<p>Die fr\u00fche neurologische Stimulation (ENS) ist der Start in unser Welpen-F\u00f6rderprogramm. Die Kleinen werden ganz behutsam an k\u00f6rperliche Reize, Ber\u00fchrungen, R\u00fcckenlage, Umdrehen, verschiedene Untergr\u00fcnde usw. herangef\u00fchrt. Dies f\u00f6rdert die sp\u00e4tere Stabilit\u00e4t im Umgang mit unbekannten Situationen und Umgebungen.<\/p>\n\n\n\n<figure class=\"wp-block-image size-large\"><img loading=\"lazy\" decoding=\"async\" width=\"1024\" height=\"1024\" src=\"http:\/\/tamaskan-vom-winterstein.de\/wp-content\/uploads\/2023\/11\/wp-16999964223965826384568375404732-1024x1024.jpg\" alt=\"\" class=\"wp-image-1096\" srcset=\"http:\/\/tamaskan-vom-winterstein.de\/wp-content\/uploads\/2023\/11\/wp-16999964223965826384568375404732-1024x1024.jpg 1024w, http:\/\/tamaskan-vom-winterstein.de\/wp-content\/uploads\/2023\/11\/wp-16999964223965826384568375404732-300x300.jpg 300w, http:\/\/tamaskan-vom-winterstein.de\/wp-content\/uploads\/2023\/11\/wp-16999964223965826384568375404732-150x150.jpg 150w, http:\/\/tamaskan-vom-winterstein.de\/wp-content\/uploads\/2023\/11\/wp-16999964223965826384568375404732-768x768.jpg 768w, http:\/\/tamaskan-vom-winterstein.de\/wp-content\/uploads\/2023\/11\/wp-16999964223965826384568375404732-1536x1536.jpg 1536w, http:\/\/tamaskan-vom-winterstein.de\/wp-content\/uploads\/2023\/11\/wp-16999964223965826384568375404732-2048x2048.jpg 2048w, http:\/\/tamaskan-vom-winterstein.de\/wp-content\/uploads\/2023\/11\/wp-16999964223965826384568375404732-60x60.jpg 60w\" sizes=\"(max-width: 1024px) 100vw, 1024px\" \/><\/figure>\n\n\n\n<figure class=\"wp-block-image\"><img loading=\"lazy\" decoding=\"async\" width=\"2560\" height=\"2560\" src=\"https:\/\/tamaskan-vom-winterstein.de\/wp-content\/uploads\/2023\/11\/wp-16999964221385647725856399149137-scaled.jpg\" alt=\"\" class=\"wp-image-1097\" srcset=\"http:\/\/tamaskan-vom-winterstein.de\/wp-content\/uploads\/2023\/11\/wp-16999964221385647725856399149137-scaled.jpg 2560w, http:\/\/tamaskan-vom-winterstein.de\/wp-content\/uploads\/2023\/11\/wp-16999964221385647725856399149137-300x300.jpg 300w, http:\/\/tamaskan-vom-winterstein.de\/wp-content\/uploads\/2023\/11\/wp-16999964221385647725856399149137-1024x1024.jpg 1024w, http:\/\/tamaskan-vom-winterstein.de\/wp-content\/uploads\/2023\/11\/wp-16999964221385647725856399149137-150x150.jpg 150w, http:\/\/tamaskan-vom-winterstein.de\/wp-content\/uploads\/2023\/11\/wp-16999964221385647725856399149137-768x768.jpg 768w, http:\/\/tamaskan-vom-winterstein.de\/wp-content\/uploads\/2023\/11\/wp-16999964221385647725856399149137-1536x1536.jpg 1536w, http:\/\/tamaskan-vom-winterstein.de\/wp-content\/uploads\/2023\/11\/wp-16999964221385647725856399149137-2048x2048.jpg 2048w, http:\/\/tamaskan-vom-winterstein.de\/wp-content\/uploads\/2023\/11\/wp-16999964221385647725856399149137-60x60.jpg 60w\" sizes=\"(max-width: 2560px) 100vw, 2560px\" \/><\/figure>\n\n\n\n<p>Wir bringen unsere Welpen von Anbeginn mit unterschiedlichen Alltagsger\u00e4uschen, wie Staubsauger, Waschmaschine, K\u00fcchenger\u00e4ten in Kontakt. Bald geht es auch raus, zun\u00e4chst in den Garten, dort h\u00f6ren und sehen sie auch mal einen Rasenm\u00e4her vom Nachbarn, Traktoren auf den Feldern und es bellen andere Hunde. Sowohl im Haus als auch im Au\u00dfengel\u00e4nde stellen wir den Welpen einen Spielplatz bereit. Durch Klettern, Balancieren,  Laufen auf unterschiedlichen Untergr\u00fcnden wie Sand, Steine, Gummi, Gras usw. werden wichtige Erfahrungen f\u00fcr sp\u00e4ter eingepr\u00e4gt. Spielsachen, die Ger\u00e4usche machen oder sich bewegen regen die Neugierde und den Mut an, Neues zu probieren. Hierbei zeichnet sich bereits ab, wer die Nase vorne hat und wer sich an seinen Geschwistern orientiert, oder wer gar erst mal nur zuschaut. <\/p>\n\n\n\n<p><\/p>\n\n\n<div class=\"wp-block-image\">\n<figure class=\"aligncenter size-large\"><img loading=\"lazy\" decoding=\"async\" width=\"768\" height=\"1024\" src=\"http:\/\/tamaskan-vom-winterstein.de\/wp-content\/uploads\/2022\/03\/wp-1647038514771-768x1024.jpg\" alt=\"\" class=\"wp-image-698\" srcset=\"http:\/\/tamaskan-vom-winterstein.de\/wp-content\/uploads\/2022\/03\/wp-1647038514771-768x1024.jpg 768w, http:\/\/tamaskan-vom-winterstein.de\/wp-content\/uploads\/2022\/03\/wp-1647038514771-225x300.jpg 225w, http:\/\/tamaskan-vom-winterstein.de\/wp-content\/uploads\/2022\/03\/wp-1647038514771-1152x1536.jpg 1152w, http:\/\/tamaskan-vom-winterstein.de\/wp-content\/uploads\/2022\/03\/wp-1647038514771.jpg 1200w\" sizes=\"(max-width: 768px) 100vw, 768px\" \/><figcaption class=\"wp-element-caption\">Unterwegs mit dem Welpenbuggy<\/figcaption><\/figure><\/div>\n\n\n<p>Erste kurze Ausfl\u00fcge finden statt mit dem Auto ins n\u00e4chst gelegene St\u00e4dtchen. Dort gehen wir mit den Welpen einkaufen im Tierladen, Baumarkt oder einfach das Geschehen beobachten in der Fu\u00dfg\u00e4ngerzone. Restaurant- und Caf\u00e9besuch \u00fcben wir ebenso wie den Besuch beim Tierarzt. So werden unsere Welpen sp\u00e4ter  mit einer gut ausgestatteten Geborgenheitsgarnitur in ihre neuen Familien entlassen.<\/p>\n\n\n\n<p><\/p>\n\n\n\n<p><\/p>\n\n\n<div class=\"wp-block-image\">\n<figure class=\"aligncenter size-large\"><img loading=\"lazy\" decoding=\"async\" width=\"768\" height=\"1024\" src=\"http:\/\/tamaskan-vom-winterstein.de\/wp-content\/uploads\/2022\/01\/wp-1643121807161-768x1024.jpg\" alt=\"\" class=\"wp-image-594\" srcset=\"http:\/\/tamaskan-vom-winterstein.de\/wp-content\/uploads\/2022\/01\/wp-1643121807161-768x1024.jpg 768w, http:\/\/tamaskan-vom-winterstein.de\/wp-content\/uploads\/2022\/01\/wp-1643121807161-225x300.jpg 225w, http:\/\/tamaskan-vom-winterstein.de\/wp-content\/uploads\/2022\/01\/wp-1643121807161-1152x1536.jpg 1152w, http:\/\/tamaskan-vom-winterstein.de\/wp-content\/uploads\/2022\/01\/wp-1643121807161.jpg 1200w\" sizes=\"(max-width: 768px) 100vw, 768px\" \/><figcaption class=\"wp-element-caption\">Namida mit ihrer Tochter Lavena <\/figcaption><\/figure><\/div>\n\n\n<p><br>Wir sind registrierte Z\u00fcchter im Tamaskan Dog Register TDR und halten uns an dessen weltweit g\u00fcltigen Richtlinien f\u00fcr Z\u00fcchter hinsichtlich Gesundheitstests und Zuchtanforderungen. Von diesem Register erhalten unsere Welpen auch ihre Papiere.<br>Generell geben wir Welpen nur an Personen ab, welche wir pers\u00f6nlich kennengelernt haben. Wer sich f\u00fcr einen Welpen von uns interessiert, darf sich gerne mit uns in Verbindung setzen. Wir empfehlen eine fr\u00fchzeitige Kontaktaufnahme, da wir eine Warteliste f\u00fchren. Interessenten aus dem Ausland sollten die jeweiligen Auflagen der EU-Verordnung hinsichtlich Einfuhr eines Welpen beachten. Auch nach dem Kauf eines Welpen von uns sind wir f\u00fcr die neuen Besitzer da und unterst\u00fctzen sie gerne bei Fragen rund um das Leben, Erziehung, Ern\u00e4hrung usw. mit ihrem vierbeinigen Familienmitglied. <br>F\u00fcr Ausk\u00fcnfte stehen wir unter <a _istranslated=\"1\" href=\"info@tamaskan-vom-winterstein.de\">info@tamaskan-vom-winterstein.de<\/a><br>oder per Telefon unter +49 176 24 55 11 07 zur Verf\u00fcgung.<\/p>\n\n\n\n<div class=\"wp-block-columns is-layout-flex wp-container-core-columns-layout-1 wp-block-columns-is-layout-flex\">\n<div class=\"wp-block-column is-vertically-aligned-center is-layout-flow wp-block-column-is-layout-flow\"><div class=\"wp-block-image\">\n<figure class=\"aligncenter size-large\"><img loading=\"lazy\" decoding=\"async\" width=\"1024\" height=\"773\" src=\"http:\/\/tamaskan-vom-winterstein.de\/wp-content\/uploads\/2019\/10\/2019_10_21_Z\u00fcchterzertifikat-ITR-e1571657794272-1024x773.jpg\" alt=\"\" class=\"wp-image-464\" srcset=\"http:\/\/tamaskan-vom-winterstein.de\/wp-content\/uploads\/2019\/10\/2019_10_21_Z\u00fcchterzertifikat-ITR-e1571657794272-1024x773.jpg 1024w, http:\/\/tamaskan-vom-winterstein.de\/wp-content\/uploads\/2019\/10\/2019_10_21_Z\u00fcchterzertifikat-ITR-e1571657794272-300x226.jpg 300w, http:\/\/tamaskan-vom-winterstein.de\/wp-content\/uploads\/2019\/10\/2019_10_21_Z\u00fcchterzertifikat-ITR-e1571657794272-768x580.jpg 768w\" sizes=\"(max-width: 1024px) 100vw, 1024px\" \/><figcaption class=\"wp-element-caption\">ITR<\/figcaption><\/figure><\/div><\/div>\n\n\n\n<div class=\"wp-block-column is-vertically-aligned-center is-layout-flow wp-block-column-is-layout-flow\"><div class=\"wp-block-image\">\n<figure class=\"aligncenter size-large\"><img loading=\"lazy\" decoding=\"async\" width=\"789\" height=\"1024\" src=\"http:\/\/tamaskan-vom-winterstein.de\/wp-content\/uploads\/2022\/09\/TDR_kennel-789x1024.jpeg\" alt=\"\" class=\"wp-image-946\" srcset=\"http:\/\/tamaskan-vom-winterstein.de\/wp-content\/uploads\/2022\/09\/TDR_kennel-789x1024.jpeg 789w, http:\/\/tamaskan-vom-winterstein.de\/wp-content\/uploads\/2022\/09\/TDR_kennel-231x300.jpeg 231w, http:\/\/tamaskan-vom-winterstein.de\/wp-content\/uploads\/2022\/09\/TDR_kennel-768x997.jpeg 768w, http:\/\/tamaskan-vom-winterstein.de\/wp-content\/uploads\/2022\/09\/TDR_kennel-1183x1536.jpeg 1183w, http:\/\/tamaskan-vom-winterstein.de\/wp-content\/uploads\/2022\/09\/TDR_kennel-46x60.jpeg 46w, http:\/\/tamaskan-vom-winterstein.de\/wp-content\/uploads\/2022\/09\/TDR_kennel.jpeg 1577w\" sizes=\"(max-width: 789px) 100vw, 789px\" \/><figcaption class=\"wp-element-caption\">TDR<\/figcaption><\/figure><\/div><\/div>\n<\/div>\n\n\n\n<p><\/p>\n\n\n\n<ul class=\"wp-block-list\">\n<li>Wir sind registrierte Z\u00fcchter im Tamaskan Dog Register TDR: <a href=\"https:\/\/www.tamaskan-register.com\/people\/von-winterstein\/\">https:\/\/www.tamaskandogregister.com\/breeder\/vom-winterstein\/<\/a><\/li>\n<\/ul>\n\n\n\n<p>Der TDR stellt weltweit umfangreiche Anforderungen an alle registrierten Z\u00fcchter. Diese beinhalten nicht nur Gesundheits- und Charaktertests der f\u00fcr die Zucht zugelassenen Hunde, sondern auch Anforderungen an die Haltung hinsichtlich Sozialumfeld und Hygiene, sowie die an die Aufzucht und Sozialisierung der Welpen. Bei der Auswahl einer Verpaarung steht ein erfahrenes Z\u00fcchterkomitee (Commitee of Breeders &#8211; CoB) beratend zur Seite und genehmigt die Registrierung der Welpen.<\/p>\n\n\n\n<p>Unsere Welpen erhalten Zuchtpapiere vom Tamaskan Dog Register TDR. Diese werden zusammen mit weiteren Unterlagen, wie Stammbaum, Registrierungspapiere und Gesundheitsbescheinigungen der Elterntiere, sowie Kaufvertrag und EU-Heimtierpass des Welpen in einer Mappe \u00fcbergeben. <br \/>Bis zur Abgabe in die neue Familie erhalten die Kleinen die vorgeschriebene Entwurmung, die erste Reihe der Kernimpfungen, und einen internationalen Microchip. Es erfolgt ebenfalls die Welpen-Gesundheits\u00fcberpr\u00fcfung mit Begutachtung von Herz, Augen usw. sowie bei m\u00e4nnlichen Welpen die Hodenkontrolle durch einen zugelassenen Tierarzt. Wir f\u00fchren f\u00fcr jeden Welpen ein Wachstumsprotokoll zur Beobachtung der Gewichtszunahme, welches zusammen mit der \u00e4rztlichen Bescheinigung der Mappe beigef\u00fcgt wird.<br \/>S\u00e4mtliche Untersuchungen und Impfungen sind im EU-Heimtierpass eingetragen, ebenso die Chipnummer. <br \/>F\u00fcr zu Hause halten wir f\u00fcr die Welpen ein kleines Welpenpaket bereit mit ihrem ersten Welpenhalsband, Spielzeug und Futter f\u00fcr die ersten Mahlzeiten.<\/p>\n\n\n\n<p><br \/> <\/p>\n\n\n<div class=\"wp-block-image\">\n<figure class=\"aligncenter\"><img loading=\"lazy\" decoding=\"async\" width=\"300\" height=\"100\" src=\"http:\/\/tamaskan-vom-winterstein.de\/wp-content\/uploads\/2019\/10\/website-logo1.png\" alt=\"\" class=\"wp-image-458\"\/><\/figure><\/div>\n\n<div class=\"wp-block-image\">\n<figure class=\"aligncenter is-resized\"><img loading=\"lazy\" decoding=\"async\" width=\"600\" height=\"600\" src=\"http:\/\/tamaskan-vom-winterstein.de\/wp-content\/uploads\/2019\/10\/logo.png\" alt=\"\" class=\"wp-image-468\" style=\"width:300px;height:300px\" srcset=\"http:\/\/tamaskan-vom-winterstein.de\/wp-content\/uploads\/2019\/10\/logo.png 600w, http:\/\/tamaskan-vom-winterstein.de\/wp-content\/uploads\/2019\/10\/logo-150x150.png 150w, http:\/\/tamaskan-vom-winterstein.de\/wp-content\/uploads\/2019\/10\/logo-300x300.png 300w, http:\/\/tamaskan-vom-winterstein.de\/wp-content\/uploads\/2019\/10\/logo-100x100.png 100w\" sizes=\"(max-width: 600px) 100vw, 600px\" \/><\/figure><\/div>\n\n<div class=\"wp-block-image\">\n<figure class=\"aligncenter is-resized\"><img loading=\"lazy\" decoding=\"async\" width=\"608\" height=\"218\" src=\"http:\/\/tamaskan-vom-winterstein.de\/wp-content\/uploads\/2019\/08\/image.png\" alt=\"\" class=\"wp-image-224\" style=\"width:304px;height:109px\" srcset=\"http:\/\/tamaskan-vom-winterstein.de\/wp-content\/uploads\/2019\/08\/image.png 608w, http:\/\/tamaskan-vom-winterstein.de\/wp-content\/uploads\/2019\/08\/image-300x108.png 300w\" sizes=\"(max-width: 608px) 100vw, 608px\" \/><\/figure><\/div>","protected":false},"excerpt":{"rendered":"<p>Wir z\u00fcchten unsere Tamaskane aus Freude und zur Erhaltung und Verbesserung der Rasse. Die Elterntiere sind in erster Linie Familienmitglieder, unsere Welpen wachsen in der &hellip; <\/p>\n","protected":false},"author":2,"featured_media":0,"parent":0,"menu_order":3,"comment_status":"closed","ping_status":"closed","template":"","meta":{"footnotes":""},"_links":{"self":[{"href":"http:\/\/tamaskan-vom-winterstein.de\/index.php\/wp-json\/wp\/v2\/pages\/293"}],"collection":[{"href":"http:\/\/tamaskan-vom-winterstein.de\/index.php\/wp-json\/wp\/v2\/pages"}],"about":[{"href":"http:\/\/tamaskan-vom-winterstein.de\/index.php\/wp-json\/wp\/v2\/types\/page"}],"author":[{"embeddable":true,"href":"http:\/\/tamaskan-vom-winterstein.de\/index.php\/wp-json\/wp\/v2\/users\/2"}],"replies":[{"embeddable":true,"href":"http:\/\/tamaskan-vom-winterstein.de\/index.php\/wp-json\/wp\/v2\/comments?post=293"}],"version-history":[{"count":12,"href":"http:\/\/tamaskan-vom-winterstein.de\/index.php\/wp-json\/wp\/v2\/pages\/293\/revisions"}],"predecessor-version":[{"id":1354,"href":"http:\/\/tamaskan-vom-winterstein.de\/index.php\/wp-json\/wp\/v2\/pages\/293\/revisions\/1354"}],"wp:attachment":[{"href":"http:\/\/tamaskan-vom-winterstein.de\/index.php\/wp-json\/wp\/v2\/media?parent=293"}],"curies":[{"name":"wp","href":"https:\/\/api.w.org\/{rel}","templated":true}]}}