{"id":296,"date":"2019-09-28T00:34:12","date_gmt":"2019-09-27T22:34:12","guid":{"rendered":"http:\/\/tamaskan-vom-winterstein.de\/?page_id=296"},"modified":"2025-07-24T17:38:38","modified_gmt":"2025-07-24T15:38:38","slug":"antonia-vom-verstal-labrador-2003-2017","status":"publish","type":"page","link":"http:\/\/tamaskan-vom-winterstein.de\/index.php\/antonia-vom-verstal-labrador-2003-2017\/","title":{"rendered":"Antonia vom Verstal\u00a0&#8211; Labrador 2003 -2017"},"content":{"rendered":"\n<figure class=\"wp-block-image size-full\"><img loading=\"lazy\" decoding=\"async\" width=\"244\" height=\"342\" src=\"http:\/\/tamaskan-vom-winterstein.de\/wp-content\/uploads\/2023\/05\/Antonia.jpg\" alt=\"\" class=\"wp-image-970\" srcset=\"http:\/\/tamaskan-vom-winterstein.de\/wp-content\/uploads\/2023\/05\/Antonia.jpg 244w, http:\/\/tamaskan-vom-winterstein.de\/wp-content\/uploads\/2023\/05\/Antonia-214x300.jpg 214w, http:\/\/tamaskan-vom-winterstein.de\/wp-content\/uploads\/2023\/05\/Antonia-43x60.jpg 43w\" sizes=\"(max-width: 244px) 100vw, 244px\" \/><figcaption class=\"wp-element-caption\"><font _mstmutation=\"1\"><\/font><\/figcaption><\/figure>\n\n\n<div class=\"wp-block-image\">\n<figure class=\"aligncenter\"><img loading=\"lazy\" decoding=\"async\" width=\"1024\" height=\"683\" src=\"http:\/\/tamaskan-vom-winterstein.de\/wp-content\/uploads\/2019\/08\/IMG_1584-1024x683.jpg\" alt=\"unsere letzte gemeinsame Urlaubsreise mit meinem Seelenhund.\" class=\"wp-image-186\" srcset=\"http:\/\/tamaskan-vom-winterstein.de\/wp-content\/uploads\/2019\/08\/IMG_1584-1024x683.jpg 1024w, http:\/\/tamaskan-vom-winterstein.de\/wp-content\/uploads\/2019\/08\/IMG_1584-300x200.jpg 300w, http:\/\/tamaskan-vom-winterstein.de\/wp-content\/uploads\/2019\/08\/IMG_1584-768x512.jpg 768w\" sizes=\"(max-width: 1024px) 100vw, 1024px\" \/><figcaption class=\"wp-element-caption\">unsere letzte gemeinsame Urlaubsreise mit meinem Seelenhund.<\/figcaption><\/figure><\/div>\n\n\n<p>Unsere Labradorin Antonia (2017 verstorben im Alter von 14 Jahren) unvergessen, immer in unseren Herzen.<\/p>\n\n\n\n<p><font _mstmutation=\"1\"><\/font><\/p>\n\n\n\n<p>Antonia kam im Alter von 9 Wochen zu uns. Sie war von Anbeginn eine anschmiegsame und freundliche H\u00fcndin. Ganz und gar untypisch f\u00fcr einen Labrador war sie sanft, zur\u00fcckhaltend und ruhig.<\/p>\n\n\n\n<p>Sie war die Streberin in der Hundeschule und konnte schon bald so manchen Trick vorf\u00fchren. Mit ihrem zur\u00fcckhaltenden, liebevollen Wesen hat sie \u00fcber viele Jahre unsere Herzen erfreut. In ihrer Ersatzmutterrolle f\u00fcr unsere beiden K\u00e4tzchen Queen und King ging sie v\u00f6llig auf. Sie hatte die Kleinen sofort adoptiert, als wir sie im Alter von 6 Wochen aus dem Tierschutz bei uns aufgenommen haben.<\/p>\n\n\n\n<p><\/p>\n\n\n\n<figure class=\"wp-block-image size-large\"><img loading=\"lazy\" decoding=\"async\" width=\"1024\" height=\"768\" src=\"http:\/\/tamaskan-vom-winterstein.de\/wp-content\/uploads\/2019\/08\/DSCF0393-1024x768.jpg\" alt=\"\" class=\"wp-image-189\" srcset=\"http:\/\/tamaskan-vom-winterstein.de\/wp-content\/uploads\/2019\/08\/DSCF0393-1024x768.jpg 1024w, http:\/\/tamaskan-vom-winterstein.de\/wp-content\/uploads\/2019\/08\/DSCF0393-300x225.jpg 300w, http:\/\/tamaskan-vom-winterstein.de\/wp-content\/uploads\/2019\/08\/DSCF0393-768x576.jpg 768w, http:\/\/tamaskan-vom-winterstein.de\/wp-content\/uploads\/2019\/08\/DSCF0393.jpg 1600w\" sizes=\"(max-width: 1024px) 100vw, 1024px\" \/><\/figure>\n","protected":false},"excerpt":{"rendered":"<p>Unsere Labradorin Antonia (2017 verstorben im Alter von 14 Jahren) unvergessen, immer in unseren Herzen. Antonia kam im Alter von 9 Wochen zu uns. Sie &hellip; <\/p>\n","protected":false},"author":2,"featured_media":0,"parent":0,"menu_order":0,"comment_status":"closed","ping_status":"closed","template":"","meta":{"footnotes":""},"_links":{"self":[{"href":"http:\/\/tamaskan-vom-winterstein.de\/index.php\/wp-json\/wp\/v2\/pages\/296"}],"collection":[{"href":"http:\/\/tamaskan-vom-winterstein.de\/index.php\/wp-json\/wp\/v2\/pages"}],"about":[{"href":"http:\/\/tamaskan-vom-winterstein.de\/index.php\/wp-json\/wp\/v2\/types\/page"}],"author":[{"embeddable":true,"href":"http:\/\/tamaskan-vom-winterstein.de\/index.php\/wp-json\/wp\/v2\/users\/2"}],"replies":[{"embeddable":true,"href":"http:\/\/tamaskan-vom-winterstein.de\/index.php\/wp-json\/wp\/v2\/comments?post=296"}],"version-history":[{"count":9,"href":"http:\/\/tamaskan-vom-winterstein.de\/index.php\/wp-json\/wp\/v2\/pages\/296\/revisions"}],"predecessor-version":[{"id":1343,"href":"http:\/\/tamaskan-vom-winterstein.de\/index.php\/wp-json\/wp\/v2\/pages\/296\/revisions\/1343"}],"wp:attachment":[{"href":"http:\/\/tamaskan-vom-winterstein.de\/index.php\/wp-json\/wp\/v2\/media?parent=296"}],"curies":[{"name":"wp","href":"https:\/\/api.w.org\/{rel}","templated":true}]}}