{"id":502,"date":"2022-01-20T19:16:28","date_gmt":"2022-01-20T18:16:28","guid":{"rendered":"https:\/\/tamaskan-vom-winterstein.de\/?page_id=502"},"modified":"2026-01-27T20:23:10","modified_gmt":"2026-01-27T19:23:10","slug":"lavena-vom-winterstein-aktive-zuchthundin","status":"publish","type":"page","link":"http:\/\/tamaskan-vom-winterstein.de\/index.php\/lavena-vom-winterstein-aktive-zuchthundin\/","title":{"rendered":"Lavena vom Winterstein &#8211; aktive Zuchth\u00fcndin"},"content":{"rendered":"\n<p>Unsere Nachwuchsh\u00fcndin aus der eigenen Zucht der Tamaskane vom Winterstein.<\/p>\n\n\n<div class=\"wp-block-image\">\n<figure class=\"aligncenter size-large\"><img loading=\"lazy\" decoding=\"async\" width=\"1024\" height=\"679\" src=\"http:\/\/tamaskan-vom-winterstein.de\/wp-content\/uploads\/2022\/03\/wp-1646576331031-1024x679.jpg\" alt=\"\" class=\"wp-image-657\" srcset=\"http:\/\/tamaskan-vom-winterstein.de\/wp-content\/uploads\/2022\/03\/wp-1646576331031-1024x679.jpg 1024w, http:\/\/tamaskan-vom-winterstein.de\/wp-content\/uploads\/2022\/03\/wp-1646576331031-300x199.jpg 300w, http:\/\/tamaskan-vom-winterstein.de\/wp-content\/uploads\/2022\/03\/wp-1646576331031-768x510.jpg 768w, http:\/\/tamaskan-vom-winterstein.de\/wp-content\/uploads\/2022\/03\/wp-1646576331031-1536x1019.jpg 1536w, http:\/\/tamaskan-vom-winterstein.de\/wp-content\/uploads\/2022\/03\/wp-1646576331031-2048x1359.jpg 2048w\" sizes=\"(max-width: 1024px) 100vw, 1024px\" \/><figcaption class=\"wp-element-caption\">Lavena hatte sich sehr schnell in sein Herz geschlichen.<\/figcaption><\/figure><\/div>\n\n\n<h2 class=\"wp-block-heading\">Ihr Leben<\/h2>\n\n\n\n<p>Zusammen mit weiteren 9 Geschwistern wurde Lavena 03. Oktober 2020 aus der Verpaarung Namida ( Nashoba van Wolfvoorde) x Loar (Loarghann Bleizi Asgaard) geboren. Die Entscheidung eine H\u00fcndin aus diesem Wurf zu behalten war bereits vor der Geburt gefallen. Daher haben wir alle H\u00fcndinnen in der Welpenstube sehr genau beobachtet und uns f\u00fcr Lavena entschieden, weil sie einfach perfekt in unsere Familie und in unsere Gemeinschaft passt. Lavena war bereits als Welpe sehr nett und respektvoll zu unserem Kater und zu ihren Geschwistern. Sie ist eine sanfte H\u00fcndin, die freundlich und unaufdringlich auf fremde Menschen zugeht. <\/p>\n\n\n<div class=\"wp-block-image\">\n<figure class=\"aligncenter size-large\"><img loading=\"lazy\" decoding=\"async\" width=\"1024\" height=\"682\" src=\"http:\/\/tamaskan-vom-winterstein.de\/wp-content\/uploads\/2022\/01\/zeitderhunde_NZ6_6399_Original-priv.-Nutzung-_1a41fd0f_-3-1024x682.jpg\" alt=\"\" class=\"wp-image-515\" srcset=\"http:\/\/tamaskan-vom-winterstein.de\/wp-content\/uploads\/2022\/01\/zeitderhunde_NZ6_6399_Original-priv.-Nutzung-_1a41fd0f_-3-1024x682.jpg 1024w, http:\/\/tamaskan-vom-winterstein.de\/wp-content\/uploads\/2022\/01\/zeitderhunde_NZ6_6399_Original-priv.-Nutzung-_1a41fd0f_-3-300x200.jpg 300w, http:\/\/tamaskan-vom-winterstein.de\/wp-content\/uploads\/2022\/01\/zeitderhunde_NZ6_6399_Original-priv.-Nutzung-_1a41fd0f_-3-768x511.jpg 768w, http:\/\/tamaskan-vom-winterstein.de\/wp-content\/uploads\/2022\/01\/zeitderhunde_NZ6_6399_Original-priv.-Nutzung-_1a41fd0f_-3.jpg 1280w\" sizes=\"(max-width: 1024px) 100vw, 1024px\" \/><figcaption class=\"wp-element-caption\">Knapp ein Jahr alt, war Lavena bereits eine stolze Jungh\u00fcndin<\/figcaption><\/figure><\/div>\n\n\n<p>Mit ihrer fr\u00f6hlichen Art und ihrem sanftem Gem\u00fct entspricht sie genau dem, was wir uns f\u00fcr die Zukunft in unserer Tamaskanzucht vorstellen. <\/p>\n\n\n<div class=\"wp-block-image\">\n<figure class=\"aligncenter size-large\"><img loading=\"lazy\" decoding=\"async\" width=\"1024\" height=\"1024\" src=\"http:\/\/tamaskan-vom-winterstein.de\/wp-content\/uploads\/2022\/03\/wp-1647034172032-1024x1024.jpg\" alt=\"\" class=\"wp-image-672\" srcset=\"http:\/\/tamaskan-vom-winterstein.de\/wp-content\/uploads\/2022\/03\/wp-1647034172032-1024x1024.jpg 1024w, http:\/\/tamaskan-vom-winterstein.de\/wp-content\/uploads\/2022\/03\/wp-1647034172032-300x300.jpg 300w, http:\/\/tamaskan-vom-winterstein.de\/wp-content\/uploads\/2022\/03\/wp-1647034172032-150x150.jpg 150w, http:\/\/tamaskan-vom-winterstein.de\/wp-content\/uploads\/2022\/03\/wp-1647034172032-768x768.jpg 768w, http:\/\/tamaskan-vom-winterstein.de\/wp-content\/uploads\/2022\/03\/wp-1647034172032-100x100.jpg 100w, http:\/\/tamaskan-vom-winterstein.de\/wp-content\/uploads\/2022\/03\/wp-1647034172032.jpg 1080w\" sizes=\"(max-width: 1024px) 100vw, 1024px\" \/><figcaption class=\"wp-element-caption\">Neugierig und verspielt.<\/figcaption><\/figure><\/div>\n\n\n<p>Lavena (keltisch: Das Mondlicht) ist sehr lernbereit und macht schnell Fortschritte im Alltagstraining.<\/p>\n\n\n<div class=\"wp-block-image\">\n<figure class=\"aligncenter size-large\"><img loading=\"lazy\" decoding=\"async\" width=\"819\" height=\"1024\" src=\"http:\/\/tamaskan-vom-winterstein.de\/wp-content\/uploads\/2022\/03\/wp-1647034172000-819x1024.jpg\" alt=\"\" class=\"wp-image-673\" srcset=\"http:\/\/tamaskan-vom-winterstein.de\/wp-content\/uploads\/2022\/03\/wp-1647034172000-819x1024.jpg 819w, http:\/\/tamaskan-vom-winterstein.de\/wp-content\/uploads\/2022\/03\/wp-1647034172000-240x300.jpg 240w, http:\/\/tamaskan-vom-winterstein.de\/wp-content\/uploads\/2022\/03\/wp-1647034172000-768x960.jpg 768w, http:\/\/tamaskan-vom-winterstein.de\/wp-content\/uploads\/2022\/03\/wp-1647034172000.jpg 1080w\" sizes=\"(max-width: 819px) 100vw, 819px\" \/><figcaption class=\"wp-element-caption\">Aufgeweckt und lernbereit<\/figcaption><\/figure><\/div>\n\n\n<p>Nach erfolgreichem Abschluss aller Gesundheitstests wird auch Lavena in die Tamaskanzucht kommen.<\/p>\n\n\n<div class=\"wp-block-image\">\n<figure class=\"aligncenter size-large\"><img loading=\"lazy\" decoding=\"async\" width=\"819\" height=\"1024\" src=\"http:\/\/tamaskan-vom-winterstein.de\/wp-content\/uploads\/2022\/03\/wp-1647034172016-819x1024.jpg\" alt=\"\" class=\"wp-image-674\" srcset=\"http:\/\/tamaskan-vom-winterstein.de\/wp-content\/uploads\/2022\/03\/wp-1647034172016-819x1024.jpg 819w, http:\/\/tamaskan-vom-winterstein.de\/wp-content\/uploads\/2022\/03\/wp-1647034172016-240x300.jpg 240w, http:\/\/tamaskan-vom-winterstein.de\/wp-content\/uploads\/2022\/03\/wp-1647034172016-768x960.jpg 768w, http:\/\/tamaskan-vom-winterstein.de\/wp-content\/uploads\/2022\/03\/wp-1647034172016.jpg 1080w\" sizes=\"(max-width: 819px) 100vw, 819px\" \/><figcaption class=\"wp-element-caption\">Junghundezeit -Reifezeit<\/figcaption><\/figure><\/div>\n\n\n<h2 class=\"wp-block-heading\">Gesundheit<\/h2>\n\n\n\n<ul class=\"wp-block-list\">\n<li>HD: A2<\/li>\n\n\n\n<li>ED:  0<\/li>\n\n\n\n<li>DM: frei<\/li>\n\n\n\n<li>Charaktertest: erfolgreich bestanden<\/li>\n\n\n\n<li>Augen: EVCO + Gonio frei 2023<\/li>\n\n\n\n<li>Zwergenwuchs: frei<\/li>\n\n\n\n<li>Schilddr\u00fcse T4: frei<\/li>\n\n\n\n<li>MDR1: frei<\/li>\n\n\n\n<li>Fellfarbe\/ Piebalt: kein Piebalt<\/li>\n<\/ul>\n\n\n\n<ul class=\"wp-block-list\">\n<li><a data-type=\"URL\" data-id=\"https:\/\/my.embarkvet.com\/dog\/lavena\" href=\"https:\/\/my.embarkvet.com\/dog\/lavena\" target=\"_blank\" rel=\"noreferrer noopener\">Embark Link<\/a><\/li>\n<\/ul>\n\n\n\n<h2 class=\"wp-block-heading\">Ihre Anerkennung als Tamaskan und als potentielle Zuchth\u00fcndin<\/h2>\n\n\n\n<ul class=\"wp-block-list\">\n<li>TDR Tamaskan Dog Register<\/li>\n\n\n\n<li>ITR Internstional Tamaskan Register<\/li>\n<\/ul>\n\n\n\n<figure class=\"wp-block-image size-large\"><img loading=\"lazy\" decoding=\"async\" width=\"777\" height=\"1024\" src=\"http:\/\/tamaskan-vom-winterstein.de\/wp-content\/uploads\/2022\/09\/TDR_Lavena-777x1024.jpeg\" alt=\"\" class=\"wp-image-947\" srcset=\"http:\/\/tamaskan-vom-winterstein.de\/wp-content\/uploads\/2022\/09\/TDR_Lavena-777x1024.jpeg 777w, http:\/\/tamaskan-vom-winterstein.de\/wp-content\/uploads\/2022\/09\/TDR_Lavena-228x300.jpeg 228w, http:\/\/tamaskan-vom-winterstein.de\/wp-content\/uploads\/2022\/09\/TDR_Lavena-768x1012.jpeg 768w, http:\/\/tamaskan-vom-winterstein.de\/wp-content\/uploads\/2022\/09\/TDR_Lavena-1166x1536.jpeg 1166w, http:\/\/tamaskan-vom-winterstein.de\/wp-content\/uploads\/2022\/09\/TDR_Lavena-46x60.jpeg 46w, http:\/\/tamaskan-vom-winterstein.de\/wp-content\/uploads\/2022\/09\/TDR_Lavena.jpeg 1554w\" sizes=\"(max-width: 777px) 100vw, 777px\" \/><figcaption class=\"wp-element-caption\">TDR<\/figcaption><\/figure>\n\n\n\n<figure class=\"wp-block-image size-large\"><img loading=\"lazy\" decoding=\"async\" width=\"716\" height=\"1024\" src=\"http:\/\/tamaskan-vom-winterstein.de\/wp-content\/uploads\/2023\/11\/20231114_200617-716x1024.jpg\" alt=\"\" class=\"wp-image-1042\" srcset=\"http:\/\/tamaskan-vom-winterstein.de\/wp-content\/uploads\/2023\/11\/20231114_200617-716x1024.jpg 716w, http:\/\/tamaskan-vom-winterstein.de\/wp-content\/uploads\/2023\/11\/20231114_200617-210x300.jpg 210w, http:\/\/tamaskan-vom-winterstein.de\/wp-content\/uploads\/2023\/11\/20231114_200617-768x1098.jpg 768w, http:\/\/tamaskan-vom-winterstein.de\/wp-content\/uploads\/2023\/11\/20231114_200617-1074x1536.jpg 1074w, http:\/\/tamaskan-vom-winterstein.de\/wp-content\/uploads\/2023\/11\/20231114_200617-1433x2048.jpg 1433w, http:\/\/tamaskan-vom-winterstein.de\/wp-content\/uploads\/2023\/11\/20231114_200617-42x60.jpg 42w, http:\/\/tamaskan-vom-winterstein.de\/wp-content\/uploads\/2023\/11\/20231114_200617-scaled.jpg 1791w\" sizes=\"(max-width: 716px) 100vw, 716px\" \/><figcaption class=\"wp-element-caption\">ITR<\/figcaption><\/figure>\n\n\n\n<p><\/p>\n\n\n\n<figure class=\"wp-block-gallery has-nested-images columns-default is-cropped wp-block-gallery-1 is-layout-flex wp-block-gallery-is-layout-flex\"><\/figure>\n","protected":false},"excerpt":{"rendered":"<p>Unsere Nachwuchsh\u00fcndin aus der eigenen Zucht der Tamaskane vom Winterstein. Ihr Leben Zusammen mit weiteren 9 Geschwistern wurde Lavena 03. Oktober 2020 aus der Verpaarung &hellip; <\/p>\n","protected":false},"author":2,"featured_media":0,"parent":0,"menu_order":0,"comment_status":"closed","ping_status":"closed","template":"","meta":{"footnotes":""},"_links":{"self":[{"href":"http:\/\/tamaskan-vom-winterstein.de\/index.php\/wp-json\/wp\/v2\/pages\/502"}],"collection":[{"href":"http:\/\/tamaskan-vom-winterstein.de\/index.php\/wp-json\/wp\/v2\/pages"}],"about":[{"href":"http:\/\/tamaskan-vom-winterstein.de\/index.php\/wp-json\/wp\/v2\/types\/page"}],"author":[{"embeddable":true,"href":"http:\/\/tamaskan-vom-winterstein.de\/index.php\/wp-json\/wp\/v2\/users\/2"}],"replies":[{"embeddable":true,"href":"http:\/\/tamaskan-vom-winterstein.de\/index.php\/wp-json\/wp\/v2\/comments?post=502"}],"version-history":[{"count":17,"href":"http:\/\/tamaskan-vom-winterstein.de\/index.php\/wp-json\/wp\/v2\/pages\/502\/revisions"}],"predecessor-version":[{"id":1340,"href":"http:\/\/tamaskan-vom-winterstein.de\/index.php\/wp-json\/wp\/v2\/pages\/502\/revisions\/1340"}],"wp:attachment":[{"href":"http:\/\/tamaskan-vom-winterstein.de\/index.php\/wp-json\/wp\/v2\/media?parent=502"}],"curies":[{"name":"wp","href":"https:\/\/api.w.org\/{rel}","templated":true}]}}