{"id":1054,"date":"2023-11-14T20:39:12","date_gmt":"2023-11-14T19:39:12","guid":{"rendered":"https:\/\/tamaskan-vom-winterstein.de\/?page_id=1054"},"modified":"2025-03-11T22:39:46","modified_gmt":"2025-03-11T21:39:46","slug":"wurplanung-lavena-und-nuto-2023-2024","status":"publish","type":"page","link":"https:\/\/tamaskan-vom-winterstein.de\/index.php\/wurplanung-lavena-und-nuto-2023-2024\/","title":{"rendered":"Wurplanung Lavena und Nuto 2023\/2024"},"content":{"rendered":"\n<figure class=\"wp-block-image size-large\"><img loading=\"lazy\" decoding=\"async\" width=\"858\" height=\"1024\" src=\"http:\/\/tamaskan-vom-winterstein.de\/wp-content\/uploads\/2023\/11\/received_283825667951639-858x1024.png\" alt=\"\" class=\"wp-image-1053\" srcset=\"https:\/\/tamaskan-vom-winterstein.de\/wp-content\/uploads\/2023\/11\/received_283825667951639-858x1024.png 858w, https:\/\/tamaskan-vom-winterstein.de\/wp-content\/uploads\/2023\/11\/received_283825667951639-251x300.png 251w, https:\/\/tamaskan-vom-winterstein.de\/wp-content\/uploads\/2023\/11\/received_283825667951639-768x917.png 768w, https:\/\/tamaskan-vom-winterstein.de\/wp-content\/uploads\/2023\/11\/received_283825667951639-50x60.png 50w, https:\/\/tamaskan-vom-winterstein.de\/wp-content\/uploads\/2023\/11\/received_283825667951639.png 1198w\" sizes=\"(max-width: 858px) 100vw, 858px\" \/><figcaption class=\"wp-element-caption\"><strong>Wurfplanung Winter 2023\/2024<\/strong><\/figcaption><\/figure>\n\n\n\n<p>Die n\u00e4chste Generation ist am Start mit Lavena. Nuto, ein stattlicher Tamaskan mit geringem Wolfanteil ist Lavenas R\u00fcde im Winterwurf 2023\/ 2024.<\/p>\n\n\n\n<p>Nutos Linie enth\u00e4lt durch seine Mutter einen h\u00f6heren Anteil nordisches Blut, was sehr gut zu Lavenas Erbgut passt. Die beiden durften sich bereits in Holland kennennlernen, wo Nuto mit seiner Familie samt Katzen lebt. Zu diesem Treffen kam auch Nutos Z\u00fcchterin, so dass wir die Mutterh\u00fcndin, eine Schwester und eine Cousine von Nuto pers\u00f6nlich erleben durften. Alle Tiere haben wundervolle Charaktere und sind kerngesund.<\/p>\n\n\n\n<p>Im Januar war es soweit, Lavena und Nuto konnten verpaart werden. Die Hochzeit der beiden war erfolgreich.<\/p>\n\n\n\n<p>Mitte M\u00e4rz erwarten wir Welpen. Wir freuen uns schon sehr darauf. Der Wurf wird laut Ultraschall gro\u00df werden.<\/p>\n\n\n\n<p>******<\/p>\n\n\n\n<figure class=\"wp-block-image size-large\"><img loading=\"lazy\" decoding=\"async\" width=\"1024\" height=\"768\" src=\"http:\/\/tamaskan-vom-winterstein.de\/wp-content\/uploads\/2024\/03\/wp-1711465459274805369193635471675-1024x768.jpg\" alt=\"\" class=\"wp-image-1238\" srcset=\"https:\/\/tamaskan-vom-winterstein.de\/wp-content\/uploads\/2024\/03\/wp-1711465459274805369193635471675-1024x768.jpg 1024w, https:\/\/tamaskan-vom-winterstein.de\/wp-content\/uploads\/2024\/03\/wp-1711465459274805369193635471675-300x225.jpg 300w, https:\/\/tamaskan-vom-winterstein.de\/wp-content\/uploads\/2024\/03\/wp-1711465459274805369193635471675-768x576.jpg 768w, https:\/\/tamaskan-vom-winterstein.de\/wp-content\/uploads\/2024\/03\/wp-1711465459274805369193635471675-1536x1152.jpg 1536w, https:\/\/tamaskan-vom-winterstein.de\/wp-content\/uploads\/2024\/03\/wp-1711465459274805369193635471675-80x60.jpg 80w, https:\/\/tamaskan-vom-winterstein.de\/wp-content\/uploads\/2024\/03\/wp-1711465459274805369193635471675.jpg 2000w\" sizes=\"(max-width: 1024px) 100vw, 1024px\" \/><figcaption class=\"wp-element-caption\">16.04.2024 &#8211; Lavena und der kleine Makaio<\/figcaption><\/figure>\n\n\n\n<p>Mit gro\u00dfer Dankbarkeit m\u00f6chten wir Lavenas Nachwuchs vorstellen. <br>Makaio vom Winterstein.<br>Der Name ist hawaiianisch und bedeutet<br>&#8220;Gottes Geschenk&#8221;. Und das ist er wirklich f\u00fcr uns.<br><br>Makaio ist der einzige von insgesamt 9 Welpen aus Lavenas Wurf mit Nuto, der am 14. M\u00e4rz 2024 mit 224 Gramm den Weg ins Leben geschafft hat. <br><br>Mehrere Tage mentale und emotionale Achterbahnfahrt liegen hinter uns mit der Frage, wie viele Welpen haben der 1. Ultraschall und jetzt das R\u00f6ntgenbild gezeigt, wie viele Herzen schlagen und schaffen wir eine nat\u00fcrliche Geburt? <br><br>Trotz guter Vorbereitung durch uns, medizinische Vorsorge und Herpesimpfung, standen wir letztendlich v\u00f6llig hilflos der Tatsache gegen\u00fcber, dass nach 3 Totgeburten ( eine zu Hause, eine auf dem Weg in die Klinik, eine bei Ankunft in der Klinik), nur der Notkaiserschnitt blieb, um die \u00fcbrigen Welpen retten zu k\u00f6nnen. Die traurige Nachricht war, dass 5 weitere Welpen bereits im Mutterleib verstorben waren.<br>Makaio lebte als Einziger noch und konnte gerettet werden.<br><br>Wir hoffen, dass er und Lavena sich nun gut erholen. Sie sind zu Hause, werden rund um die Uhr von uns beiden betreut und medikament\u00f6s versorgt.<br>Die Zusammenf\u00fchrung der beiden in der Klinik klappte gut. Inzwischen haben die beiden eine gute Bindung zueinander und Lavenas anf\u00e4ngliche Unsicherheit im Umgang mit dem Kleinen weicht immer mehr ihrer m\u00fctterlichen F\u00fcrsorge.<br><br>Makaio ist ein kleiner K\u00e4mpfer, die Milchbar f\u00fcr sich alleine zu haben nutzt er ausgiebig.<br>Lavena kommt langsam zur Ruhe und schl\u00e4ft inzwischen auch l\u00e4ngere Phasen zusammen mit ihrem Kleinen, der sich unter ihrem Pelz vergr\u00e4bt.<br><br>Uns steckt der Schock noch in den Knochen, aber irgendwann l\u00f6st sich auch das und die Trauer um die verlorenen Seelen wird der Freude \u00fcber Makaio weichen. <br><br>Um eine m\u00f6gliche Ursache f\u00fcr das Sterben der Welpen zu finden, haben wir sie pathologisch untersuchen lassen. <\/p>\n\n\n\n<p><\/p>\n\n\n\n<p>Wir danken allen, die mit uns fiebern und uns beistehen in den kommenden Wochen.<\/p>\n\n\n\n<p>UM DIE VIELEN FRAGEN ZU BEANTWORTEN:<\/p>\n\n\n\n<p>MAKAIO BLEIBT BEI UNS!!!<\/p>\n\n\n\n<p><\/p>\n\n\n\n<p>09.04.2024 &#8211; Makaio w\u00e4chst und gedeiht.<\/p>\n\n\n\n<p>In zwei Tagen wird Makaio 3 Wochen alt. Er wiegt inzwischen gut 2 Kilogramm und interessiert sich f\u00fcr seine Umwelt. Den ersten Ausflug ins Freie hatte er am letzten Wochenende bei sommerlich warmen Temperaturen. Unter Aufsicht von Mama Lavena und seiner Oma Namida, hat er unseren Garten erkunden d\u00fcrfen. Vogelgezwitscher,&nbsp; fremde Menschenstimmen unserer Nachbarn, das Wasserpl\u00e4tschern an unserem Teich. Wie aufregend ist sich die Welt f\u00fcr so einen kleinen Welpen.<\/p>\n\n\n\n<figure class=\"wp-block-image size-large\"><img loading=\"lazy\" decoding=\"async\" width=\"768\" height=\"1024\" src=\"http:\/\/tamaskan-vom-winterstein.de\/wp-content\/uploads\/2024\/04\/img-20240407-wa0006950287104965922386-768x1024.jpg\" alt=\"\" class=\"wp-image-1241\" srcset=\"https:\/\/tamaskan-vom-winterstein.de\/wp-content\/uploads\/2024\/04\/img-20240407-wa0006950287104965922386-768x1024.jpg 768w, https:\/\/tamaskan-vom-winterstein.de\/wp-content\/uploads\/2024\/04\/img-20240407-wa0006950287104965922386-225x300.jpg 225w, https:\/\/tamaskan-vom-winterstein.de\/wp-content\/uploads\/2024\/04\/img-20240407-wa0006950287104965922386-1152x1536.jpg 1152w, https:\/\/tamaskan-vom-winterstein.de\/wp-content\/uploads\/2024\/04\/img-20240407-wa0006950287104965922386-45x60.jpg 45w, https:\/\/tamaskan-vom-winterstein.de\/wp-content\/uploads\/2024\/04\/img-20240407-wa0006950287104965922386.jpg 1500w\" sizes=\"(max-width: 768px) 100vw, 768px\" \/><\/figure>\n\n\n\n<figure class=\"wp-block-image\"><img loading=\"lazy\" decoding=\"async\" width=\"768\" height=\"1024\" src=\"https:\/\/tamaskan-vom-winterstein.de\/wp-content\/uploads\/2024\/04\/img-20240404-wa00134516955994148389247-768x1024.jpg\" alt=\"\" class=\"wp-image-1242\" srcset=\"https:\/\/tamaskan-vom-winterstein.de\/wp-content\/uploads\/2024\/04\/img-20240404-wa00134516955994148389247-768x1024.jpg 768w, https:\/\/tamaskan-vom-winterstein.de\/wp-content\/uploads\/2024\/04\/img-20240404-wa00134516955994148389247-225x300.jpg 225w, https:\/\/tamaskan-vom-winterstein.de\/wp-content\/uploads\/2024\/04\/img-20240404-wa00134516955994148389247-1152x1536.jpg 1152w, https:\/\/tamaskan-vom-winterstein.de\/wp-content\/uploads\/2024\/04\/img-20240404-wa00134516955994148389247-45x60.jpg 45w, https:\/\/tamaskan-vom-winterstein.de\/wp-content\/uploads\/2024\/04\/img-20240404-wa00134516955994148389247.jpg 1500w\" sizes=\"(max-width: 768px) 100vw, 768px\" \/><\/figure>\n\n\n\n<p><\/p>\n","protected":false},"excerpt":{"rendered":"<p>Die n\u00e4chste Generation ist am Start mit Lavena. Nuto, ein stattlicher Tamaskan mit geringem Wolfanteil ist Lavenas R\u00fcde im Winterwurf 2023\/ 2024. Nutos Linie enth\u00e4lt &hellip; <\/p>\n","protected":false},"author":2,"featured_media":0,"parent":0,"menu_order":0,"comment_status":"closed","ping_status":"closed","template":"","meta":{"footnotes":""},"_links":{"self":[{"href":"https:\/\/tamaskan-vom-winterstein.de\/index.php\/wp-json\/wp\/v2\/pages\/1054"}],"collection":[{"href":"https:\/\/tamaskan-vom-winterstein.de\/index.php\/wp-json\/wp\/v2\/pages"}],"about":[{"href":"https:\/\/tamaskan-vom-winterstein.de\/index.php\/wp-json\/wp\/v2\/types\/page"}],"author":[{"embeddable":true,"href":"https:\/\/tamaskan-vom-winterstein.de\/index.php\/wp-json\/wp\/v2\/users\/2"}],"replies":[{"embeddable":true,"href":"https:\/\/tamaskan-vom-winterstein.de\/index.php\/wp-json\/wp\/v2\/comments?post=1054"}],"version-history":[{"count":16,"href":"https:\/\/tamaskan-vom-winterstein.de\/index.php\/wp-json\/wp\/v2\/pages\/1054\/revisions"}],"predecessor-version":[{"id":1307,"href":"https:\/\/tamaskan-vom-winterstein.de\/index.php\/wp-json\/wp\/v2\/pages\/1054\/revisions\/1307"}],"wp:attachment":[{"href":"https:\/\/tamaskan-vom-winterstein.de\/index.php\/wp-json\/wp\/v2\/media?parent=1054"}],"curies":[{"name":"wp","href":"https:\/\/api.w.org\/{rel}","templated":true}]}}