{"id":298,"date":"2019-09-28T00:35:28","date_gmt":"2019-09-27T22:35:28","guid":{"rendered":"http:\/\/tamaskan-vom-winterstein.de\/?page_id=298"},"modified":"2025-07-24T17:39:18","modified_gmt":"2025-07-24T15:39:18","slug":"king-europaisch-kurzhaar","status":"publish","type":"page","link":"https:\/\/tamaskan-vom-winterstein.de\/index.php\/king-europaisch-kurzhaar\/","title":{"rendered":"King &#8211; Europ\u00e4isch Kurzhaar"},"content":{"rendered":"<div class=\"wp-block-image\">\n<figure class=\"aligncenter\"><img loading=\"lazy\" decoding=\"async\" width=\"1024\" height=\"768\" src=\"http:\/\/tamaskan-vom-winterstein.de\/wp-content\/uploads\/2019\/08\/DSCF0304-1024x768.jpg\" alt=\"\" class=\"wp-image-188\" srcset=\"https:\/\/tamaskan-vom-winterstein.de\/wp-content\/uploads\/2019\/08\/DSCF0304-1024x768.jpg 1024w, https:\/\/tamaskan-vom-winterstein.de\/wp-content\/uploads\/2019\/08\/DSCF0304-300x225.jpg 300w, https:\/\/tamaskan-vom-winterstein.de\/wp-content\/uploads\/2019\/08\/DSCF0304-768x576.jpg 768w, https:\/\/tamaskan-vom-winterstein.de\/wp-content\/uploads\/2019\/08\/DSCF0304.jpg 1600w\" sizes=\"(max-width: 1024px) 100vw, 1024px\" \/><figcaption class=\"wp-element-caption\">King (2005 &#8211; 2024) sein Name war Programm&#8230;<\/figcaption><\/figure><\/div>\n\n\n<p>Kater King kam 2005 zusammen mit seiner Schwester Queen im Alter von sechs Wochen in unsere Familie. Die beiden wurden von Antonia adoptiert. Sein Leben als Freig\u00e4nger hat ihm \u00fcber die Jahre so manche Schramme eingebracht. Im Mai 2019 ist er vermutlich mit einem Waschb\u00e4ren aneinander geraten und an seiner linken Pfote war das Ellbogengelenk ausgekugelt, B\u00e4nder und Sehen waren gerissen. Er musste operiert werden und durfte 8 Wochen nicht in den Freigang. Die vermutlich schlimmste Zeit in seinem bisherigen Katzenleben. Nachdem diese Wunde endlich verheilt war und er wieder raus durfte, kam er im September 2019 wieder schwer verletzt heim. Wir vermuten, dass er von einem Auto angefahren wurde. Seine erst kurz vorher operierte Pfote war nun nicht mehr zu retten und musste amputiert werden. Aber King w\u00e4re nicht King, wenn er nicht auch das wegstecken k\u00f6nnte. So streifte er noch viele Jahre auf drei Pfoten durch sein Revier und freute sich seines Katzenlebens. Im Alter von knapp 19 Jahren verlie\u00dfen ihn seine Kr\u00e4fte und er verstarb in unseren Armen im Beisein unserer wundervollen Hunde. Namida, unsere Sensibelste hielt zwei Tage vor seinem Tod sehr engen Kontakt und schlief dicht neben ihm. Nach dem er f\u00fcr immer eingeschlafen war,\u00a0 legte sie sich zu ihm und hielt Totenwache bis wir ihn hinaus brachten. <\/p>\n\n\n\n<p>Seine Asche ruht neben seiner Schwester Queen in unserem Garten.<\/p>\n\n\n\n<p>Queen kam leider bereits 2008 auf mysteri\u00f6se Weise ums Leben. Wir haben nie erfahren, was ihr passiert ist. Sie ruht nun gemeinsam in unserem Garten unter der Rose &#8220;Queen of Sweden&#8221;.<\/p>\n\n\n<div class=\"wp-block-image\">\n<figure class=\"aligncenter\"><img loading=\"lazy\" decoding=\"async\" width=\"1024\" height=\"768\" src=\"http:\/\/tamaskan-vom-winterstein.de\/wp-content\/uploads\/2019\/08\/DSCF0393-1024x768.jpg\" alt=\"\" class=\"wp-image-189\" srcset=\"https:\/\/tamaskan-vom-winterstein.de\/wp-content\/uploads\/2019\/08\/DSCF0393-1024x768.jpg 1024w, https:\/\/tamaskan-vom-winterstein.de\/wp-content\/uploads\/2019\/08\/DSCF0393-300x225.jpg 300w, https:\/\/tamaskan-vom-winterstein.de\/wp-content\/uploads\/2019\/08\/DSCF0393-768x576.jpg 768w, https:\/\/tamaskan-vom-winterstein.de\/wp-content\/uploads\/2019\/08\/DSCF0393.jpg 1600w\" sizes=\"(max-width: 1024px) 100vw, 1024px\" \/><figcaption class=\"wp-element-caption\">Queen &amp; King<\/figcaption><\/figure><\/div>\n\n\n<figure class=\"wp-block-image size-large\"><img loading=\"lazy\" decoding=\"async\" width=\"768\" height=\"1024\" src=\"http:\/\/tamaskan-vom-winterstein.de\/wp-content\/uploads\/2023\/11\/IMG-20221012-WA0002-768x1024.jpg\" alt=\"\" class=\"wp-image-1005\" srcset=\"https:\/\/tamaskan-vom-winterstein.de\/wp-content\/uploads\/2023\/11\/IMG-20221012-WA0002-768x1024.jpg 768w, https:\/\/tamaskan-vom-winterstein.de\/wp-content\/uploads\/2023\/11\/IMG-20221012-WA0002-225x300.jpg 225w, https:\/\/tamaskan-vom-winterstein.de\/wp-content\/uploads\/2023\/11\/IMG-20221012-WA0002-1152x1536.jpg 1152w, https:\/\/tamaskan-vom-winterstein.de\/wp-content\/uploads\/2023\/11\/IMG-20221012-WA0002-45x60.jpg 45w, https:\/\/tamaskan-vom-winterstein.de\/wp-content\/uploads\/2023\/11\/IMG-20221012-WA0002.jpg 1500w\" sizes=\"(max-width: 768px) 100vw, 768px\" \/><figcaption class=\"wp-element-caption\">Sofa-Tiger<\/figcaption><\/figure>\n\n\n\n<figure class=\"wp-block-image\"><img loading=\"lazy\" decoding=\"async\" width=\"1152\" height=\"2048\" src=\"https:\/\/tamaskan-vom-winterstein.de\/wp-content\/uploads\/2023\/11\/IMG-20220121-WA0020.jpg\" alt=\"\" class=\"wp-image-999\" srcset=\"https:\/\/tamaskan-vom-winterstein.de\/wp-content\/uploads\/2023\/11\/IMG-20220121-WA0020.jpg 1152w, https:\/\/tamaskan-vom-winterstein.de\/wp-content\/uploads\/2023\/11\/IMG-20220121-WA0020-169x300.jpg 169w, https:\/\/tamaskan-vom-winterstein.de\/wp-content\/uploads\/2023\/11\/IMG-20220121-WA0020-576x1024.jpg 576w, https:\/\/tamaskan-vom-winterstein.de\/wp-content\/uploads\/2023\/11\/IMG-20220121-WA0020-768x1365.jpg 768w, https:\/\/tamaskan-vom-winterstein.de\/wp-content\/uploads\/2023\/11\/IMG-20220121-WA0020-864x1536.jpg 864w, https:\/\/tamaskan-vom-winterstein.de\/wp-content\/uploads\/2023\/11\/IMG-20220121-WA0020-34x60.jpg 34w\" sizes=\"(max-width: 1152px) 100vw, 1152px\" \/><figcaption class=\"wp-element-caption\">Auch mit 3 Beinen ist King flott unterwegs.<\/figcaption><\/figure>\n\n\n\n<div class=\"wp-block-cover\"><span aria-hidden=\"true\" class=\"wp-block-cover__background has-background-dim\"><\/span><img loading=\"lazy\" decoding=\"async\" width=\"568\" height=\"1024\" class=\"wp-block-cover__image-background wp-image-761\" alt=\"\" src=\"http:\/\/tamaskan-vom-winterstein.de\/wp-content\/uploads\/2022\/03\/wp-16471268975588425107680575879939-scaled-e1699994407268-568x1024.jpg\" data-object-fit=\"cover\" srcset=\"https:\/\/tamaskan-vom-winterstein.de\/wp-content\/uploads\/2022\/03\/wp-16471268975588425107680575879939-scaled-e1699994407268-568x1024.jpg 568w, https:\/\/tamaskan-vom-winterstein.de\/wp-content\/uploads\/2022\/03\/wp-16471268975588425107680575879939-scaled-e1699994407268-166x300.jpg 166w, https:\/\/tamaskan-vom-winterstein.de\/wp-content\/uploads\/2022\/03\/wp-16471268975588425107680575879939-scaled-e1699994407268-768x1385.jpg 768w, https:\/\/tamaskan-vom-winterstein.de\/wp-content\/uploads\/2022\/03\/wp-16471268975588425107680575879939-scaled-e1699994407268-852x1536.jpg 852w, https:\/\/tamaskan-vom-winterstein.de\/wp-content\/uploads\/2022\/03\/wp-16471268975588425107680575879939-scaled-e1699994407268-1136x2048.jpg 1136w, https:\/\/tamaskan-vom-winterstein.de\/wp-content\/uploads\/2022\/03\/wp-16471268975588425107680575879939-scaled-e1699994407268-33x60.jpg 33w, https:\/\/tamaskan-vom-winterstein.de\/wp-content\/uploads\/2022\/03\/wp-16471268975588425107680575879939-scaled-e1699994407268.jpg 1152w\" sizes=\"(max-width: 568px) 100vw, 568px\" \/><div class=\"wp-block-cover__inner-container is-layout-flow wp-block-cover-is-layout-flow\">\n<p class=\"has-text-align-center has-large-font-size\"><font _mstmutation=\"1\"><\/font><\/p>\n<\/div><\/div>\n\n\n\n<figure class=\"wp-block-image size-large\"><img loading=\"lazy\" decoding=\"async\" width=\"1024\" height=\"768\" src=\"http:\/\/tamaskan-vom-winterstein.de\/wp-content\/uploads\/2023\/11\/wp-1700001802578-1024x768.jpg\" alt=\"\" class=\"wp-image-1115\" srcset=\"https:\/\/tamaskan-vom-winterstein.de\/wp-content\/uploads\/2023\/11\/wp-1700001802578-1024x768.jpg 1024w, https:\/\/tamaskan-vom-winterstein.de\/wp-content\/uploads\/2023\/11\/wp-1700001802578-300x225.jpg 300w, https:\/\/tamaskan-vom-winterstein.de\/wp-content\/uploads\/2023\/11\/wp-1700001802578-768x576.jpg 768w, https:\/\/tamaskan-vom-winterstein.de\/wp-content\/uploads\/2023\/11\/wp-1700001802578-1536x1152.jpg 1536w, https:\/\/tamaskan-vom-winterstein.de\/wp-content\/uploads\/2023\/11\/wp-1700001802578-80x60.jpg 80w, https:\/\/tamaskan-vom-winterstein.de\/wp-content\/uploads\/2023\/11\/wp-1700001802578.jpg 1600w\" sizes=\"(max-width: 1024px) 100vw, 1024px\" \/><\/figure>\n\n\n\n<figure class=\"wp-block-image\"><img loading=\"lazy\" decoding=\"async\" width=\"1200\" height=\"1600\" src=\"https:\/\/tamaskan-vom-winterstein.de\/wp-content\/uploads\/2023\/11\/wp-1700001802558.jpg\" alt=\"\" class=\"wp-image-1117\" srcset=\"https:\/\/tamaskan-vom-winterstein.de\/wp-content\/uploads\/2023\/11\/wp-1700001802558.jpg 1200w, https:\/\/tamaskan-vom-winterstein.de\/wp-content\/uploads\/2023\/11\/wp-1700001802558-225x300.jpg 225w, https:\/\/tamaskan-vom-winterstein.de\/wp-content\/uploads\/2023\/11\/wp-1700001802558-768x1024.jpg 768w, https:\/\/tamaskan-vom-winterstein.de\/wp-content\/uploads\/2023\/11\/wp-1700001802558-1152x1536.jpg 1152w, https:\/\/tamaskan-vom-winterstein.de\/wp-content\/uploads\/2023\/11\/wp-1700001802558-45x60.jpg 45w\" sizes=\"(max-width: 1200px) 100vw, 1200px\" \/><\/figure>\n\n\n\n<figure class=\"wp-block-image\"><img loading=\"lazy\" decoding=\"async\" width=\"1200\" height=\"1600\" src=\"https:\/\/tamaskan-vom-winterstein.de\/wp-content\/uploads\/2023\/11\/wp-1700001802567.jpg\" alt=\"\" class=\"wp-image-1116\" srcset=\"https:\/\/tamaskan-vom-winterstein.de\/wp-content\/uploads\/2023\/11\/wp-1700001802567.jpg 1200w, https:\/\/tamaskan-vom-winterstein.de\/wp-content\/uploads\/2023\/11\/wp-1700001802567-225x300.jpg 225w, https:\/\/tamaskan-vom-winterstein.de\/wp-content\/uploads\/2023\/11\/wp-1700001802567-768x1024.jpg 768w, https:\/\/tamaskan-vom-winterstein.de\/wp-content\/uploads\/2023\/11\/wp-1700001802567-1152x1536.jpg 1152w, https:\/\/tamaskan-vom-winterstein.de\/wp-content\/uploads\/2023\/11\/wp-1700001802567-45x60.jpg 45w\" sizes=\"(max-width: 1200px) 100vw, 1200px\" \/><\/figure>\n\n\n\n<figure class=\"wp-block-image\"><img loading=\"lazy\" decoding=\"async\" width=\"1200\" height=\"1600\" src=\"https:\/\/tamaskan-vom-winterstein.de\/wp-content\/uploads\/2023\/11\/wp-1700001802572.jpg\" alt=\"\" class=\"wp-image-1114\" srcset=\"https:\/\/tamaskan-vom-winterstein.de\/wp-content\/uploads\/2023\/11\/wp-1700001802572.jpg 1200w, https:\/\/tamaskan-vom-winterstein.de\/wp-content\/uploads\/2023\/11\/wp-1700001802572-225x300.jpg 225w, https:\/\/tamaskan-vom-winterstein.de\/wp-content\/uploads\/2023\/11\/wp-1700001802572-768x1024.jpg 768w, https:\/\/tamaskan-vom-winterstein.de\/wp-content\/uploads\/2023\/11\/wp-1700001802572-1152x1536.jpg 1152w, https:\/\/tamaskan-vom-winterstein.de\/wp-content\/uploads\/2023\/11\/wp-1700001802572-45x60.jpg 45w\" sizes=\"(max-width: 1200px) 100vw, 1200px\" \/><\/figure>\n","protected":false},"excerpt":{"rendered":"<p>Kater King kam 2005 zusammen mit seiner Schwester Queen im Alter von sechs Wochen in unsere Familie. Die beiden wurden von Antonia adoptiert. Sein Leben &hellip; <\/p>\n","protected":false},"author":2,"featured_media":0,"parent":0,"menu_order":0,"comment_status":"closed","ping_status":"closed","template":"","meta":{"footnotes":""},"_links":{"self":[{"href":"https:\/\/tamaskan-vom-winterstein.de\/index.php\/wp-json\/wp\/v2\/pages\/298"}],"collection":[{"href":"https:\/\/tamaskan-vom-winterstein.de\/index.php\/wp-json\/wp\/v2\/pages"}],"about":[{"href":"https:\/\/tamaskan-vom-winterstein.de\/index.php\/wp-json\/wp\/v2\/types\/page"}],"author":[{"embeddable":true,"href":"https:\/\/tamaskan-vom-winterstein.de\/index.php\/wp-json\/wp\/v2\/users\/2"}],"replies":[{"embeddable":true,"href":"https:\/\/tamaskan-vom-winterstein.de\/index.php\/wp-json\/wp\/v2\/comments?post=298"}],"version-history":[{"count":7,"href":"https:\/\/tamaskan-vom-winterstein.de\/index.php\/wp-json\/wp\/v2\/pages\/298\/revisions"}],"predecessor-version":[{"id":1344,"href":"https:\/\/tamaskan-vom-winterstein.de\/index.php\/wp-json\/wp\/v2\/pages\/298\/revisions\/1344"}],"wp:attachment":[{"href":"https:\/\/tamaskan-vom-winterstein.de\/index.php\/wp-json\/wp\/v2\/media?parent=298"}],"curies":[{"name":"wp","href":"https:\/\/api.w.org\/{rel}","templated":true}]}}