{"id":438,"date":"2019-10-12T11:46:20","date_gmt":"2019-10-12T09:46:20","guid":{"rendered":"http:\/\/tamaskan-vom-winterstein.de\/?page_id=438"},"modified":"2023-11-14T20:41:01","modified_gmt":"2023-11-14T19:41:01","slug":"wurfplanung-namida-und-loar-2020","status":"publish","type":"page","link":"https:\/\/tamaskan-vom-winterstein.de\/index.php\/wurfplanung-namida-und-loar-2020\/","title":{"rendered":"Wurfplanung Namida und Loar 2020"},"content":{"rendered":"<div class=\"wp-block-image\">\n<figure class=\"aligncenter\"><img loading=\"lazy\" decoding=\"async\" width=\"1065\" height=\"1344\" src=\"http:\/\/tamaskan-vom-winterstein.de\/wp-content\/uploads\/2020\/02\/Announcement-Namida-x-Loar.jpg\" alt=\"\" class=\"wp-image-493\" srcset=\"https:\/\/tamaskan-vom-winterstein.de\/wp-content\/uploads\/2020\/02\/Announcement-Namida-x-Loar.jpg 1065w, https:\/\/tamaskan-vom-winterstein.de\/wp-content\/uploads\/2020\/02\/Announcement-Namida-x-Loar-238x300.jpg 238w, https:\/\/tamaskan-vom-winterstein.de\/wp-content\/uploads\/2020\/02\/Announcement-Namida-x-Loar-768x969.jpg 768w, https:\/\/tamaskan-vom-winterstein.de\/wp-content\/uploads\/2020\/02\/Announcement-Namida-x-Loar-811x1024.jpg 811w\" sizes=\"(max-width: 1065px) 100vw, 1065px\" \/><\/figure><\/div>\n\n\n<p>Am 03.Oktober 2020 haben aus dieser Verpaarung 10 gesunde Welpen das Licht der Welt erblickt. 5 H\u00fcndinnen und 5 R\u00fcden. Die Welpen sind alle, wie erwartet, farbig und tragen kein reines Wei\u00df. Fast alle sind wolfsgrau mit helleren oder dunkleren Zeichnungen. Laut Embarktest haben alle 10 Welpen Null Prozent Wolfanteil. Unser Zuchtziel wurde somit voll und ganz erreicht.    Papiere hat der Wurf \u00fcber das Internationale Tamaskan Register&nbsp; (ITR) erhalten.<\/p>\n\n\n<div class=\"wp-block-image\">\n<figure class=\"aligncenter size-large\"><img loading=\"lazy\" decoding=\"async\" width=\"1024\" height=\"393\" src=\"http:\/\/tamaskan-vom-winterstein.de\/wp-content\/uploads\/2022\/01\/wp-1642764587938.jpg\" alt=\"\" class=\"wp-image-529\" srcset=\"https:\/\/tamaskan-vom-winterstein.de\/wp-content\/uploads\/2022\/01\/wp-1642764587938.jpg 1024w, https:\/\/tamaskan-vom-winterstein.de\/wp-content\/uploads\/2022\/01\/wp-1642764587938-300x115.jpg 300w, https:\/\/tamaskan-vom-winterstein.de\/wp-content\/uploads\/2022\/01\/wp-1642764587938-768x295.jpg 768w\" sizes=\"(max-width: 1024px) 100vw, 1024px\" \/><figcaption class=\"wp-element-caption\">Unsere Welpen 2020 im Alter von 4 Wochen (oben) und im Alter von 8 Wochen( unten)<\/figcaption><\/figure><\/div>\n\n\n<p><\/p>\n\n\n\n<p>Das Zuchtziel f\u00fcr einen Tamaskan ist einen Familienhund mit w\u00f6lfischem Aussehen und mit m\u00f6glichst geringem oder keinem Wolfanteil zu erhalten. Unsere Wahl des Deckr\u00fcden f\u00fcr unseren ersten Wurf fiel auf Loar. Er ist ein kerngesunder und absolut souver\u00e4ner R\u00fcde, der mit seinem sanften Charakter sehr gut zu Namida passt. Beide Tiere sind gut sozialisiert und familientauglich. <br \/><br \/><strong>Namida<\/strong> unser erster Tamaskan und Gr\u00fcndungsh\u00fcndin unserer Zucht Tamaskan vom Winterstein. Mehr \u00fcber Namida finden Sie hier. <a href=\"https:\/\/tamaskan-vom-winterstein.de\/index.php\/namida\/\" data-type=\"URL\" data-id=\"https:\/\/tamaskan-vom-winterstein.de\/index.php\/namida\/\">Lies mehr&#8230;<\/a><br \/><br \/><strong>Loar<\/strong> lebt mitten in Paris und l\u00e4uft dort \u00fcberwiegend ohne Leine.  Er h\u00f6rt aufs Wort, hat regelm\u00e4\u00dfig Kontakte in gr\u00f6\u00dferen Hundegruppen und kennt es, dass Gasthunde in sein zu Hause kommen. Er verf\u00fcgt \u00fcber eine hohe Gelehrigkeit und Sozialkompetenz und schlichtet durch seine Ruhe und Pr\u00e4senz Konflikte unter anderen Hunden. Aufgrund seines tollen Charakters wurde Loar von einer Institution f\u00fcr sehbehinderte Menschen in Frankreich als Vater eines Wurfes f\u00fcr k\u00fcnftige Assistenzhunde auserw\u00e4hlt. Die Kleinen wurden im Mai 2019 geboren, sie sind alle geeignet und befinden sich bereits in Ausbildung zum Assistenzhund f\u00fcr sehbehinderte und blinde Menschen. Von Loar hat Namida gelernt, in stressiger Umgebung Ruhe zu bewahren. Von Namida hat Loar gelernt ausgelassen zu spielen.<\/p>\n\n\n\n<p>Beide Tiere haben ihre Gesundheitstests erfolgreich abgeschlossen.<\/p>\n\n\n\n<ul>\n<li>Mehr zu erfahren \u00fcber Namida unter: <a href=\"http:\/\/www.tamaskan-database.com\/dog\/nashoba-van-wolfvoorde\">http:\/\/www.tamaskan-database.com\/dog\/nashoba-van-wolfvoorde\/<\/a><\/li>\n\n\n\n<li>Mehr \u00fcber Loar unter: <a href=\"https:\/\/www.tamaskandogregister.com\/stud\/loargann-bleizi-asgard\/\">https:\/\/www.tamaskandogregister.com\/stud\/loargann-bleizi-asgard\/<\/a><\/li>\n<\/ul>\n\n\n\n<h2 class=\"wp-block-heading\">Einige Bilder von Namida und Loar.<\/h2>\n\n\n\n<figure class=\"wp-block-gallery aligncenter has-nested-images columns-default is-cropped wp-block-gallery-1 is-layout-flex wp-block-gallery-is-layout-flex\">\n<figure class=\"wp-block-image size-large is-style-default\"><img loading=\"lazy\" decoding=\"async\" width=\"1024\" height=\"576\" data-id=\"206\" src=\"http:\/\/tamaskan-vom-winterstein.de\/wp-content\/uploads\/2019\/08\/19-08-20_Namida-x-Loar-Wurfank\u00fcndigung-1024x576.jpg\" alt=\"\" class=\"wp-image-206\" srcset=\"https:\/\/tamaskan-vom-winterstein.de\/wp-content\/uploads\/2019\/08\/19-08-20_Namida-x-Loar-Wurfank\u00fcndigung-1024x576.jpg 1024w, https:\/\/tamaskan-vom-winterstein.de\/wp-content\/uploads\/2019\/08\/19-08-20_Namida-x-Loar-Wurfank\u00fcndigung-300x169.jpg 300w, https:\/\/tamaskan-vom-winterstein.de\/wp-content\/uploads\/2019\/08\/19-08-20_Namida-x-Loar-Wurfank\u00fcndigung-768x432.jpg 768w\" sizes=\"(max-width: 1024px) 100vw, 1024px\" \/><\/figure>\n\n\n\n<figure class=\"wp-block-image\"><img loading=\"lazy\" decoding=\"async\" width=\"1024\" height=\"683\" data-id=\"276\" src=\"http:\/\/tamaskan-vom-winterstein.de\/wp-content\/uploads\/2019\/09\/IMG_8368-1024x683.jpg\" alt=\"\" class=\"wp-image-276\" srcset=\"https:\/\/tamaskan-vom-winterstein.de\/wp-content\/uploads\/2019\/09\/IMG_8368-1024x683.jpg 1024w, https:\/\/tamaskan-vom-winterstein.de\/wp-content\/uploads\/2019\/09\/IMG_8368-300x200.jpg 300w, https:\/\/tamaskan-vom-winterstein.de\/wp-content\/uploads\/2019\/09\/IMG_8368-768x512.jpg 768w, https:\/\/tamaskan-vom-winterstein.de\/wp-content\/uploads\/2019\/09\/IMG_8368.jpg 1152w\" sizes=\"(max-width: 1024px) 100vw, 1024px\" \/><\/figure>\n\n\n\n<figure class=\"wp-block-image\"><img loading=\"lazy\" decoding=\"async\" width=\"1024\" height=\"576\" data-id=\"474\" src=\"http:\/\/tamaskan-vom-winterstein.de\/wp-content\/uploads\/2019\/10\/IMG-20190826-WA0013-1024x576.jpg\" alt=\"\" class=\"wp-image-474\" srcset=\"https:\/\/tamaskan-vom-winterstein.de\/wp-content\/uploads\/2019\/10\/IMG-20190826-WA0013-1024x576.jpg 1024w, https:\/\/tamaskan-vom-winterstein.de\/wp-content\/uploads\/2019\/10\/IMG-20190826-WA0013-300x169.jpg 300w, https:\/\/tamaskan-vom-winterstein.de\/wp-content\/uploads\/2019\/10\/IMG-20190826-WA0013-768x432.jpg 768w, https:\/\/tamaskan-vom-winterstein.de\/wp-content\/uploads\/2019\/10\/IMG-20190826-WA0013.jpg 1600w\" sizes=\"(max-width: 1024px) 100vw, 1024px\" \/><\/figure>\n\n\n\n<figure class=\"wp-block-image\"><img loading=\"lazy\" decoding=\"async\" width=\"1024\" height=\"683\" data-id=\"279\" src=\"http:\/\/tamaskan-vom-winterstein.de\/wp-content\/uploads\/2019\/09\/IMG_8418-1024x683.jpg\" alt=\"\" class=\"wp-image-279\" srcset=\"https:\/\/tamaskan-vom-winterstein.de\/wp-content\/uploads\/2019\/09\/IMG_8418-1024x683.jpg 1024w, https:\/\/tamaskan-vom-winterstein.de\/wp-content\/uploads\/2019\/09\/IMG_8418-300x200.jpg 300w, https:\/\/tamaskan-vom-winterstein.de\/wp-content\/uploads\/2019\/09\/IMG_8418-768x512.jpg 768w, https:\/\/tamaskan-vom-winterstein.de\/wp-content\/uploads\/2019\/09\/IMG_8418.jpg 1152w\" sizes=\"(max-width: 1024px) 100vw, 1024px\" \/><\/figure>\n\n\n\n<figure class=\"wp-block-image\"><img loading=\"lazy\" decoding=\"async\" width=\"1024\" height=\"683\" data-id=\"280\" src=\"http:\/\/tamaskan-vom-winterstein.de\/wp-content\/uploads\/2019\/09\/IMG_8420-1024x683.jpg\" alt=\"\" class=\"wp-image-280\" srcset=\"https:\/\/tamaskan-vom-winterstein.de\/wp-content\/uploads\/2019\/09\/IMG_8420-1024x683.jpg 1024w, https:\/\/tamaskan-vom-winterstein.de\/wp-content\/uploads\/2019\/09\/IMG_8420-300x200.jpg 300w, https:\/\/tamaskan-vom-winterstein.de\/wp-content\/uploads\/2019\/09\/IMG_8420-768x512.jpg 768w, https:\/\/tamaskan-vom-winterstein.de\/wp-content\/uploads\/2019\/09\/IMG_8420.jpg 1152w\" sizes=\"(max-width: 1024px) 100vw, 1024px\" \/><\/figure>\n\n\n\n<figure class=\"wp-block-image\"><img loading=\"lazy\" decoding=\"async\" width=\"1024\" height=\"973\" data-id=\"475\" src=\"http:\/\/tamaskan-vom-winterstein.de\/wp-content\/uploads\/2019\/10\/20190110_174807-1024x973.jpg\" alt=\"\" class=\"wp-image-475\" srcset=\"https:\/\/tamaskan-vom-winterstein.de\/wp-content\/uploads\/2019\/10\/20190110_174807-1024x973.jpg 1024w, https:\/\/tamaskan-vom-winterstein.de\/wp-content\/uploads\/2019\/10\/20190110_174807-300x285.jpg 300w, https:\/\/tamaskan-vom-winterstein.de\/wp-content\/uploads\/2019\/10\/20190110_174807-768x730.jpg 768w, https:\/\/tamaskan-vom-winterstein.de\/wp-content\/uploads\/2019\/10\/20190110_174807.jpg 1751w\" sizes=\"(max-width: 1024px) 100vw, 1024px\" \/><\/figure>\n\n\n\n<figure class=\"wp-block-image\"><img loading=\"lazy\" decoding=\"async\" width=\"1024\" height=\"559\" data-id=\"473\" src=\"http:\/\/tamaskan-vom-winterstein.de\/wp-content\/uploads\/2019\/10\/20190818_232029-1024x559.jpg\" alt=\"\" class=\"wp-image-473\" srcset=\"https:\/\/tamaskan-vom-winterstein.de\/wp-content\/uploads\/2019\/10\/20190818_232029-1024x559.jpg 1024w, https:\/\/tamaskan-vom-winterstein.de\/wp-content\/uploads\/2019\/10\/20190818_232029-300x164.jpg 300w, https:\/\/tamaskan-vom-winterstein.de\/wp-content\/uploads\/2019\/10\/20190818_232029-768x420.jpg 768w, https:\/\/tamaskan-vom-winterstein.de\/wp-content\/uploads\/2019\/10\/20190818_232029.jpg 1080w\" sizes=\"(max-width: 1024px) 100vw, 1024px\" \/><\/figure>\n\n\n\n<figure class=\"wp-block-image\"><img loading=\"lazy\" decoding=\"async\" width=\"1024\" height=\"768\" data-id=\"472\" src=\"http:\/\/tamaskan-vom-winterstein.de\/wp-content\/uploads\/2019\/10\/IMG-20190824-WA0005-1024x768.jpg\" alt=\"\" class=\"wp-image-472\" srcset=\"https:\/\/tamaskan-vom-winterstein.de\/wp-content\/uploads\/2019\/10\/IMG-20190824-WA0005-1024x768.jpg 1024w, https:\/\/tamaskan-vom-winterstein.de\/wp-content\/uploads\/2019\/10\/IMG-20190824-WA0005-300x225.jpg 300w, https:\/\/tamaskan-vom-winterstein.de\/wp-content\/uploads\/2019\/10\/IMG-20190824-WA0005-768x576.jpg 768w, https:\/\/tamaskan-vom-winterstein.de\/wp-content\/uploads\/2019\/10\/IMG-20190824-WA0005.jpg 1600w\" sizes=\"(max-width: 1024px) 100vw, 1024px\" \/><\/figure>\n\n\n\n<figure class=\"wp-block-image\"><img loading=\"lazy\" decoding=\"async\" width=\"1024\" height=\"682\" data-id=\"84\" src=\"http:\/\/tamaskan-vom-winterstein.de\/wp-content\/uploads\/2019\/02\/8E7A9933-2_preview.jpeg-1024x682.jpg\" alt=\"\" class=\"wp-image-84\" srcset=\"https:\/\/tamaskan-vom-winterstein.de\/wp-content\/uploads\/2019\/02\/8E7A9933-2_preview.jpeg-1024x682.jpg 1024w, https:\/\/tamaskan-vom-winterstein.de\/wp-content\/uploads\/2019\/02\/8E7A9933-2_preview.jpeg-300x200.jpg 300w, https:\/\/tamaskan-vom-winterstein.de\/wp-content\/uploads\/2019\/02\/8E7A9933-2_preview.jpeg-768x512.jpg 768w, https:\/\/tamaskan-vom-winterstein.de\/wp-content\/uploads\/2019\/02\/8E7A9933-2_preview.jpeg.jpg 1600w\" sizes=\"(max-width: 1024px) 100vw, 1024px\" \/><\/figure>\n<\/figure>\n\n\n\n<h2 class=\"wp-block-heading\">Unser Mond-und Sternewurf kam am 03. Oktober 2020 zur Welt.<\/h2>\n\n\n\n<figure class=\"wp-block-gallery has-nested-images columns-default is-cropped wp-block-gallery-2 is-layout-flex wp-block-gallery-is-layout-flex\">\n<figure class=\"wp-block-image size-large is-style-default\"><img loading=\"lazy\" decoding=\"async\" width=\"768\" height=\"1024\" data-id=\"658\" src=\"http:\/\/tamaskan-vom-winterstein.de\/wp-content\/uploads\/2022\/03\/wp-1646577781517-768x1024.jpg\" alt=\"\" class=\"wp-image-658\" srcset=\"https:\/\/tamaskan-vom-winterstein.de\/wp-content\/uploads\/2022\/03\/wp-1646577781517-768x1024.jpg 768w, https:\/\/tamaskan-vom-winterstein.de\/wp-content\/uploads\/2022\/03\/wp-1646577781517-225x300.jpg 225w, https:\/\/tamaskan-vom-winterstein.de\/wp-content\/uploads\/2022\/03\/wp-1646577781517-1152x1536.jpg 1152w, https:\/\/tamaskan-vom-winterstein.de\/wp-content\/uploads\/2022\/03\/wp-1646577781517.jpg 1200w\" sizes=\"(max-width: 768px) 100vw, 768px\" \/><\/figure>\n\n\n\n<figure class=\"wp-block-image size-large is-style-default\"><img loading=\"lazy\" decoding=\"async\" width=\"1024\" height=\"768\" data-id=\"551\" src=\"http:\/\/tamaskan-vom-winterstein.de\/wp-content\/uploads\/2022\/01\/wp-1642764588130-1024x768.jpg\" alt=\"\" class=\"wp-image-551\" srcset=\"https:\/\/tamaskan-vom-winterstein.de\/wp-content\/uploads\/2022\/01\/wp-1642764588130-1024x768.jpg 1024w, https:\/\/tamaskan-vom-winterstein.de\/wp-content\/uploads\/2022\/01\/wp-1642764588130-300x225.jpg 300w, https:\/\/tamaskan-vom-winterstein.de\/wp-content\/uploads\/2022\/01\/wp-1642764588130-768x576.jpg 768w, https:\/\/tamaskan-vom-winterstein.de\/wp-content\/uploads\/2022\/01\/wp-1642764588130-1536x1152.jpg 1536w, https:\/\/tamaskan-vom-winterstein.de\/wp-content\/uploads\/2022\/01\/wp-1642764588130.jpg 1600w\" sizes=\"(max-width: 1024px) 100vw, 1024px\" \/><\/figure>\n\n\n\n<figure class=\"wp-block-image size-large is-style-default\"><img loading=\"lazy\" decoding=\"async\" width=\"1024\" height=\"768\" data-id=\"550\" src=\"http:\/\/tamaskan-vom-winterstein.de\/wp-content\/uploads\/2022\/01\/wp-1642764588120-1024x768.jpg\" alt=\"\" class=\"wp-image-550\" srcset=\"https:\/\/tamaskan-vom-winterstein.de\/wp-content\/uploads\/2022\/01\/wp-1642764588120-1024x768.jpg 1024w, https:\/\/tamaskan-vom-winterstein.de\/wp-content\/uploads\/2022\/01\/wp-1642764588120-300x225.jpg 300w, https:\/\/tamaskan-vom-winterstein.de\/wp-content\/uploads\/2022\/01\/wp-1642764588120-768x576.jpg 768w, https:\/\/tamaskan-vom-winterstein.de\/wp-content\/uploads\/2022\/01\/wp-1642764588120-1536x1152.jpg 1536w, https:\/\/tamaskan-vom-winterstein.de\/wp-content\/uploads\/2022\/01\/wp-1642764588120.jpg 1600w\" sizes=\"(max-width: 1024px) 100vw, 1024px\" \/><\/figure>\n\n\n\n<figure class=\"wp-block-image size-large is-style-default\"><img loading=\"lazy\" decoding=\"async\" width=\"1024\" height=\"768\" data-id=\"549\" src=\"http:\/\/tamaskan-vom-winterstein.de\/wp-content\/uploads\/2022\/01\/wp-1642764588096-1024x768.jpg\" alt=\"\" class=\"wp-image-549\" srcset=\"https:\/\/tamaskan-vom-winterstein.de\/wp-content\/uploads\/2022\/01\/wp-1642764588096-1024x768.jpg 1024w, https:\/\/tamaskan-vom-winterstein.de\/wp-content\/uploads\/2022\/01\/wp-1642764588096-300x225.jpg 300w, https:\/\/tamaskan-vom-winterstein.de\/wp-content\/uploads\/2022\/01\/wp-1642764588096-768x576.jpg 768w, https:\/\/tamaskan-vom-winterstein.de\/wp-content\/uploads\/2022\/01\/wp-1642764588096-1536x1152.jpg 1536w, https:\/\/tamaskan-vom-winterstein.de\/wp-content\/uploads\/2022\/01\/wp-1642764588096.jpg 1600w\" sizes=\"(max-width: 1024px) 100vw, 1024px\" \/><\/figure>\n\n\n\n<figure class=\"wp-block-image size-large is-style-default\"><img loading=\"lazy\" decoding=\"async\" width=\"1024\" height=\"768\" data-id=\"548\" src=\"http:\/\/tamaskan-vom-winterstein.de\/wp-content\/uploads\/2022\/01\/wp-1642764588111-1024x768.jpg\" alt=\"\" class=\"wp-image-548\" srcset=\"https:\/\/tamaskan-vom-winterstein.de\/wp-content\/uploads\/2022\/01\/wp-1642764588111-1024x768.jpg 1024w, https:\/\/tamaskan-vom-winterstein.de\/wp-content\/uploads\/2022\/01\/wp-1642764588111-300x225.jpg 300w, https:\/\/tamaskan-vom-winterstein.de\/wp-content\/uploads\/2022\/01\/wp-1642764588111-768x576.jpg 768w, https:\/\/tamaskan-vom-winterstein.de\/wp-content\/uploads\/2022\/01\/wp-1642764588111-1536x1152.jpg 1536w, https:\/\/tamaskan-vom-winterstein.de\/wp-content\/uploads\/2022\/01\/wp-1642764588111.jpg 1600w\" sizes=\"(max-width: 1024px) 100vw, 1024px\" \/><\/figure>\n\n\n\n<figure class=\"wp-block-image size-large is-style-default\"><img loading=\"lazy\" decoding=\"async\" width=\"1024\" height=\"768\" data-id=\"543\" src=\"http:\/\/tamaskan-vom-winterstein.de\/wp-content\/uploads\/2022\/01\/wp-1642764588068-1024x768.jpg\" alt=\"\" class=\"wp-image-543\" srcset=\"https:\/\/tamaskan-vom-winterstein.de\/wp-content\/uploads\/2022\/01\/wp-1642764588068-1024x768.jpg 1024w, https:\/\/tamaskan-vom-winterstein.de\/wp-content\/uploads\/2022\/01\/wp-1642764588068-300x225.jpg 300w, https:\/\/tamaskan-vom-winterstein.de\/wp-content\/uploads\/2022\/01\/wp-1642764588068-768x576.jpg 768w, https:\/\/tamaskan-vom-winterstein.de\/wp-content\/uploads\/2022\/01\/wp-1642764588068-1536x1152.jpg 1536w, https:\/\/tamaskan-vom-winterstein.de\/wp-content\/uploads\/2022\/01\/wp-1642764588068.jpg 1600w\" sizes=\"(max-width: 1024px) 100vw, 1024px\" \/><\/figure>\n\n\n\n<figure class=\"wp-block-image size-large is-style-default\"><img loading=\"lazy\" decoding=\"async\" width=\"1024\" height=\"768\" data-id=\"547\" src=\"http:\/\/tamaskan-vom-winterstein.de\/wp-content\/uploads\/2022\/01\/wp-1642764588103-1024x768.jpg\" alt=\"\" class=\"wp-image-547\" srcset=\"https:\/\/tamaskan-vom-winterstein.de\/wp-content\/uploads\/2022\/01\/wp-1642764588103-1024x768.jpg 1024w, https:\/\/tamaskan-vom-winterstein.de\/wp-content\/uploads\/2022\/01\/wp-1642764588103-300x225.jpg 300w, https:\/\/tamaskan-vom-winterstein.de\/wp-content\/uploads\/2022\/01\/wp-1642764588103-768x576.jpg 768w, https:\/\/tamaskan-vom-winterstein.de\/wp-content\/uploads\/2022\/01\/wp-1642764588103-1536x1152.jpg 1536w, https:\/\/tamaskan-vom-winterstein.de\/wp-content\/uploads\/2022\/01\/wp-1642764588103.jpg 1600w\" sizes=\"(max-width: 1024px) 100vw, 1024px\" \/><\/figure>\n\n\n\n<figure class=\"wp-block-image size-large is-style-default\"><img loading=\"lazy\" decoding=\"async\" width=\"1024\" height=\"768\" data-id=\"552\" src=\"http:\/\/tamaskan-vom-winterstein.de\/wp-content\/uploads\/2022\/01\/wp-1642764588139-1024x768.jpg\" alt=\"\" class=\"wp-image-552\" srcset=\"https:\/\/tamaskan-vom-winterstein.de\/wp-content\/uploads\/2022\/01\/wp-1642764588139-1024x768.jpg 1024w, https:\/\/tamaskan-vom-winterstein.de\/wp-content\/uploads\/2022\/01\/wp-1642764588139-300x225.jpg 300w, https:\/\/tamaskan-vom-winterstein.de\/wp-content\/uploads\/2022\/01\/wp-1642764588139-768x576.jpg 768w, https:\/\/tamaskan-vom-winterstein.de\/wp-content\/uploads\/2022\/01\/wp-1642764588139-1536x1152.jpg 1536w, https:\/\/tamaskan-vom-winterstein.de\/wp-content\/uploads\/2022\/01\/wp-1642764588139.jpg 1600w\" sizes=\"(max-width: 1024px) 100vw, 1024px\" \/><\/figure>\n\n\n\n<figure class=\"wp-block-image size-large is-style-default\"><img loading=\"lazy\" decoding=\"async\" width=\"1024\" height=\"768\" data-id=\"546\" src=\"http:\/\/tamaskan-vom-winterstein.de\/wp-content\/uploads\/2022\/01\/wp-1642764588088-1024x768.jpg\" alt=\"\" class=\"wp-image-546\" srcset=\"https:\/\/tamaskan-vom-winterstein.de\/wp-content\/uploads\/2022\/01\/wp-1642764588088-1024x768.jpg 1024w, https:\/\/tamaskan-vom-winterstein.de\/wp-content\/uploads\/2022\/01\/wp-1642764588088-300x225.jpg 300w, https:\/\/tamaskan-vom-winterstein.de\/wp-content\/uploads\/2022\/01\/wp-1642764588088-768x576.jpg 768w, https:\/\/tamaskan-vom-winterstein.de\/wp-content\/uploads\/2022\/01\/wp-1642764588088-1536x1152.jpg 1536w, https:\/\/tamaskan-vom-winterstein.de\/wp-content\/uploads\/2022\/01\/wp-1642764588088.jpg 1600w\" sizes=\"(max-width: 1024px) 100vw, 1024px\" \/><\/figure>\n<\/figure>\n","protected":false},"excerpt":{"rendered":"<p>Am 03.Oktober 2020 haben aus dieser Verpaarung 10 gesunde Welpen das Licht der Welt erblickt. 5 H\u00fcndinnen und 5 R\u00fcden. Die Welpen sind alle, wie &hellip; <\/p>\n","protected":false},"author":2,"featured_media":0,"parent":0,"menu_order":0,"comment_status":"closed","ping_status":"closed","template":"","meta":{"footnotes":""},"_links":{"self":[{"href":"https:\/\/tamaskan-vom-winterstein.de\/index.php\/wp-json\/wp\/v2\/pages\/438"}],"collection":[{"href":"https:\/\/tamaskan-vom-winterstein.de\/index.php\/wp-json\/wp\/v2\/pages"}],"about":[{"href":"https:\/\/tamaskan-vom-winterstein.de\/index.php\/wp-json\/wp\/v2\/types\/page"}],"author":[{"embeddable":true,"href":"https:\/\/tamaskan-vom-winterstein.de\/index.php\/wp-json\/wp\/v2\/users\/2"}],"replies":[{"embeddable":true,"href":"https:\/\/tamaskan-vom-winterstein.de\/index.php\/wp-json\/wp\/v2\/comments?post=438"}],"version-history":[{"count":2,"href":"https:\/\/tamaskan-vom-winterstein.de\/index.php\/wp-json\/wp\/v2\/pages\/438\/revisions"}],"predecessor-version":[{"id":1059,"href":"https:\/\/tamaskan-vom-winterstein.de\/index.php\/wp-json\/wp\/v2\/pages\/438\/revisions\/1059"}],"wp:attachment":[{"href":"https:\/\/tamaskan-vom-winterstein.de\/index.php\/wp-json\/wp\/v2\/media?parent=438"}],"curies":[{"name":"wp","href":"https:\/\/api.w.org\/{rel}","templated":true}]}}